{"id":3792,"date":"2020-11-07T09:11:58","date_gmt":"2020-11-07T09:11:58","guid":{"rendered":"https:\/\/trailer-center.shop\/?page_id=3792"},"modified":"2020-11-07T09:11:59","modified_gmt":"2020-11-07T09:11:59","slug":"chi-siamo","status":"publish","type":"page","link":"https:\/\/trailer-center.shop\/it\/chi-siamo\/","title":{"rendered":"Chi siamo"},"content":{"rendered":"\n<p><strong>Trailer Center UG (societ\u00e0 imprenditoriale a responsabilit\u00e0 limitata)<\/strong><\/p>\n\n\n\n<p><strong>Oberhinkofener Strasse 11<\/strong><br><strong>93083 Gebelkofen<\/strong><br><strong>Germania<\/strong><\/p>\n\n\n\n<p><strong>Telefono:<\/strong> +49 (0) 9453 &#8211; 3107320<br><strong>E-mail:<\/strong> info@trailer-center-shop.com<\/p>\n\n\n\n<p><strong>Amministratore delegato:<\/strong> Martin Stemerowitz<\/p>\n\n\n\n<p><strong>Registro delle imprese depositato presso il:<\/strong> Amtsgericht Regensburg<br><strong>Numero di registrazione:<\/strong> HRB 15733<\/p>\n\n\n\n<p>Numero partita IVA ai sensi dell\u2019art. 27 a della Legge tedesca sull\u2019IVA: DE 309704138<\/p>\n\n\n\n<p>Piattaforma della Commissione Europea per la risoluzione delle controversie: <a href=\"https:\/\/ec.europa.eu\/consumers\/odr\" target=\"_blank\" rel=\"noreferrer noopener\">https:\/\/ec.europa.eu\/consumers\/odr<\/a><\/p>\n\n\n\n<p><strong>Il venditore non \u00e8 n\u00e9 obbligato giuridicamente, n\u00e9 disposto a partecipare ad un procedimento di risoluzione delle controversie dinanzi ad un organo di conciliazione.<\/strong><\/p>\n","protected":false},"excerpt":{"rendered":"<p>Trailer Center UG (societ\u00e0 imprenditoriale a responsabilit\u00e0 limitata) Oberhinkofener Strasse 1193083 GebelkofenGermania Telefono: +49 (0) 9453 &#8211; 3107320E-mail: info@trailer-center-shop.com Amministratore delegato: Martin Stemerowitz Registro delle imprese depositato presso il: Amtsgericht RegensburgNumero di registrazione: HRB 15733 Numero partita IVA ai sensi dell\u2019art. 27 a della Legge tedesca sull\u2019IVA: DE 309704138 Piattaforma della Commissione Europea per la [&hellip;]<\/p>\n","protected":false},"author":1,"featured_media":0,"parent":0,"menu_order":0,"comment_status":"closed","ping_status":"closed","template":"","meta":{"footnotes":""},"class_list":["post-3792","page","type-page","status-publish","hentry"],"yoast_head":"<!-- This site is optimized with the Yoast SEO plugin v27.3 - https:\/\/yoast.com\/product\/yoast-seo-wordpress\/ -->\n<title>Chi siamo - Trailer Center Discount<\/title>\n<meta name=\"robots\" content=\"index, follow, max-snippet:-1, max-image-preview:large, max-video-preview:-1\" \/>\n<link rel=\"canonical\" href=\"https:\/\/trailer-center.shop\/it\/chi-siamo\/\" \/>\n<meta property=\"og:locale\" content=\"it_IT\" \/>\n<meta property=\"og:type\" content=\"article\" \/>\n<meta property=\"og:title\" content=\"Chi siamo - Trailer Center Discount\" \/>\n<meta property=\"og:description\" content=\"Trailer Center UG (societ\u00e0 imprenditoriale a responsabilit\u00e0 limitata) Oberhinkofener Strasse 1193083 GebelkofenGermania Telefono: +49 (0) 9453 &#8211; 3107320E-mail: info@trailer-center-shop.com Amministratore delegato: Martin Stemerowitz Registro delle imprese depositato presso il: Amtsgericht RegensburgNumero di registrazione: HRB 15733 Numero partita IVA ai sensi dell\u2019art. 27 a della Legge tedesca sull\u2019IVA: DE 309704138 Piattaforma della Commissione Europea per la [&hellip;]\" \/>\n<meta property=\"og:url\" content=\"https:\/\/trailer-center.shop\/it\/chi-siamo\/\" \/>\n<meta property=\"og:site_name\" content=\"Trailer Center Discount\" \/>\n<meta property=\"article:modified_time\" content=\"2020-11-07T09:11:59+00:00\" \/>\n<meta name=\"twitter:card\" content=\"summary_large_image\" \/>\n<script type=\"application\/ld+json\" class=\"yoast-schema-graph\">{\"@context\":\"https:\\\/\\\/schema.org\",\"@graph\":[{\"@type\":\"WebPage\",\"@id\":\"https:\\\/\\\/trailer-center.shop\\\/it\\\/chi-siamo\\\/\",\"url\":\"https:\\\/\\\/trailer-center.shop\\\/it\\\/chi-siamo\\\/\",\"name\":\"Chi siamo - Trailer Center Discount\",\"isPartOf\":{\"@id\":\"https:\\\/\\\/trailer-center.shop\\\/it\\\/#website\"},\"datePublished\":\"2020-11-07T09:11:58+00:00\",\"dateModified\":\"2020-11-07T09:11:59+00:00\",\"breadcrumb\":{\"@id\":\"https:\\\/\\\/trailer-center.shop\\\/it\\\/chi-siamo\\\/#breadcrumb\"},\"inLanguage\":\"it-IT\",\"potentialAction\":[{\"@type\":\"ReadAction\",\"target\":[\"https:\\\/\\\/trailer-center.shop\\\/it\\\/chi-siamo\\\/\"]}]},{\"@type\":\"BreadcrumbList\",\"@id\":\"https:\\\/\\\/trailer-center.shop\\\/it\\\/chi-siamo\\\/#breadcrumb\",\"itemListElement\":[{\"@type\":\"ListItem\",\"position\":1,\"name\":\"Startseite\",\"item\":\"https:\\\/\\\/trailer-center.shop\\\/it\\\/\"},{\"@type\":\"ListItem\",\"position\":2,\"name\":\"Chi siamo\"}]},{\"@type\":\"WebSite\",\"@id\":\"https:\\\/\\\/trailer-center.shop\\\/it\\\/#website\",\"url\":\"https:\\\/\\\/trailer-center.shop\\\/it\\\/\",\"name\":\"Trailer Center Discount\",\"description\":\"The world of Trailer parts\",\"potentialAction\":[{\"@type\":\"SearchAction\",\"target\":{\"@type\":\"EntryPoint\",\"urlTemplate\":\"https:\\\/\\\/trailer-center.shop\\\/it\\\/?s={search_term_string}\"},\"query-input\":{\"@type\":\"PropertyValueSpecification\",\"valueRequired\":true,\"valueName\":\"search_term_string\"}}],\"inLanguage\":\"it-IT\"}]}<\/script>\n<!-- \/ Yoast SEO plugin. -->","yoast_head_json":{"title":"Chi siamo - Trailer Center Discount","robots":{"index":"index","follow":"follow","max-snippet":"max-snippet:-1","max-image-preview":"max-image-preview:large","max-video-preview":"max-video-preview:-1"},"canonical":"https:\/\/trailer-center.shop\/it\/chi-siamo\/","og_locale":"it_IT","og_type":"article","og_title":"Chi siamo - Trailer Center Discount","og_description":"Trailer Center UG (societ\u00e0 imprenditoriale a responsabilit\u00e0 limitata) Oberhinkofener Strasse 1193083 GebelkofenGermania Telefono: +49 (0) 9453 &#8211; 3107320E-mail: info@trailer-center-shop.com Amministratore delegato: Martin Stemerowitz Registro delle imprese depositato presso il: Amtsgericht RegensburgNumero di registrazione: HRB 15733 Numero partita IVA ai sensi dell\u2019art. 27 a della Legge tedesca sull\u2019IVA: DE 309704138 Piattaforma della Commissione Europea per la [&hellip;]","og_url":"https:\/\/trailer-center.shop\/it\/chi-siamo\/","og_site_name":"Trailer Center Discount","article_modified_time":"2020-11-07T09:11:59+00:00","twitter_card":"summary_large_image","schema":{"@context":"https:\/\/schema.org","@graph":[{"@type":"WebPage","@id":"https:\/\/trailer-center.shop\/it\/chi-siamo\/","url":"https:\/\/trailer-center.shop\/it\/chi-siamo\/","name":"Chi siamo - Trailer Center Discount","isPartOf":{"@id":"https:\/\/trailer-center.shop\/it\/#website"},"datePublished":"2020-11-07T09:11:58+00:00","dateModified":"2020-11-07T09:11:59+00:00","breadcrumb":{"@id":"https:\/\/trailer-center.shop\/it\/chi-siamo\/#breadcrumb"},"inLanguage":"it-IT","potentialAction":[{"@type":"ReadAction","target":["https:\/\/trailer-center.shop\/it\/chi-siamo\/"]}]},{"@type":"BreadcrumbList","@id":"https:\/\/trailer-center.shop\/it\/chi-siamo\/#breadcrumb","itemListElement":[{"@type":"ListItem","position":1,"name":"Startseite","item":"https:\/\/trailer-center.shop\/it\/"},{"@type":"ListItem","position":2,"name":"Chi siamo"}]},{"@type":"WebSite","@id":"https:\/\/trailer-center.shop\/it\/#website","url":"https:\/\/trailer-center.shop\/it\/","name":"Trailer Center Discount","description":"The world of Trailer parts","potentialAction":[{"@type":"SearchAction","target":{"@type":"EntryPoint","urlTemplate":"https:\/\/trailer-center.shop\/it\/?s={search_term_string}"},"query-input":{"@type":"PropertyValueSpecification","valueRequired":true,"valueName":"search_term_string"}}],"inLanguage":"it-IT"}]}},"_links":{"self":[{"href":"https:\/\/trailer-center.shop\/it\/wp-json\/wp\/v2\/pages\/3792","targetHints":{"allow":["GET"]}}],"collection":[{"href":"https:\/\/trailer-center.shop\/it\/wp-json\/wp\/v2\/pages"}],"about":[{"href":"https:\/\/trailer-center.shop\/it\/wp-json\/wp\/v2\/types\/page"}],"author":[{"embeddable":true,"href":"https:\/\/trailer-center.shop\/it\/wp-json\/wp\/v2\/users\/1"}],"replies":[{"embeddable":true,"href":"https:\/\/trailer-center.shop\/it\/wp-json\/wp\/v2\/comments?post=3792"}],"version-history":[{"count":1,"href":"https:\/\/trailer-center.shop\/it\/wp-json\/wp\/v2\/pages\/3792\/revisions"}],"predecessor-version":[{"id":3793,"href":"https:\/\/trailer-center.shop\/it\/wp-json\/wp\/v2\/pages\/3792\/revisions\/3793"}],"wp:attachment":[{"href":"https:\/\/trailer-center.shop\/it\/wp-json\/wp\/v2\/media?parent=3792"}],"curies":[{"name":"wp","href":"https:\/\/api.w.org\/{rel}","templated":true}]}}