{"id":47524,"date":"2021-10-08T13:39:13","date_gmt":"2021-10-08T13:39:13","guid":{"rendered":"https:\/\/trailer-center.shop\/produkt\/essieu-plus-1800kg-non-freine-type-dessieu-1800-9\/"},"modified":"2021-10-08T14:11:46","modified_gmt":"2021-10-08T14:11:46","slug":"essieu-plus-1800kg-non-freine-type-dessieu-1800-9","status":"publish","type":"product","link":"https:\/\/trailer-center.shop\/fr\/produit\/essieu-plus-1800kg-non-freine-type-dessieu-1800-9\/","title":{"rendered":"Essieu PLUS 1800kg non frein\u00e9 type d&rsquo;essieu 1800-9"},"content":{"rendered":"<h1>Essieu PLUS 1800kg non frein&eacute; type d&rsquo;essieu 1800-9<\/p>\n<p><strong><a title=\"Mode d'emploi original pour essieu AL-KO type d'essieu 700-5\" href=\"https:\/\/trailer-center.shop\/64\" target=\"_blank\" rel=\"noopener\">Mode d&#8217;emploi original<\/a><\/strong><br \/><strong><a title=\"Liste des pi&egrave;ces d&eacute;tach&eacute;es 811628\" href=\"https:\/\/trailer-center.shop\/106\" target=\"_blank\" rel=\"noopener\">Num&eacute;ro d&rsquo;identification des pi&egrave;ces d&eacute;tach&eacute;es (ETI) 811628<\/a><\/strong><\/p>\n<p><strong>TECHNIQUE<\/strong><br \/>Mod&egrave;le : PLUS<br \/>Type d&rsquo;essieu : 1800-9 PLUS<br \/>Charge &agrave; l&rsquo;essieu : 1800kg<br \/><strong><a title=\"D&eacute;finition du per&ccedil;age d'un tambour\" href=\"https:\/\/trailer-center.shop\/108\" target=\"_blank\" rel=\"noopener\">Per&ccedil;age :<\/a><\/strong> 112&#215;5<br \/>Suspension : Suspension hexagonale caoutchouc<br \/>Longueur du tourillon : 175mm<br \/>Roulement : Roulement compact<br \/>Trou central jante : mini 66,5mm<\/p>\n<p><strong>CONTENU DE LA LIVRAISON<\/strong><br \/>Essieu<br \/>Vis de roue en vrac<br \/>Mode d&#8217;emploi<\/p>\n<p><strong>TRAITEMENT DE SURFACE<\/strong><br \/>Corps d&rsquo;essieu galvanis&eacute;<\/p>\n<p><a title=\"AL-KO essieu PLUS 1800kg non frein&eacute; type d'essieu 1800-9\" href=\"https:\/\/trailer-center.shop\/160\" target=\"_blank\" rel=\"noopener\"><strong>Ici, vous trouvez la page de catalogue sous forme de t&eacute;l&eacute;chargement pratique en format PDF.<\/strong><\/a><a title=\"AL-KO essieu BASIC 1000kg non frein&eacute; type d'essieu UBR 850-10\" href=\"https:\/\/trailer-center.shop\/153\" target=\"_blank\" rel=\"noopener\"><strong><br \/><\/strong><\/a><strong>Vous pouvez &eacute;galement saisir le code article issu du catalogue en tant que terme de recherche dans notre boutique.<\/strong><\/p>\n<p><strong>C&rsquo;est avec plaisir que nous effectuons le travail pour vous !!! Envoyez-nous simplement une photo de votre plaque signal&eacute;tique &agrave; info@trailer-center.shop et nous vous faisons parvenir une offre GRATUITEMENT ET SANS ENGAGEMENT. Nous avons tous les fabricants d&rsquo;essieux en stock.<\/strong><\/p>\n<\/h1>\n","protected":false},"excerpt":{"rendered":"<p>Essieu PLUS 1800kg non frein&eacute; type d&rsquo;essieu 1800-9 Mode d&#8217;emploi originalNum&eacute;ro d&rsquo;identification des pi&egrave;ces d&eacute;tach&eacute;es (ETI) 811628 TECHNIQUEMod&egrave;le : PLUSType d&rsquo;essieu : 1800-9 PLUSCharge &agrave; l&rsquo;essieu : 1800kgPer&ccedil;age : 112&#215;5Suspension : Suspension hexagonale caoutchoucLongueur du tourillon : 175mmRoulement : Roulement compactTrou central jante : mini 66,5mm CONTENU DE LA LIVRAISONEssieuVis de roue en vracMode d&#8217;emploi [&hellip;]<\/p>\n","protected":false},"featured_media":30180,"comment_status":"open","ping_status":"open","template":"","meta":[],"product_brand":[],"product_cat":[113,3910,3909,114,3908],"product_tag":[1507,1508,1509,1510,1511],"class_list":{"0":"post-47524","1":"product","2":"type-product","3":"status-publish","4":"has-post-thumbnail","6":"product_cat-element-du-chassis","7":"product_cat-essieux-non-freines","8":"product_cat-essieux-non-freines-accessoires","9":"product_cat-element-du-chassis-al-ko","10":"product_cat-essieux","11":"product_tag-alko-achse-1800-9","12":"product_tag-alko-assale-1800-9","13":"product_tag-alko-axle-1800-9","14":"product_tag-alko-eje-1800-9","15":"product_tag-alko-essieu-1800-9","16":"pa_anlage-in-mm-mas-c-3860","17":"pa_anlage-in-mm-mas-c-3861","18":"pa_anlage-in-mm-mas-c-3896","19":"pa_anlage-in-mm-mas-c-3901","20":"pa_anlage-in-mm-mas-c-3902","21":"pa_anlage-in-mm-mas-c-3867","22":"pa_anlage-in-mm-mas-c-3868","23":"pa_anlage-in-mm-mas-c-3871","24":"pa_anlage-in-mm-mas-c-3903","25":"pa_anlage-in-mm-mas-c-3897","26":"pa_anlage-in-mm-mas-c-3904","27":"pa_anlage-in-mm-mas-c-3875","28":"pa_anlage-in-mm-mas-c-3876","29":"pa_anlage-in-mm-mas-c-3877","30":"pa_anlage-in-mm-mas-c-3879","31":"pa_anlage-in-mm-mas-c-3840","32":"pa_anlage-in-mm-mas-c-3898","33":"pa_anlage-in-mm-mas-c-3842","34":"pa_anlage-in-mm-mas-c-3899","35":"pa_anlage-in-mm-mas-c-3905","36":"pa_anlage-in-mm-mas-c-3906","37":"pa_anlage-in-mm-mas-c-3886","38":"pa_anlage-in-mm-mas-c-3887","39":"pa_anlage-in-mm-mas-c-3888","40":"pa_anlage-in-mm-mas-c-3890","41":"pa_auflage-in-mm-mas-a-3815","42":"pa_auflage-in-mm-mas-a-3862","43":"pa_auflage-in-mm-mas-a-3864","44":"pa_auflage-in-mm-mas-a-3819","45":"pa_auflage-in-mm-mas-a-3821","46":"pa_auflage-in-mm-mas-a-3823","47":"pa_auflage-in-mm-mas-a-3869","48":"pa_auflage-in-mm-mas-a-3825","49":"pa_auflage-in-mm-mas-a-3872","50":"pa_auflage-in-mm-mas-a-3829","51":"pa_auflage-in-mm-mas-a-3831","52":"pa_auflage-in-mm-mas-a-3833","53":"pa_auflage-in-mm-mas-a-3835","54":"pa_auflage-in-mm-mas-a-3878","55":"pa_auflage-in-mm-mas-a-3837","56":"pa_auflage-in-mm-mas-a-3880","57":"pa_auflage-in-mm-mas-a-3839","58":"pa_auflage-in-mm-mas-a-3881","59":"pa_auflage-in-mm-mas-a-3883","60":"pa_auflage-in-mm-mas-a-3843","61":"pa_auflage-in-mm-mas-a-3845","62":"pa_auflage-in-mm-mas-a-3847","63":"pa_auflage-in-mm-mas-a-3849","64":"pa_auflage-in-mm-mas-a-3811","65":"pa_auflage-in-mm-mas-a-3813","67":"first","68":"onbackorder","69":"taxable","70":"shipping-taxable","71":"purchasable","72":"product-type-variable"},"yoast_head":"<!-- This site is optimized with the Yoast SEO plugin v27.5 - https:\/\/yoast.com\/product\/yoast-seo-wordpress\/ -->\n<title>Essieu PLUS 1800kg non frein\u00e9 type d&#039;essieu 1800-9<\/title>\n<meta name=\"description\" content=\"EAB : cote A 900mm, VOIE : cote C 1400mm, per\u00e7age 112x5, d\u00e9port (ET) 27-33mm, colonnette ruote a sfera M12x1.5, suspension hexagonale caoutchouc, longueur du...\" \/>\n<meta name=\"robots\" content=\"index, follow, max-snippet:-1, max-image-preview:large, max-video-preview:-1\" \/>\n<link rel=\"canonical\" href=\"https:\/\/trailer-center.shop\/fr\/produit\/essieu-plus-1800kg-non-freine-type-dessieu-1800-9\/\" \/>\n<meta property=\"og:locale\" content=\"fr_FR\" \/>\n<meta property=\"og:type\" content=\"article\" \/>\n<meta property=\"og:title\" content=\"Essieu PLUS 1800kg non frein\u00e9 type d&#039;essieu 1800-9\" \/>\n<meta property=\"og:description\" content=\"EAB : cote A 900mm, VOIE : cote C 1400mm, per\u00e7age 112x5, d\u00e9port (ET) 27-33mm, colonnette ruote a sfera M12x1.5, suspension hexagonale caoutchouc, longueur du...\" \/>\n<meta property=\"og:url\" content=\"https:\/\/trailer-center.shop\/fr\/produit\/essieu-plus-1800kg-non-freine-type-dessieu-1800-9\/\" \/>\n<meta property=\"og:site_name\" content=\"Trailer Center Discount\" \/>\n<meta property=\"article:modified_time\" content=\"2021-10-08T14:11:46+00:00\" \/>\n<meta property=\"og:image\" content=\"https:\/\/trailer-center.shop\/wp-content\/uploads\/2021\/07\/alko-1800-9-plus.jpg\" \/>\n\t<meta property=\"og:image:width\" content=\"1024\" \/>\n\t<meta property=\"og:image:height\" content=\"1024\" \/>\n\t<meta property=\"og:image:type\" content=\"image\/jpeg\" \/>\n<meta name=\"twitter:card\" content=\"summary_large_image\" \/>\n<meta name=\"twitter:label1\" content=\"Dur\u00e9e de lecture estim\u00e9e\" \/>\n\t<meta name=\"twitter:data1\" content=\"1 minute\" \/>\n<script type=\"application\/ld+json\" class=\"yoast-schema-graph\">{\"@context\":\"https:\\\/\\\/schema.org\",\"@graph\":[{\"@type\":\"WebPage\",\"@id\":\"https:\\\/\\\/trailer-center.shop\\\/fr\\\/produit\\\/essieu-plus-1800kg-non-freine-type-dessieu-1800-9\\\/\",\"url\":\"https:\\\/\\\/trailer-center.shop\\\/fr\\\/produit\\\/essieu-plus-1800kg-non-freine-type-dessieu-1800-9\\\/\",\"name\":\"Essieu PLUS 1800kg non frein\u00e9 type d'essieu 1800-9\",\"isPartOf\":{\"@id\":\"https:\\\/\\\/trailer-center.shop\\\/fr\\\/#website\"},\"primaryImageOfPage\":{\"@id\":\"https:\\\/\\\/trailer-center.shop\\\/fr\\\/produit\\\/essieu-plus-1800kg-non-freine-type-dessieu-1800-9\\\/#primaryimage\"},\"image\":{\"@id\":\"https:\\\/\\\/trailer-center.shop\\\/fr\\\/produit\\\/essieu-plus-1800kg-non-freine-type-dessieu-1800-9\\\/#primaryimage\"},\"thumbnailUrl\":\"https:\\\/\\\/trailer-center.shop\\\/wp-content\\\/uploads\\\/2021\\\/07\\\/alko-1800-9-plus.jpg\",\"datePublished\":\"2021-10-08T13:39:13+00:00\",\"dateModified\":\"2021-10-08T14:11:46+00:00\",\"description\":\"EAB : cote A 900mm, VOIE : cote C 1400mm, per\u00e7age 112x5, d\u00e9port (ET) 27-33mm, colonnette ruote a sfera M12x1.5, suspension hexagonale caoutchouc, longueur du...\",\"breadcrumb\":{\"@id\":\"https:\\\/\\\/trailer-center.shop\\\/fr\\\/produit\\\/essieu-plus-1800kg-non-freine-type-dessieu-1800-9\\\/#breadcrumb\"},\"inLanguage\":\"fr-FR\",\"potentialAction\":[{\"@type\":\"ReadAction\",\"target\":[\"https:\\\/\\\/trailer-center.shop\\\/fr\\\/produit\\\/essieu-plus-1800kg-non-freine-type-dessieu-1800-9\\\/\"]}]},{\"@type\":\"ImageObject\",\"inLanguage\":\"fr-FR\",\"@id\":\"https:\\\/\\\/trailer-center.shop\\\/fr\\\/produit\\\/essieu-plus-1800kg-non-freine-type-dessieu-1800-9\\\/#primaryimage\",\"url\":\"https:\\\/\\\/trailer-center.shop\\\/wp-content\\\/uploads\\\/2021\\\/07\\\/alko-1800-9-plus.jpg\",\"contentUrl\":\"https:\\\/\\\/trailer-center.shop\\\/wp-content\\\/uploads\\\/2021\\\/07\\\/alko-1800-9-plus.jpg\",\"width\":1024,\"height\":1024},{\"@type\":\"BreadcrumbList\",\"@id\":\"https:\\\/\\\/trailer-center.shop\\\/fr\\\/produit\\\/essieu-plus-1800kg-non-freine-type-dessieu-1800-9\\\/#breadcrumb\",\"itemListElement\":[{\"@type\":\"ListItem\",\"position\":1,\"name\":\"Startseite\",\"item\":\"https:\\\/\\\/trailer-center.shop\\\/fr\\\/\"},{\"@type\":\"ListItem\",\"position\":2,\"name\":\"Shop\",\"item\":\"https:\\\/\\\/trailer-center.shop\\\/shop\\\/\"},{\"@type\":\"ListItem\",\"position\":3,\"name\":\"Essieu PLUS 1800kg non frein\u00e9 type d&#8217;essieu 1800-9\"}]},{\"@type\":\"WebSite\",\"@id\":\"https:\\\/\\\/trailer-center.shop\\\/fr\\\/#website\",\"url\":\"https:\\\/\\\/trailer-center.shop\\\/fr\\\/\",\"name\":\"Trailer Center Discount\",\"description\":\"The world of Trailer parts\",\"potentialAction\":[{\"@type\":\"SearchAction\",\"target\":{\"@type\":\"EntryPoint\",\"urlTemplate\":\"https:\\\/\\\/trailer-center.shop\\\/fr\\\/?s={search_term_string}\"},\"query-input\":{\"@type\":\"PropertyValueSpecification\",\"valueRequired\":true,\"valueName\":\"search_term_string\"}}],\"inLanguage\":\"fr-FR\"}]}<\/script>\n<!-- \/ Yoast SEO plugin. -->","yoast_head_json":{"title":"Essieu PLUS 1800kg non frein\u00e9 type d'essieu 1800-9","description":"EAB : cote A 900mm, VOIE : cote C 1400mm, per\u00e7age 112x5, d\u00e9port (ET) 27-33mm, colonnette ruote a sfera M12x1.5, suspension hexagonale caoutchouc, longueur du...","robots":{"index":"index","follow":"follow","max-snippet":"max-snippet:-1","max-image-preview":"max-image-preview:large","max-video-preview":"max-video-preview:-1"},"canonical":"https:\/\/trailer-center.shop\/fr\/produit\/essieu-plus-1800kg-non-freine-type-dessieu-1800-9\/","og_locale":"fr_FR","og_type":"article","og_title":"Essieu PLUS 1800kg non frein\u00e9 type d'essieu 1800-9","og_description":"EAB : cote A 900mm, VOIE : cote C 1400mm, per\u00e7age 112x5, d\u00e9port (ET) 27-33mm, colonnette ruote a sfera M12x1.5, suspension hexagonale caoutchouc, longueur du...","og_url":"https:\/\/trailer-center.shop\/fr\/produit\/essieu-plus-1800kg-non-freine-type-dessieu-1800-9\/","og_site_name":"Trailer Center Discount","article_modified_time":"2021-10-08T14:11:46+00:00","og_image":[{"width":1024,"height":1024,"url":"https:\/\/trailer-center.shop\/wp-content\/uploads\/2021\/07\/alko-1800-9-plus.jpg","type":"image\/jpeg"}],"twitter_card":"summary_large_image","twitter_misc":{"Dur\u00e9e de lecture estim\u00e9e":"1 minute"},"schema":{"@context":"https:\/\/schema.org","@graph":[{"@type":"WebPage","@id":"https:\/\/trailer-center.shop\/fr\/produit\/essieu-plus-1800kg-non-freine-type-dessieu-1800-9\/","url":"https:\/\/trailer-center.shop\/fr\/produit\/essieu-plus-1800kg-non-freine-type-dessieu-1800-9\/","name":"Essieu PLUS 1800kg non frein\u00e9 type d'essieu 1800-9","isPartOf":{"@id":"https:\/\/trailer-center.shop\/fr\/#website"},"primaryImageOfPage":{"@id":"https:\/\/trailer-center.shop\/fr\/produit\/essieu-plus-1800kg-non-freine-type-dessieu-1800-9\/#primaryimage"},"image":{"@id":"https:\/\/trailer-center.shop\/fr\/produit\/essieu-plus-1800kg-non-freine-type-dessieu-1800-9\/#primaryimage"},"thumbnailUrl":"https:\/\/trailer-center.shop\/wp-content\/uploads\/2021\/07\/alko-1800-9-plus.jpg","datePublished":"2021-10-08T13:39:13+00:00","dateModified":"2021-10-08T14:11:46+00:00","description":"EAB : cote A 900mm, VOIE : cote C 1400mm, per\u00e7age 112x5, d\u00e9port (ET) 27-33mm, colonnette ruote a sfera M12x1.5, suspension hexagonale caoutchouc, longueur du...","breadcrumb":{"@id":"https:\/\/trailer-center.shop\/fr\/produit\/essieu-plus-1800kg-non-freine-type-dessieu-1800-9\/#breadcrumb"},"inLanguage":"fr-FR","potentialAction":[{"@type":"ReadAction","target":["https:\/\/trailer-center.shop\/fr\/produit\/essieu-plus-1800kg-non-freine-type-dessieu-1800-9\/"]}]},{"@type":"ImageObject","inLanguage":"fr-FR","@id":"https:\/\/trailer-center.shop\/fr\/produit\/essieu-plus-1800kg-non-freine-type-dessieu-1800-9\/#primaryimage","url":"https:\/\/trailer-center.shop\/wp-content\/uploads\/2021\/07\/alko-1800-9-plus.jpg","contentUrl":"https:\/\/trailer-center.shop\/wp-content\/uploads\/2021\/07\/alko-1800-9-plus.jpg","width":1024,"height":1024},{"@type":"BreadcrumbList","@id":"https:\/\/trailer-center.shop\/fr\/produit\/essieu-plus-1800kg-non-freine-type-dessieu-1800-9\/#breadcrumb","itemListElement":[{"@type":"ListItem","position":1,"name":"Startseite","item":"https:\/\/trailer-center.shop\/fr\/"},{"@type":"ListItem","position":2,"name":"Shop","item":"https:\/\/trailer-center.shop\/shop\/"},{"@type":"ListItem","position":3,"name":"Essieu PLUS 1800kg non frein\u00e9 type d&#8217;essieu 1800-9"}]},{"@type":"WebSite","@id":"https:\/\/trailer-center.shop\/fr\/#website","url":"https:\/\/trailer-center.shop\/fr\/","name":"Trailer Center Discount","description":"The world of Trailer parts","potentialAction":[{"@type":"SearchAction","target":{"@type":"EntryPoint","urlTemplate":"https:\/\/trailer-center.shop\/fr\/?s={search_term_string}"},"query-input":{"@type":"PropertyValueSpecification","valueRequired":true,"valueName":"search_term_string"}}],"inLanguage":"fr-FR"}]}},"_links":{"self":[{"href":"https:\/\/trailer-center.shop\/fr\/wp-json\/wp\/v2\/product\/47524","targetHints":{"allow":["GET"]}}],"collection":[{"href":"https:\/\/trailer-center.shop\/fr\/wp-json\/wp\/v2\/product"}],"about":[{"href":"https:\/\/trailer-center.shop\/fr\/wp-json\/wp\/v2\/types\/product"}],"replies":[{"embeddable":true,"href":"https:\/\/trailer-center.shop\/fr\/wp-json\/wp\/v2\/comments?post=47524"}],"wp:featuredmedia":[{"embeddable":true,"href":"https:\/\/trailer-center.shop\/fr\/wp-json\/wp\/v2\/media\/30180"}],"wp:attachment":[{"href":"https:\/\/trailer-center.shop\/fr\/wp-json\/wp\/v2\/media?parent=47524"}],"wp:term":[{"taxonomy":"product_brand","embeddable":true,"href":"https:\/\/trailer-center.shop\/fr\/wp-json\/wp\/v2\/product_brand?post=47524"},{"taxonomy":"product_cat","embeddable":true,"href":"https:\/\/trailer-center.shop\/fr\/wp-json\/wp\/v2\/product_cat?post=47524"},{"taxonomy":"product_tag","embeddable":true,"href":"https:\/\/trailer-center.shop\/fr\/wp-json\/wp\/v2\/product_tag?post=47524"}],"curies":[{"name":"wp","href":"https:\/\/api.w.org\/{rel}","templated":true}]}}