{"id":47498,"date":"2021-10-08T13:36:34","date_gmt":"2021-10-08T13:36:34","guid":{"rendered":"https:\/\/trailer-center.shop\/produkt\/essieu-plus-droit-non-freine-1800kg-type-dessieu-ls-1800\/"},"modified":"2021-10-08T13:39:20","modified_gmt":"2021-10-08T13:39:20","slug":"essieu-plus-droit-non-freine-1800kg-type-dessieu-ls-1800","status":"publish","type":"product","link":"https:\/\/trailer-center.shop\/fr\/produit\/essieu-plus-droit-non-freine-1800kg-type-dessieu-ls-1800\/","title":{"rendered":"Essieu PLUS droit non frein\u00e9 1800kg type d&rsquo;essieu LS 1800"},"content":{"rendered":"<h1>Essieu PLUS droit non frein&eacute; 1800kg type d&rsquo;essieu LS 1800<\/p>\n<p><strong><a title=\"Liste des pi&egrave;ces d&eacute;tach&eacute;es 811659\" href=\"https:\/\/trailer-center.shop\/104\" target=\"_blank\" rel=\"noopener\">Num&eacute;ro d&rsquo;identification des pi&egrave;ces d&eacute;tach&eacute;es (ETI) 811659<\/a><\/strong><\/p>\n<p><strong>D&eacute;port (ET)<\/strong> 27-33mm<br \/><strong>B :<\/strong> Al&eacute;sage pour axe de centrage autoris&eacute; uniquement en haut pour des raisons de solidit&eacute; !<br \/><strong>D :<\/strong> Corps d&rsquo;essieu 70x5mm<br \/><strong>E :<\/strong> Couple de serrage de la vis M12x80-10.9 DIN 931: 140 +- 5 Nm<br \/><strong>F :<\/strong> Attention : Position du cordon de soudure du corps carr&eacute; &agrave; l&rsquo;arri&egrave;re dans le sens de la marche ! Monter le fraisage de la fus&eacute;e en direction du cordon de soudure du corps carr&eacute; !<br \/><strong>G :<\/strong> Sens de la marche<strong><br \/><\/strong><\/p>\n<p><strong>TECHNIQUE<\/strong><br \/>Mod&egrave;le : PLUS<br \/>Type d&rsquo;essieu : LS 1800<br \/>Charge &agrave; l&rsquo;essieu : 1800kg<br \/><strong><a title=\"D&eacute;finition du per&ccedil;age d'un tambour\" href=\"https:\/\/trailer-center.shop\/108\" target=\"_blank\" rel=\"noopener\">Per&ccedil;age :<\/a><\/strong> 112&#215;5 &#8211; M12x1.5<\/p>\n<p><a title=\" AL-KO notice de montage essieu droit\" href=\"https:\/\/trailer-center.shop\/98\" target=\"_blank\" rel=\"noopener\"><strong>Tenir compte des directives de carrossage!<\/strong><\/a><\/p>\n<p><strong>CONTENU DE LA LIVRAISON<\/strong><br \/>Essieu<br \/>Vis de roue en vrac<\/p>\n<p><strong>TRAITEMENT DE SURFACE<\/strong><br \/>Corps d&rsquo;essieu galvanis&eacute;<\/p>\n<p><strong>ACCESSOIRES<\/strong><br \/><a title=\"Accessoires pour essieux droits non frein&eacute;s\" href=\"https:\/\/trailer-center.shop\/156\"><strong>voir les pages suivantes<\/strong><\/a><\/p>\n<p><a title=\"AL-KO essieu PLUS droit non frein&eacute; 1800kg type d'essieu LS 1800\" href=\"https:\/\/trailer-center.shop\/159\" target=\"_blank\" rel=\"noopener\"><strong>Ici, vous trouvez la page de catalogue sous forme de t&eacute;l&eacute;chargement pratique en format PDF.<\/strong><\/a><br \/><strong>Vous pouvez &eacute;galement saisir le code article issu du catalogue en tant que terme de recherche dans notre boutique.<\/strong><\/p>\n<p><strong>C&rsquo;est avec plaisir que nous effectuons le travail pour vous !!! Envoyez-nous simplement une photo de votre plaque signal&eacute;tique &agrave; info@trailer-center.shop et nous vous faisons parvenir une offre GRATUITEMENT ET SANS ENGAGEMENT. Nous avons tous les fabricants d&rsquo;essieux en stock.<\/strong><\/p>\n<\/h1>\n","protected":false},"excerpt":{"rendered":"<p>Essieu PLUS droit non frein&eacute; 1800kg type d&rsquo;essieu LS 1800 Num&eacute;ro d&rsquo;identification des pi&egrave;ces d&eacute;tach&eacute;es (ETI) 811659 D&eacute;port (ET) 27-33mmB : Al&eacute;sage pour axe de centrage autoris&eacute; uniquement en haut pour des raisons de solidit&eacute; !D : Corps d&rsquo;essieu 70x5mmE : Couple de serrage de la vis M12x80-10.9 DIN 931: 140 +- 5 NmF : [&hellip;]<\/p>\n","protected":false},"featured_media":30150,"comment_status":"open","ping_status":"open","template":"","meta":[],"product_brand":[],"product_cat":[113,3912,3909,114,3908],"product_tag":[1502,1503,1504,1505,1506],"class_list":{"0":"post-47498","1":"product","2":"type-product","3":"status-publish","4":"has-post-thumbnail","6":"product_cat-element-du-chassis","7":"product_cat-essieu-droit-non-freine-a-ressort-a-lames","8":"product_cat-essieux-non-freines-accessoires","9":"product_cat-element-du-chassis-al-ko","10":"product_cat-essieux","11":"product_tag-alko-achse-ls1800","12":"product_tag-alko-assale-ls1800","13":"product_tag-alko-axle-ls1800","14":"product_tag-alko-eje-ls1800","15":"product_tag-alko-essieu-ls1800","16":"pa_anlage-in-mm-mas-c-3856","17":"pa_anlage-in-mm-mas-c-3857","18":"pa_anlage-in-mm-mas-c-3858","19":"pa_anlage-in-mm-mas-c-3859","20":"pa_anlage-in-mm-mas-c-3860","21":"pa_anlage-in-mm-mas-c-3861","22":"pa_anlage-in-mm-mas-c-3896","23":"pa_anlage-in-mm-mas-c-3866","24":"pa_anlage-in-mm-mas-c-3867","25":"pa_anlage-in-mm-mas-c-3868","26":"pa_anlage-in-mm-mas-c-3871","27":"pa_anlage-in-mm-mas-c-3897","28":"pa_anlage-in-mm-mas-c-3874","29":"pa_anlage-in-mm-mas-c-3875","30":"pa_anlage-in-mm-mas-c-3876","31":"pa_anlage-in-mm-mas-c-3877","32":"pa_anlage-in-mm-mas-c-3879","33":"pa_anlage-in-mm-mas-c-3898","34":"pa_anlage-in-mm-mas-c-3899","35":"pa_anlage-in-mm-mas-c-3885","36":"pa_anlage-in-mm-mas-c-3886","37":"pa_anlage-in-mm-mas-c-3887","38":"pa_anlage-in-mm-mas-c-3888","39":"pa_anlage-in-mm-mas-c-3890","40":"pa_anlage-in-mm-mas-c-3900","41":"pa_auflage-in-mm-mas-a-3815","42":"pa_auflage-in-mm-mas-a-3817","43":"pa_auflage-in-mm-mas-a-3819","44":"pa_auflage-in-mm-mas-a-3821","45":"pa_auflage-in-mm-mas-a-3823","46":"pa_auflage-in-mm-mas-a-3825","47":"pa_auflage-in-mm-mas-a-3827","48":"pa_auflage-in-mm-mas-a-3829","49":"pa_auflage-in-mm-mas-a-3831","50":"pa_auflage-in-mm-mas-a-3833","51":"pa_auflage-in-mm-mas-a-3835","52":"pa_auflage-in-mm-mas-a-3837","53":"pa_auflage-in-mm-mas-a-3839","54":"pa_auflage-in-mm-mas-a-3841","55":"pa_auflage-in-mm-mas-a-3843","56":"pa_auflage-in-mm-mas-a-3845","57":"pa_auflage-in-mm-mas-a-3847","58":"pa_auflage-in-mm-mas-a-3849","59":"pa_auflage-in-mm-mas-a-3889","60":"pa_auflage-in-mm-mas-a-3851","61":"pa_auflage-in-mm-mas-a-3853","62":"pa_auflage-in-mm-mas-a-3807","63":"pa_auflage-in-mm-mas-a-3809","64":"pa_auflage-in-mm-mas-a-3811","65":"pa_auflage-in-mm-mas-a-3813","67":"first","68":"onbackorder","69":"taxable","70":"shipping-taxable","71":"purchasable","72":"product-type-variable"},"yoast_head":"<!-- This site is optimized with the Yoast SEO plugin v27.5 - https:\/\/yoast.com\/product\/yoast-seo-wordpress\/ -->\n<title>Essieu PLUS droit non frein\u00e9 1800kg type d&#039;essieu LS 1800<\/title>\n<meta name=\"description\" content=\"EAB : cote A 700mm, VOIE : cote C 1200mm, per\u00e7age 112x5, d\u00e9port (ET) 27-33mm, corps d&#039;essieu 70x5mm, vis de roue sph\u00e9riques M12x1.5.\" \/>\n<meta name=\"robots\" content=\"index, follow, max-snippet:-1, max-image-preview:large, max-video-preview:-1\" \/>\n<link rel=\"canonical\" href=\"https:\/\/trailer-center.shop\/fr\/produit\/essieu-plus-droit-non-freine-1800kg-type-dessieu-ls-1800\/\" \/>\n<meta property=\"og:locale\" content=\"fr_FR\" \/>\n<meta property=\"og:type\" content=\"article\" \/>\n<meta property=\"og:title\" content=\"Essieu PLUS droit non frein\u00e9 1800kg type d&#039;essieu LS 1800\" \/>\n<meta property=\"og:description\" content=\"EAB : cote A 700mm, VOIE : cote C 1200mm, per\u00e7age 112x5, d\u00e9port (ET) 27-33mm, corps d&#039;essieu 70x5mm, vis de roue sph\u00e9riques M12x1.5.\" \/>\n<meta property=\"og:url\" content=\"https:\/\/trailer-center.shop\/fr\/produit\/essieu-plus-droit-non-freine-1800kg-type-dessieu-ls-1800\/\" \/>\n<meta property=\"og:site_name\" content=\"Trailer Center Discount\" \/>\n<meta property=\"article:modified_time\" content=\"2021-10-08T13:39:20+00:00\" \/>\n<meta property=\"og:image\" content=\"https:\/\/trailer-center.shop\/wp-content\/uploads\/2021\/07\/alko-ls1800-811659.jpg\" \/>\n\t<meta property=\"og:image:width\" content=\"1024\" \/>\n\t<meta property=\"og:image:height\" content=\"1024\" \/>\n\t<meta property=\"og:image:type\" content=\"image\/jpeg\" \/>\n<meta name=\"twitter:card\" content=\"summary_large_image\" \/>\n<meta name=\"twitter:label1\" content=\"Dur\u00e9e de lecture estim\u00e9e\" \/>\n\t<meta name=\"twitter:data1\" content=\"1 minute\" \/>\n<script type=\"application\/ld+json\" class=\"yoast-schema-graph\">{\"@context\":\"https:\\\/\\\/schema.org\",\"@graph\":[{\"@type\":\"WebPage\",\"@id\":\"https:\\\/\\\/trailer-center.shop\\\/fr\\\/produit\\\/essieu-plus-droit-non-freine-1800kg-type-dessieu-ls-1800\\\/\",\"url\":\"https:\\\/\\\/trailer-center.shop\\\/fr\\\/produit\\\/essieu-plus-droit-non-freine-1800kg-type-dessieu-ls-1800\\\/\",\"name\":\"Essieu PLUS droit non frein\u00e9 1800kg type d'essieu LS 1800\",\"isPartOf\":{\"@id\":\"https:\\\/\\\/trailer-center.shop\\\/fr\\\/#website\"},\"primaryImageOfPage\":{\"@id\":\"https:\\\/\\\/trailer-center.shop\\\/fr\\\/produit\\\/essieu-plus-droit-non-freine-1800kg-type-dessieu-ls-1800\\\/#primaryimage\"},\"image\":{\"@id\":\"https:\\\/\\\/trailer-center.shop\\\/fr\\\/produit\\\/essieu-plus-droit-non-freine-1800kg-type-dessieu-ls-1800\\\/#primaryimage\"},\"thumbnailUrl\":\"https:\\\/\\\/trailer-center.shop\\\/wp-content\\\/uploads\\\/2021\\\/07\\\/alko-ls1800-811659.jpg\",\"datePublished\":\"2021-10-08T13:36:34+00:00\",\"dateModified\":\"2021-10-08T13:39:20+00:00\",\"description\":\"EAB : cote A 700mm, VOIE : cote C 1200mm, per\u00e7age 112x5, d\u00e9port (ET) 27-33mm, corps d'essieu 70x5mm, vis de roue sph\u00e9riques M12x1.5.\",\"breadcrumb\":{\"@id\":\"https:\\\/\\\/trailer-center.shop\\\/fr\\\/produit\\\/essieu-plus-droit-non-freine-1800kg-type-dessieu-ls-1800\\\/#breadcrumb\"},\"inLanguage\":\"fr-FR\",\"potentialAction\":[{\"@type\":\"ReadAction\",\"target\":[\"https:\\\/\\\/trailer-center.shop\\\/fr\\\/produit\\\/essieu-plus-droit-non-freine-1800kg-type-dessieu-ls-1800\\\/\"]}]},{\"@type\":\"ImageObject\",\"inLanguage\":\"fr-FR\",\"@id\":\"https:\\\/\\\/trailer-center.shop\\\/fr\\\/produit\\\/essieu-plus-droit-non-freine-1800kg-type-dessieu-ls-1800\\\/#primaryimage\",\"url\":\"https:\\\/\\\/trailer-center.shop\\\/wp-content\\\/uploads\\\/2021\\\/07\\\/alko-ls1800-811659.jpg\",\"contentUrl\":\"https:\\\/\\\/trailer-center.shop\\\/wp-content\\\/uploads\\\/2021\\\/07\\\/alko-ls1800-811659.jpg\",\"width\":1024,\"height\":1024},{\"@type\":\"BreadcrumbList\",\"@id\":\"https:\\\/\\\/trailer-center.shop\\\/fr\\\/produit\\\/essieu-plus-droit-non-freine-1800kg-type-dessieu-ls-1800\\\/#breadcrumb\",\"itemListElement\":[{\"@type\":\"ListItem\",\"position\":1,\"name\":\"Startseite\",\"item\":\"https:\\\/\\\/trailer-center.shop\\\/fr\\\/\"},{\"@type\":\"ListItem\",\"position\":2,\"name\":\"Shop\",\"item\":\"https:\\\/\\\/trailer-center.shop\\\/shop\\\/\"},{\"@type\":\"ListItem\",\"position\":3,\"name\":\"Essieu PLUS droit non frein\u00e9 1800kg type d&#8217;essieu LS 1800\"}]},{\"@type\":\"WebSite\",\"@id\":\"https:\\\/\\\/trailer-center.shop\\\/fr\\\/#website\",\"url\":\"https:\\\/\\\/trailer-center.shop\\\/fr\\\/\",\"name\":\"Trailer Center Discount\",\"description\":\"The world of Trailer parts\",\"potentialAction\":[{\"@type\":\"SearchAction\",\"target\":{\"@type\":\"EntryPoint\",\"urlTemplate\":\"https:\\\/\\\/trailer-center.shop\\\/fr\\\/?s={search_term_string}\"},\"query-input\":{\"@type\":\"PropertyValueSpecification\",\"valueRequired\":true,\"valueName\":\"search_term_string\"}}],\"inLanguage\":\"fr-FR\"}]}<\/script>\n<!-- \/ Yoast SEO plugin. -->","yoast_head_json":{"title":"Essieu PLUS droit non frein\u00e9 1800kg type d'essieu LS 1800","description":"EAB : cote A 700mm, VOIE : cote C 1200mm, per\u00e7age 112x5, d\u00e9port (ET) 27-33mm, corps d'essieu 70x5mm, vis de roue sph\u00e9riques M12x1.5.","robots":{"index":"index","follow":"follow","max-snippet":"max-snippet:-1","max-image-preview":"max-image-preview:large","max-video-preview":"max-video-preview:-1"},"canonical":"https:\/\/trailer-center.shop\/fr\/produit\/essieu-plus-droit-non-freine-1800kg-type-dessieu-ls-1800\/","og_locale":"fr_FR","og_type":"article","og_title":"Essieu PLUS droit non frein\u00e9 1800kg type d'essieu LS 1800","og_description":"EAB : cote A 700mm, VOIE : cote C 1200mm, per\u00e7age 112x5, d\u00e9port (ET) 27-33mm, corps d'essieu 70x5mm, vis de roue sph\u00e9riques M12x1.5.","og_url":"https:\/\/trailer-center.shop\/fr\/produit\/essieu-plus-droit-non-freine-1800kg-type-dessieu-ls-1800\/","og_site_name":"Trailer Center Discount","article_modified_time":"2021-10-08T13:39:20+00:00","og_image":[{"width":1024,"height":1024,"url":"https:\/\/trailer-center.shop\/wp-content\/uploads\/2021\/07\/alko-ls1800-811659.jpg","type":"image\/jpeg"}],"twitter_card":"summary_large_image","twitter_misc":{"Dur\u00e9e de lecture estim\u00e9e":"1 minute"},"schema":{"@context":"https:\/\/schema.org","@graph":[{"@type":"WebPage","@id":"https:\/\/trailer-center.shop\/fr\/produit\/essieu-plus-droit-non-freine-1800kg-type-dessieu-ls-1800\/","url":"https:\/\/trailer-center.shop\/fr\/produit\/essieu-plus-droit-non-freine-1800kg-type-dessieu-ls-1800\/","name":"Essieu PLUS droit non frein\u00e9 1800kg type d'essieu LS 1800","isPartOf":{"@id":"https:\/\/trailer-center.shop\/fr\/#website"},"primaryImageOfPage":{"@id":"https:\/\/trailer-center.shop\/fr\/produit\/essieu-plus-droit-non-freine-1800kg-type-dessieu-ls-1800\/#primaryimage"},"image":{"@id":"https:\/\/trailer-center.shop\/fr\/produit\/essieu-plus-droit-non-freine-1800kg-type-dessieu-ls-1800\/#primaryimage"},"thumbnailUrl":"https:\/\/trailer-center.shop\/wp-content\/uploads\/2021\/07\/alko-ls1800-811659.jpg","datePublished":"2021-10-08T13:36:34+00:00","dateModified":"2021-10-08T13:39:20+00:00","description":"EAB : cote A 700mm, VOIE : cote C 1200mm, per\u00e7age 112x5, d\u00e9port (ET) 27-33mm, corps d'essieu 70x5mm, vis de roue sph\u00e9riques M12x1.5.","breadcrumb":{"@id":"https:\/\/trailer-center.shop\/fr\/produit\/essieu-plus-droit-non-freine-1800kg-type-dessieu-ls-1800\/#breadcrumb"},"inLanguage":"fr-FR","potentialAction":[{"@type":"ReadAction","target":["https:\/\/trailer-center.shop\/fr\/produit\/essieu-plus-droit-non-freine-1800kg-type-dessieu-ls-1800\/"]}]},{"@type":"ImageObject","inLanguage":"fr-FR","@id":"https:\/\/trailer-center.shop\/fr\/produit\/essieu-plus-droit-non-freine-1800kg-type-dessieu-ls-1800\/#primaryimage","url":"https:\/\/trailer-center.shop\/wp-content\/uploads\/2021\/07\/alko-ls1800-811659.jpg","contentUrl":"https:\/\/trailer-center.shop\/wp-content\/uploads\/2021\/07\/alko-ls1800-811659.jpg","width":1024,"height":1024},{"@type":"BreadcrumbList","@id":"https:\/\/trailer-center.shop\/fr\/produit\/essieu-plus-droit-non-freine-1800kg-type-dessieu-ls-1800\/#breadcrumb","itemListElement":[{"@type":"ListItem","position":1,"name":"Startseite","item":"https:\/\/trailer-center.shop\/fr\/"},{"@type":"ListItem","position":2,"name":"Shop","item":"https:\/\/trailer-center.shop\/shop\/"},{"@type":"ListItem","position":3,"name":"Essieu PLUS droit non frein\u00e9 1800kg type d&#8217;essieu LS 1800"}]},{"@type":"WebSite","@id":"https:\/\/trailer-center.shop\/fr\/#website","url":"https:\/\/trailer-center.shop\/fr\/","name":"Trailer Center Discount","description":"The world of Trailer parts","potentialAction":[{"@type":"SearchAction","target":{"@type":"EntryPoint","urlTemplate":"https:\/\/trailer-center.shop\/fr\/?s={search_term_string}"},"query-input":{"@type":"PropertyValueSpecification","valueRequired":true,"valueName":"search_term_string"}}],"inLanguage":"fr-FR"}]}},"_links":{"self":[{"href":"https:\/\/trailer-center.shop\/fr\/wp-json\/wp\/v2\/product\/47498","targetHints":{"allow":["GET"]}}],"collection":[{"href":"https:\/\/trailer-center.shop\/fr\/wp-json\/wp\/v2\/product"}],"about":[{"href":"https:\/\/trailer-center.shop\/fr\/wp-json\/wp\/v2\/types\/product"}],"replies":[{"embeddable":true,"href":"https:\/\/trailer-center.shop\/fr\/wp-json\/wp\/v2\/comments?post=47498"}],"wp:featuredmedia":[{"embeddable":true,"href":"https:\/\/trailer-center.shop\/fr\/wp-json\/wp\/v2\/media\/30150"}],"wp:attachment":[{"href":"https:\/\/trailer-center.shop\/fr\/wp-json\/wp\/v2\/media?parent=47498"}],"wp:term":[{"taxonomy":"product_brand","embeddable":true,"href":"https:\/\/trailer-center.shop\/fr\/wp-json\/wp\/v2\/product_brand?post=47498"},{"taxonomy":"product_cat","embeddable":true,"href":"https:\/\/trailer-center.shop\/fr\/wp-json\/wp\/v2\/product_cat?post=47498"},{"taxonomy":"product_tag","embeddable":true,"href":"https:\/\/trailer-center.shop\/fr\/wp-json\/wp\/v2\/product_tag?post=47498"}],"curies":[{"name":"wp","href":"https:\/\/api.w.org\/{rel}","templated":true}]}}