{"id":47344,"date":"2021-10-08T13:27:06","date_gmt":"2021-10-08T13:27:06","guid":{"rendered":"https:\/\/trailer-center.shop\/produkt\/essieu-plus-droit-non-freine-750kg-type-dessieu-ls-750\/"},"modified":"2024-11-08T11:20:44","modified_gmt":"2024-11-08T11:20:44","slug":"essieu-plus-droit-non-freine-750kg-type-dessieu-ls-750","status":"publish","type":"product","link":"https:\/\/trailer-center.shop\/fr\/produit\/essieu-plus-droit-non-freine-750kg-type-dessieu-ls-750\/","title":{"rendered":"Essieu PLUS droit non frein\u00e9 750kg type d&rsquo;essieu LS 750"},"content":{"rendered":"<h1>Essieu PLUS droit non frein&eacute; 750kg type d&rsquo;essieu LS 750<\/p>\n<p><strong><a title=\"Liste des pi&egrave;ces d&eacute;tach&eacute;es 811844\" href=\"https:\/\/trailer-center.shop\/96\" target=\"_blank\" rel=\"noopener\">Num&eacute;ro d&rsquo;identification des pi&egrave;ces d&eacute;tach&eacute;es (ETI) 811844<\/a><br \/><a title=\"Liste des pi&egrave;ces d&eacute;tach&eacute;es 811845\" href=\"https:\/\/trailer-center.shop\/97\" target=\"_blank\" rel=\"noopener\">Num&eacute;ro d&rsquo;identification des pi&egrave;ces d&eacute;tach&eacute;es version &eacute;tanche (ETI) 811845<\/a><\/strong><\/p>\n<p><strong>D&eacute;port (ET)<\/strong> 27-33mm<br \/><strong>B :<\/strong> Al&eacute;sage pour axe de centrage autoris&eacute; uniquement en haut!<br \/><strong>D :<\/strong> Corps d&rsquo;essieu 50x4mm<br \/><strong>E :<\/strong> Couple de serrage de la vis M12x1.25&#215;70-10.9 DIN 931: 150 +- 5 Nm<br \/><strong>F :<\/strong> Attention : Position du cordon de soudure du corps carr&eacute; &agrave; l&rsquo;arri&egrave;re dans le sens de la marche ! Monter le fraisage de la fus&eacute;e en direction du cordon de soudure du corps carr&eacute; !<br \/><strong>G :<\/strong> Sens de la marche<br \/><strong>H :<\/strong> au moins 145 jusqu&rsquo;&agrave; 250mm<strong><br \/><\/strong><\/p>\n<p><strong>TECHNIQUE<\/strong><br \/>Mod&egrave;le : PLUS<br \/>Type d&rsquo;essieu : LS 750<br \/>Charge &agrave; l&rsquo;essieu : 750kg<br \/><strong><a title=\"D&eacute;finition du per&ccedil;age d'un tambour\" href=\"https:\/\/trailer-center.shop\/108\" target=\"_blank\" rel=\"noopener\">Per&ccedil;age :<\/a><\/strong> 98&#215;4 <strong>ou<\/strong> 100&#215;4<\/p>\n<p><strong><a title=\"AL-KO notice de montage essieu droit\" href=\"https:\/\/trailer-center.shop\/98\" target=\"_blank\" rel=\"noopener\">Tenir compte des directives de carrossage!<\/a><\/strong><\/p>\n<p><strong>CONTENU DE LA LIVRAISON<\/strong><br \/>Essieu<br \/>Vis de roue en vrac<\/p>\n<p><strong>TRAITEMENT DE SURFACE<\/strong><br \/>Corps d&rsquo;essieu galvanis&eacute;<\/p>\n<p><strong>ACCESSOIRES<\/strong><br \/><a title=\"Accessoires pour essieux droits non frein&eacute;s\" href=\"https:\/\/trailer-center.shop\/156\"><strong>voir les pages suivantes<\/strong><\/a><\/p>\n<p><a title=\"AL-KO essieu PLUS droit non frein&eacute; 750kg type d'essieu LS 750\" href=\"https:\/\/trailer-center.shop\/157\" target=\"_blank\" rel=\"noopener\"><strong>Ici, vous trouvez la page de catalogue sous forme de t&eacute;l&eacute;chargement pratique en format PDF.<\/strong><\/a><br \/><strong>Vous pouvez &eacute;galement saisir le code article issu du catalogue en tant que terme de recherche dans notre boutique.<\/strong><\/p>\n<p><strong>C&rsquo;est avec plaisir que nous effectuons le travail pour vous !!! Envoyez-nous simplement une photo de votre plaque signal&eacute;tique &agrave; info@trailer-center.shop et nous vous faisons parvenir une offre GRATUITEMENT ET SANS ENGAGEMENT. Nous avons tous les fabricants d&rsquo;essieux en stock.<\/strong><\/p>\n<\/h1>\n","protected":false},"excerpt":{"rendered":"<p>Essieu PLUS droit non frein&eacute; 750kg type d&rsquo;essieu LS 750 Num&eacute;ro d&rsquo;identification des pi&egrave;ces d&eacute;tach&eacute;es (ETI) 811844Num&eacute;ro d&rsquo;identification des pi&egrave;ces d&eacute;tach&eacute;es version &eacute;tanche (ETI) 811845 D&eacute;port (ET) 27-33mmB : Al&eacute;sage pour axe de centrage autoris&eacute; uniquement en haut!D : Corps d&rsquo;essieu 50x4mmE : Couple de serrage de la vis M12x1.25&#215;70-10.9 DIN 931: 150 +- 5 [&hellip;]<\/p>\n","protected":false},"featured_media":29993,"comment_status":"open","ping_status":"open","template":"","meta":[],"product_brand":[],"product_cat":[113,3912,3909,114,3908],"product_tag":[1492,1493,1494,1495,1496],"class_list":{"0":"post-47344","1":"product","2":"type-product","3":"status-publish","4":"has-post-thumbnail","6":"product_cat-element-du-chassis","7":"product_cat-essieu-droit-non-freine-a-ressort-a-lames","8":"product_cat-essieux-non-freines-accessoires","9":"product_cat-element-du-chassis-al-ko","10":"product_cat-essieux","11":"product_tag-alko-achse-ls750","12":"product_tag-alko-assale-ls750","13":"product_tag-alko-axle-ls750","14":"product_tag-alko-eje-ls750","15":"product_tag-alko-essieu-ls750","16":"pa_anlage-in-mm-mas-c-3852","17":"pa_anlage-in-mm-mas-c-3854","18":"pa_anlage-in-mm-mas-c-3808","19":"pa_anlage-in-mm-mas-c-3810","20":"pa_anlage-in-mm-mas-c-3812","21":"pa_anlage-in-mm-mas-c-3814","22":"pa_anlage-in-mm-mas-c-3816","23":"pa_anlage-in-mm-mas-c-3818","24":"pa_anlage-in-mm-mas-c-3820","25":"pa_anlage-in-mm-mas-c-3822","26":"pa_anlage-in-mm-mas-c-3824","27":"pa_anlage-in-mm-mas-c-3826","28":"pa_anlage-in-mm-mas-c-3828","29":"pa_anlage-in-mm-mas-c-3830","30":"pa_anlage-in-mm-mas-c-3832","31":"pa_anlage-in-mm-mas-c-3834","32":"pa_anlage-in-mm-mas-c-3836","33":"pa_anlage-in-mm-mas-c-3838","34":"pa_anlage-in-mm-mas-c-3840","35":"pa_anlage-in-mm-mas-c-3842","36":"pa_anlage-in-mm-mas-c-3844","37":"pa_anlage-in-mm-mas-c-3846","38":"pa_anlage-in-mm-mas-c-3848","39":"pa_anlage-in-mm-mas-c-3850","40":"pa_anlage-in-mm-mas-c-3892","41":"pa_anlage-in-mm-mas-c-3894","42":"pa_auflage-in-mm-mas-a-3815","43":"pa_auflage-in-mm-mas-a-3817","44":"pa_auflage-in-mm-mas-a-3819","45":"pa_auflage-in-mm-mas-a-3821","46":"pa_auflage-in-mm-mas-a-3823","47":"pa_auflage-in-mm-mas-a-3825","48":"pa_auflage-in-mm-mas-a-3827","49":"pa_auflage-in-mm-mas-a-3829","50":"pa_auflage-in-mm-mas-a-3831","51":"pa_auflage-in-mm-mas-a-3833","52":"pa_auflage-in-mm-mas-a-3835","53":"pa_auflage-in-mm-mas-a-3837","54":"pa_auflage-in-mm-mas-a-3839","55":"pa_auflage-in-mm-mas-a-3841","56":"pa_auflage-in-mm-mas-a-3843","57":"pa_auflage-in-mm-mas-a-3845","58":"pa_auflage-in-mm-mas-a-3847","59":"pa_auflage-in-mm-mas-a-3849","60":"pa_auflage-in-mm-mas-a-3889","61":"pa_auflage-in-mm-mas-a-3893","62":"pa_auflage-in-mm-mas-a-3851","63":"pa_auflage-in-mm-mas-a-3853","64":"pa_auflage-in-mm-mas-a-3807","65":"pa_auflage-in-mm-mas-a-3809","66":"pa_auflage-in-mm-mas-a-3811","67":"pa_auflage-in-mm-mas-a-3813","68":"pa_radanschluss-100x4","69":"pa_radanschluss-112x5","70":"pa_radanschluss-98x4","71":"pa_wasserdicht-non","72":"pa_wasserdicht-oui","74":"first","75":"onbackorder","76":"taxable","77":"shipping-taxable","78":"purchasable","79":"product-type-variable"},"yoast_head":"<!-- This site is optimized with the Yoast SEO plugin v27.5 - https:\/\/yoast.com\/product\/yoast-seo-wordpress\/ -->\n<title>Essieu PLUS droit non frein\u00e9 750kg type d&#039;essieu LS 750<\/title>\n<meta name=\"description\" content=\"EAB : cote A 700mm, VOIE : cote C 1130mm, per\u00e7age 98x4, d\u00e9port (ET) 27-33mm, corps d&#039;essieu 50x4mm, vis de roue coniques M12x1.5.\" \/>\n<meta name=\"robots\" content=\"index, follow, max-snippet:-1, max-image-preview:large, max-video-preview:-1\" \/>\n<link rel=\"canonical\" href=\"https:\/\/trailer-center.shop\/fr\/produit\/essieu-plus-droit-non-freine-750kg-type-dessieu-ls-750\/\" \/>\n<meta property=\"og:locale\" content=\"fr_FR\" \/>\n<meta property=\"og:type\" content=\"article\" \/>\n<meta property=\"og:title\" content=\"Essieu PLUS droit non frein\u00e9 750kg type d&#039;essieu LS 750\" \/>\n<meta property=\"og:description\" content=\"EAB : cote A 700mm, VOIE : cote C 1130mm, per\u00e7age 98x4, d\u00e9port (ET) 27-33mm, corps d&#039;essieu 50x4mm, vis de roue coniques M12x1.5.\" \/>\n<meta property=\"og:url\" content=\"https:\/\/trailer-center.shop\/fr\/produit\/essieu-plus-droit-non-freine-750kg-type-dessieu-ls-750\/\" \/>\n<meta property=\"og:site_name\" content=\"Trailer Center Discount\" \/>\n<meta property=\"article:modified_time\" content=\"2024-11-08T11:20:44+00:00\" \/>\n<meta property=\"og:image\" content=\"https:\/\/trailer-center.shop\/wp-content\/uploads\/2021\/07\/alko-ls750-811844.jpg\" \/>\n\t<meta property=\"og:image:width\" content=\"1024\" \/>\n\t<meta property=\"og:image:height\" content=\"1024\" \/>\n\t<meta property=\"og:image:type\" content=\"image\/jpeg\" \/>\n<meta name=\"twitter:card\" content=\"summary_large_image\" \/>\n<meta name=\"twitter:label1\" content=\"Dur\u00e9e de lecture estim\u00e9e\" \/>\n\t<meta name=\"twitter:data1\" content=\"1 minute\" \/>\n<script type=\"application\/ld+json\" class=\"yoast-schema-graph\">{\"@context\":\"https:\\\/\\\/schema.org\",\"@graph\":[{\"@type\":\"WebPage\",\"@id\":\"https:\\\/\\\/trailer-center.shop\\\/fr\\\/produit\\\/essieu-plus-droit-non-freine-750kg-type-dessieu-ls-750\\\/\",\"url\":\"https:\\\/\\\/trailer-center.shop\\\/fr\\\/produit\\\/essieu-plus-droit-non-freine-750kg-type-dessieu-ls-750\\\/\",\"name\":\"Essieu PLUS droit non frein\u00e9 750kg type d'essieu LS 750\",\"isPartOf\":{\"@id\":\"https:\\\/\\\/trailer-center.shop\\\/fr\\\/#website\"},\"primaryImageOfPage\":{\"@id\":\"https:\\\/\\\/trailer-center.shop\\\/fr\\\/produit\\\/essieu-plus-droit-non-freine-750kg-type-dessieu-ls-750\\\/#primaryimage\"},\"image\":{\"@id\":\"https:\\\/\\\/trailer-center.shop\\\/fr\\\/produit\\\/essieu-plus-droit-non-freine-750kg-type-dessieu-ls-750\\\/#primaryimage\"},\"thumbnailUrl\":\"https:\\\/\\\/trailer-center.shop\\\/wp-content\\\/uploads\\\/2021\\\/07\\\/alko-ls750-811844.jpg\",\"datePublished\":\"2021-10-08T13:27:06+00:00\",\"dateModified\":\"2024-11-08T11:20:44+00:00\",\"description\":\"EAB : cote A 700mm, VOIE : cote C 1130mm, per\u00e7age 98x4, d\u00e9port (ET) 27-33mm, corps d'essieu 50x4mm, vis de roue coniques M12x1.5.\",\"breadcrumb\":{\"@id\":\"https:\\\/\\\/trailer-center.shop\\\/fr\\\/produit\\\/essieu-plus-droit-non-freine-750kg-type-dessieu-ls-750\\\/#breadcrumb\"},\"inLanguage\":\"fr-FR\",\"potentialAction\":[{\"@type\":\"ReadAction\",\"target\":[\"https:\\\/\\\/trailer-center.shop\\\/fr\\\/produit\\\/essieu-plus-droit-non-freine-750kg-type-dessieu-ls-750\\\/\"]}]},{\"@type\":\"ImageObject\",\"inLanguage\":\"fr-FR\",\"@id\":\"https:\\\/\\\/trailer-center.shop\\\/fr\\\/produit\\\/essieu-plus-droit-non-freine-750kg-type-dessieu-ls-750\\\/#primaryimage\",\"url\":\"https:\\\/\\\/trailer-center.shop\\\/wp-content\\\/uploads\\\/2021\\\/07\\\/alko-ls750-811844.jpg\",\"contentUrl\":\"https:\\\/\\\/trailer-center.shop\\\/wp-content\\\/uploads\\\/2021\\\/07\\\/alko-ls750-811844.jpg\",\"width\":1024,\"height\":1024},{\"@type\":\"BreadcrumbList\",\"@id\":\"https:\\\/\\\/trailer-center.shop\\\/fr\\\/produit\\\/essieu-plus-droit-non-freine-750kg-type-dessieu-ls-750\\\/#breadcrumb\",\"itemListElement\":[{\"@type\":\"ListItem\",\"position\":1,\"name\":\"Startseite\",\"item\":\"https:\\\/\\\/trailer-center.shop\\\/fr\\\/\"},{\"@type\":\"ListItem\",\"position\":2,\"name\":\"Shop\",\"item\":\"https:\\\/\\\/trailer-center.shop\\\/shop\\\/\"},{\"@type\":\"ListItem\",\"position\":3,\"name\":\"Essieu PLUS droit non frein\u00e9 750kg type d&#8217;essieu LS 750\"}]},{\"@type\":\"WebSite\",\"@id\":\"https:\\\/\\\/trailer-center.shop\\\/fr\\\/#website\",\"url\":\"https:\\\/\\\/trailer-center.shop\\\/fr\\\/\",\"name\":\"Trailer Center Discount\",\"description\":\"The world of Trailer parts\",\"potentialAction\":[{\"@type\":\"SearchAction\",\"target\":{\"@type\":\"EntryPoint\",\"urlTemplate\":\"https:\\\/\\\/trailer-center.shop\\\/fr\\\/?s={search_term_string}\"},\"query-input\":{\"@type\":\"PropertyValueSpecification\",\"valueRequired\":true,\"valueName\":\"search_term_string\"}}],\"inLanguage\":\"fr-FR\"}]}<\/script>\n<!-- \/ Yoast SEO plugin. -->","yoast_head_json":{"title":"Essieu PLUS droit non frein\u00e9 750kg type d'essieu LS 750","description":"EAB : cote A 700mm, VOIE : cote C 1130mm, per\u00e7age 98x4, d\u00e9port (ET) 27-33mm, corps d'essieu 50x4mm, vis de roue coniques M12x1.5.","robots":{"index":"index","follow":"follow","max-snippet":"max-snippet:-1","max-image-preview":"max-image-preview:large","max-video-preview":"max-video-preview:-1"},"canonical":"https:\/\/trailer-center.shop\/fr\/produit\/essieu-plus-droit-non-freine-750kg-type-dessieu-ls-750\/","og_locale":"fr_FR","og_type":"article","og_title":"Essieu PLUS droit non frein\u00e9 750kg type d'essieu LS 750","og_description":"EAB : cote A 700mm, VOIE : cote C 1130mm, per\u00e7age 98x4, d\u00e9port (ET) 27-33mm, corps d'essieu 50x4mm, vis de roue coniques M12x1.5.","og_url":"https:\/\/trailer-center.shop\/fr\/produit\/essieu-plus-droit-non-freine-750kg-type-dessieu-ls-750\/","og_site_name":"Trailer Center Discount","article_modified_time":"2024-11-08T11:20:44+00:00","og_image":[{"width":1024,"height":1024,"url":"https:\/\/trailer-center.shop\/wp-content\/uploads\/2021\/07\/alko-ls750-811844.jpg","type":"image\/jpeg"}],"twitter_card":"summary_large_image","twitter_misc":{"Dur\u00e9e de lecture estim\u00e9e":"1 minute"},"schema":{"@context":"https:\/\/schema.org","@graph":[{"@type":"WebPage","@id":"https:\/\/trailer-center.shop\/fr\/produit\/essieu-plus-droit-non-freine-750kg-type-dessieu-ls-750\/","url":"https:\/\/trailer-center.shop\/fr\/produit\/essieu-plus-droit-non-freine-750kg-type-dessieu-ls-750\/","name":"Essieu PLUS droit non frein\u00e9 750kg type d'essieu LS 750","isPartOf":{"@id":"https:\/\/trailer-center.shop\/fr\/#website"},"primaryImageOfPage":{"@id":"https:\/\/trailer-center.shop\/fr\/produit\/essieu-plus-droit-non-freine-750kg-type-dessieu-ls-750\/#primaryimage"},"image":{"@id":"https:\/\/trailer-center.shop\/fr\/produit\/essieu-plus-droit-non-freine-750kg-type-dessieu-ls-750\/#primaryimage"},"thumbnailUrl":"https:\/\/trailer-center.shop\/wp-content\/uploads\/2021\/07\/alko-ls750-811844.jpg","datePublished":"2021-10-08T13:27:06+00:00","dateModified":"2024-11-08T11:20:44+00:00","description":"EAB : cote A 700mm, VOIE : cote C 1130mm, per\u00e7age 98x4, d\u00e9port (ET) 27-33mm, corps d'essieu 50x4mm, vis de roue coniques M12x1.5.","breadcrumb":{"@id":"https:\/\/trailer-center.shop\/fr\/produit\/essieu-plus-droit-non-freine-750kg-type-dessieu-ls-750\/#breadcrumb"},"inLanguage":"fr-FR","potentialAction":[{"@type":"ReadAction","target":["https:\/\/trailer-center.shop\/fr\/produit\/essieu-plus-droit-non-freine-750kg-type-dessieu-ls-750\/"]}]},{"@type":"ImageObject","inLanguage":"fr-FR","@id":"https:\/\/trailer-center.shop\/fr\/produit\/essieu-plus-droit-non-freine-750kg-type-dessieu-ls-750\/#primaryimage","url":"https:\/\/trailer-center.shop\/wp-content\/uploads\/2021\/07\/alko-ls750-811844.jpg","contentUrl":"https:\/\/trailer-center.shop\/wp-content\/uploads\/2021\/07\/alko-ls750-811844.jpg","width":1024,"height":1024},{"@type":"BreadcrumbList","@id":"https:\/\/trailer-center.shop\/fr\/produit\/essieu-plus-droit-non-freine-750kg-type-dessieu-ls-750\/#breadcrumb","itemListElement":[{"@type":"ListItem","position":1,"name":"Startseite","item":"https:\/\/trailer-center.shop\/fr\/"},{"@type":"ListItem","position":2,"name":"Shop","item":"https:\/\/trailer-center.shop\/shop\/"},{"@type":"ListItem","position":3,"name":"Essieu PLUS droit non frein\u00e9 750kg type d&#8217;essieu LS 750"}]},{"@type":"WebSite","@id":"https:\/\/trailer-center.shop\/fr\/#website","url":"https:\/\/trailer-center.shop\/fr\/","name":"Trailer Center Discount","description":"The world of Trailer parts","potentialAction":[{"@type":"SearchAction","target":{"@type":"EntryPoint","urlTemplate":"https:\/\/trailer-center.shop\/fr\/?s={search_term_string}"},"query-input":{"@type":"PropertyValueSpecification","valueRequired":true,"valueName":"search_term_string"}}],"inLanguage":"fr-FR"}]}},"_links":{"self":[{"href":"https:\/\/trailer-center.shop\/fr\/wp-json\/wp\/v2\/product\/47344","targetHints":{"allow":["GET"]}}],"collection":[{"href":"https:\/\/trailer-center.shop\/fr\/wp-json\/wp\/v2\/product"}],"about":[{"href":"https:\/\/trailer-center.shop\/fr\/wp-json\/wp\/v2\/types\/product"}],"replies":[{"embeddable":true,"href":"https:\/\/trailer-center.shop\/fr\/wp-json\/wp\/v2\/comments?post=47344"}],"wp:featuredmedia":[{"embeddable":true,"href":"https:\/\/trailer-center.shop\/fr\/wp-json\/wp\/v2\/media\/29993"}],"wp:attachment":[{"href":"https:\/\/trailer-center.shop\/fr\/wp-json\/wp\/v2\/media?parent=47344"}],"wp:term":[{"taxonomy":"product_brand","embeddable":true,"href":"https:\/\/trailer-center.shop\/fr\/wp-json\/wp\/v2\/product_brand?post=47344"},{"taxonomy":"product_cat","embeddable":true,"href":"https:\/\/trailer-center.shop\/fr\/wp-json\/wp\/v2\/product_cat?post=47344"},{"taxonomy":"product_tag","embeddable":true,"href":"https:\/\/trailer-center.shop\/fr\/wp-json\/wp\/v2\/product_tag?post=47344"}],"curies":[{"name":"wp","href":"https:\/\/api.w.org\/{rel}","templated":true}]}}