{"id":47035,"date":"2021-10-08T13:05:05","date_gmt":"2021-10-08T13:05:05","guid":{"rendered":"https:\/\/trailer-center.shop\/produkt\/essieu-basic-750kg-non-freine-type-dessieu-700-5\/"},"modified":"2021-10-08T13:12:20","modified_gmt":"2021-10-08T13:12:20","slug":"essieu-basic-750kg-non-freine-type-dessieu-700-5","status":"publish","type":"product","link":"https:\/\/trailer-center.shop\/fr\/produit\/essieu-basic-750kg-non-freine-type-dessieu-700-5\/","title":{"rendered":"Essieu BASIC 750kg non frein\u00e9 type d&rsquo;essieu 700-5"},"content":{"rendered":"<h1>Essieu BASIC 750kg non frein&eacute; type d&rsquo;essieu 700-5<\/p>\n<p><strong><a title=\"Mode d'emploi original pour essieu AL-KO type d'essieu 700-5\" href=\"https:\/\/trailer-center.shop\/64\" target=\"_blank\" rel=\"noopener\">Mode d&#8217;emploi original<\/a><\/strong><br \/><strong><a title=\"Liste des pi&egrave;ces d&eacute;tach&eacute;es\" href=\"https:\/\/trailer-center.shop\/87\" target=\"_blank\" rel=\"noopener\">Num&eacute;ro d&rsquo;identification des pi&egrave;ces d&eacute;tach&eacute;es (ETI) 811676<\/a><\/strong><br \/><strong><a title=\"Liste des pi&egrave;ces d&eacute;tach&eacute;es 811726\" href=\"https:\/\/trailer-center.shop\/88\" target=\"_blank\" rel=\"noopener\">Num&eacute;ro d&rsquo;identification des pi&egrave;ces d&eacute;tach&eacute;es version &eacute;tanche (ETI) 811726<\/a><\/strong><\/p>\n<p><strong>TECHNIQUE<\/strong><br \/>Mod&egrave;le : BASIC<br \/>Type d&rsquo;essieu : 700-5<br \/>Charge &agrave; l&rsquo;essieu : 750kg<br \/>Suspension : Suspension hexagonale caoutchouc<br \/>Longueur du tourillon : 145mm<br \/><strong><a title=\"D&eacute;finition du per&ccedil;age d'un tambour\" href=\"https:\/\/trailer-center.shop\/108\" target=\"_blank\" rel=\"noopener\">Per&ccedil;age :<\/a><\/strong> 100&#215;4 <strong>ou<\/strong> 112&#215;5 <a title=\"alko essieux non frein&eacute;s 400-5 500 700-5 avec percage special\" href=\"https:\/\/trailer-center.shop\/109\" target=\"_blank\" rel=\"noopener\"><strong>(type d&rsquo;essieu 400-5, 500 et 700-5 avec per&ccedil;age sp&eacute;cial 115&#215;4 ou 130&#215;4 sur demande)<\/strong><\/a><br \/>Roulement : Roulement compact<br \/>Trou central jante : mini 57mm<\/p>\n<p><strong>ATTENTION !<br \/><\/strong>Ces essieux ne sont pas combinables &agrave; des roues compl&egrave;tes 8 pouces !<\/p>\n<p><strong>CONTENU DE LA LIVRAISON<\/strong><br \/>Essieu<br \/>Vis de roue en vrac<\/p>\n<p><strong>TRAITEMENT DE SURFACE<\/strong><br \/>Corps d&rsquo;essieu galvanis&eacute;<\/p>\n<p><strong><a title=\"Essieu BASIC 750 KG non frein&eacute; technologie d'essieu moderne sans entretien &lt;&lt; Made in Germany &gt;&gt;\" href=\"https:\/\/trailer-center.shop\/110\" target=\"_blank\" rel=\"noopener\">Essieu BASIC 750 KG non frein&eacute;<\/a><\/strong><br \/><a title=\"Essieu BASIC 750 KG non frein&eacute; technologie d'essieu moderne sans entretien &lt;&lt; Made in Germany &gt;&gt;\" href=\"https:\/\/trailer-center.shop\/110\" target=\"_blank\" rel=\"noopener\"><strong>Technologie d&rsquo;essieu moderne sans entretien &lt;&lt; Made in Germany &gt;&gt;<\/strong><\/a><\/p>\n<p><a title=\"AL-KO essieu BASIC 750kg non frein&eacute; type d'essieu 700-5\" href=\"https:\/\/trailer-center.shop\/111\" target=\"_blank\" rel=\"noopener\"><strong>Ici, vous trouvez la page de catalogue sous forme de t&eacute;l&eacute;chargement pratique en format PDF.<br \/>Vous pouvez &eacute;galement saisir le code article issu du catalogue en tant que terme de recherche dans notre boutique.<\/strong><\/a><\/p>\n<p><strong>C&rsquo;est avec plaisir que nous effectuons le travail pour vous !!! Envoyez-nous simplement une photo de votre plaque signal&eacute;tique &agrave; info@trailer-center.shop et nous vous faisons parvenir une offre GRATUITEMENT ET SANS ENGAGEMENT. Nous avons tous les fabricants d&rsquo;essieux en stock.<br \/><\/strong><\/p>\n<\/h1>\n","protected":false},"excerpt":{"rendered":"<p>Essieu BASIC 750kg non frein&eacute; type d&rsquo;essieu 700-5 Mode d&#8217;emploi originalNum&eacute;ro d&rsquo;identification des pi&egrave;ces d&eacute;tach&eacute;es (ETI) 811676Num&eacute;ro d&rsquo;identification des pi&egrave;ces d&eacute;tach&eacute;es version &eacute;tanche (ETI) 811726 TECHNIQUEMod&egrave;le : BASICType d&rsquo;essieu : 700-5Charge &agrave; l&rsquo;essieu : 750kgSuspension : Suspension hexagonale caoutchoucLongueur du tourillon : 145mmPer&ccedil;age : 100&#215;4 ou 112&#215;5 (type d&rsquo;essieu 400-5, 500 et 700-5 avec per&ccedil;age [&hellip;]<\/p>\n","protected":false},"featured_media":29668,"comment_status":"open","ping_status":"open","template":"","meta":[],"product_brand":[],"product_cat":[113,3910,3909,114,3908],"product_tag":[1472,1473,1474,1475,1476],"class_list":{"0":"post-47035","1":"product","2":"type-product","3":"status-publish","4":"has-post-thumbnail","6":"product_cat-element-du-chassis","7":"product_cat-essieux-non-freines","8":"product_cat-essieux-non-freines-accessoires","9":"product_cat-element-du-chassis-al-ko","10":"product_cat-essieux","11":"product_tag-alko-achse-700-5","12":"product_tag-alko-assale-700-5","13":"product_tag-alko-axle-700-5","14":"product_tag-alko-eje-700-5","15":"product_tag-alko-essieu-700-5","16":"pa_anlage-in-mm-mas-c-3852","17":"pa_anlage-in-mm-mas-c-3854","18":"pa_anlage-in-mm-mas-c-3808","19":"pa_anlage-in-mm-mas-c-3810","20":"pa_anlage-in-mm-mas-c-3812","21":"pa_anlage-in-mm-mas-c-3814","22":"pa_anlage-in-mm-mas-c-3816","23":"pa_anlage-in-mm-mas-c-3818","24":"pa_anlage-in-mm-mas-c-3820","25":"pa_anlage-in-mm-mas-c-3822","26":"pa_anlage-in-mm-mas-c-3824","27":"pa_anlage-in-mm-mas-c-3826","28":"pa_anlage-in-mm-mas-c-3828","29":"pa_anlage-in-mm-mas-c-3830","30":"pa_anlage-in-mm-mas-c-3832","31":"pa_anlage-in-mm-mas-c-3834","32":"pa_anlage-in-mm-mas-c-3836","33":"pa_anlage-in-mm-mas-c-3838","34":"pa_anlage-in-mm-mas-c-3840","35":"pa_anlage-in-mm-mas-c-3842","36":"pa_anlage-in-mm-mas-c-3844","37":"pa_anlage-in-mm-mas-c-3846","38":"pa_anlage-in-mm-mas-c-3848","39":"pa_anlage-in-mm-mas-c-3850","40":"pa_auflage-in-mm-mas-a-3815","41":"pa_auflage-in-mm-mas-a-3817","42":"pa_auflage-in-mm-mas-a-3819","43":"pa_auflage-in-mm-mas-a-3821","44":"pa_auflage-in-mm-mas-a-3823","45":"pa_auflage-in-mm-mas-a-3825","46":"pa_auflage-in-mm-mas-a-3827","47":"pa_auflage-in-mm-mas-a-3829","48":"pa_auflage-in-mm-mas-a-3831","49":"pa_auflage-in-mm-mas-a-3833","50":"pa_auflage-in-mm-mas-a-3835","51":"pa_auflage-in-mm-mas-a-3837","52":"pa_auflage-in-mm-mas-a-3839","53":"pa_auflage-in-mm-mas-a-3841","54":"pa_auflage-in-mm-mas-a-3843","55":"pa_auflage-in-mm-mas-a-3845","56":"pa_auflage-in-mm-mas-a-3847","57":"pa_auflage-in-mm-mas-a-3849","58":"pa_auflage-in-mm-mas-a-3851","59":"pa_auflage-in-mm-mas-a-3853","60":"pa_auflage-in-mm-mas-a-3807","61":"pa_auflage-in-mm-mas-a-3809","62":"pa_auflage-in-mm-mas-a-3811","63":"pa_auflage-in-mm-mas-a-3813","64":"pa_radanschluss-100x4","65":"pa_radanschluss-112x5","66":"pa_wasserdicht-non","67":"pa_wasserdicht-oui","69":"first","70":"onbackorder","71":"taxable","72":"shipping-taxable","73":"purchasable","74":"product-type-variable"},"yoast_head":"<!-- This site is optimized with the Yoast SEO plugin v27.5 - https:\/\/yoast.com\/product\/yoast-seo-wordpress\/ -->\n<title>Essieu BASIC 750kg non frein\u00e9 type d&#039;essieu 700-5<\/title>\n<meta name=\"description\" content=\"EAB : cote A 700mm, VOIE : cote C 1130mm, per\u00e7age 100x4, d\u00e9port (ET) 27-45mm, vis de roue coniques M12x1.5.\" \/>\n<meta name=\"robots\" content=\"index, follow, max-snippet:-1, max-image-preview:large, max-video-preview:-1\" \/>\n<link rel=\"canonical\" href=\"https:\/\/trailer-center.shop\/fr\/produit\/essieu-basic-750kg-non-freine-type-dessieu-700-5\/\" \/>\n<meta property=\"og:locale\" content=\"fr_FR\" \/>\n<meta property=\"og:type\" content=\"article\" \/>\n<meta property=\"og:title\" content=\"Essieu BASIC 750kg non frein\u00e9 type d&#039;essieu 700-5\" \/>\n<meta property=\"og:description\" content=\"EAB : cote A 700mm, VOIE : cote C 1130mm, per\u00e7age 100x4, d\u00e9port (ET) 27-45mm, vis de roue coniques M12x1.5.\" \/>\n<meta property=\"og:url\" content=\"https:\/\/trailer-center.shop\/fr\/produit\/essieu-basic-750kg-non-freine-type-dessieu-700-5\/\" \/>\n<meta property=\"og:site_name\" content=\"Trailer Center Discount\" \/>\n<meta property=\"article:modified_time\" content=\"2021-10-08T13:12:20+00:00\" \/>\n<meta property=\"og:image\" content=\"https:\/\/trailer-center.shop\/wp-content\/uploads\/2021\/07\/alko-700-5.jpg\" \/>\n\t<meta property=\"og:image:width\" content=\"1024\" \/>\n\t<meta property=\"og:image:height\" content=\"1024\" \/>\n\t<meta property=\"og:image:type\" content=\"image\/jpeg\" \/>\n<meta name=\"twitter:card\" content=\"summary_large_image\" \/>\n<meta name=\"twitter:label1\" content=\"Dur\u00e9e de lecture estim\u00e9e\" \/>\n\t<meta name=\"twitter:data1\" content=\"1 minute\" \/>\n<script type=\"application\/ld+json\" class=\"yoast-schema-graph\">{\"@context\":\"https:\\\/\\\/schema.org\",\"@graph\":[{\"@type\":\"WebPage\",\"@id\":\"https:\\\/\\\/trailer-center.shop\\\/fr\\\/produit\\\/essieu-basic-750kg-non-freine-type-dessieu-700-5\\\/\",\"url\":\"https:\\\/\\\/trailer-center.shop\\\/fr\\\/produit\\\/essieu-basic-750kg-non-freine-type-dessieu-700-5\\\/\",\"name\":\"Essieu BASIC 750kg non frein\u00e9 type d'essieu 700-5\",\"isPartOf\":{\"@id\":\"https:\\\/\\\/trailer-center.shop\\\/fr\\\/#website\"},\"primaryImageOfPage\":{\"@id\":\"https:\\\/\\\/trailer-center.shop\\\/fr\\\/produit\\\/essieu-basic-750kg-non-freine-type-dessieu-700-5\\\/#primaryimage\"},\"image\":{\"@id\":\"https:\\\/\\\/trailer-center.shop\\\/fr\\\/produit\\\/essieu-basic-750kg-non-freine-type-dessieu-700-5\\\/#primaryimage\"},\"thumbnailUrl\":\"https:\\\/\\\/trailer-center.shop\\\/wp-content\\\/uploads\\\/2021\\\/07\\\/alko-700-5.jpg\",\"datePublished\":\"2021-10-08T13:05:05+00:00\",\"dateModified\":\"2021-10-08T13:12:20+00:00\",\"description\":\"EAB : cote A 700mm, VOIE : cote C 1130mm, per\u00e7age 100x4, d\u00e9port (ET) 27-45mm, vis de roue coniques M12x1.5.\",\"breadcrumb\":{\"@id\":\"https:\\\/\\\/trailer-center.shop\\\/fr\\\/produit\\\/essieu-basic-750kg-non-freine-type-dessieu-700-5\\\/#breadcrumb\"},\"inLanguage\":\"fr-FR\",\"potentialAction\":[{\"@type\":\"ReadAction\",\"target\":[\"https:\\\/\\\/trailer-center.shop\\\/fr\\\/produit\\\/essieu-basic-750kg-non-freine-type-dessieu-700-5\\\/\"]}]},{\"@type\":\"ImageObject\",\"inLanguage\":\"fr-FR\",\"@id\":\"https:\\\/\\\/trailer-center.shop\\\/fr\\\/produit\\\/essieu-basic-750kg-non-freine-type-dessieu-700-5\\\/#primaryimage\",\"url\":\"https:\\\/\\\/trailer-center.shop\\\/wp-content\\\/uploads\\\/2021\\\/07\\\/alko-700-5.jpg\",\"contentUrl\":\"https:\\\/\\\/trailer-center.shop\\\/wp-content\\\/uploads\\\/2021\\\/07\\\/alko-700-5.jpg\",\"width\":1024,\"height\":1024},{\"@type\":\"BreadcrumbList\",\"@id\":\"https:\\\/\\\/trailer-center.shop\\\/fr\\\/produit\\\/essieu-basic-750kg-non-freine-type-dessieu-700-5\\\/#breadcrumb\",\"itemListElement\":[{\"@type\":\"ListItem\",\"position\":1,\"name\":\"Startseite\",\"item\":\"https:\\\/\\\/trailer-center.shop\\\/fr\\\/\"},{\"@type\":\"ListItem\",\"position\":2,\"name\":\"Shop\",\"item\":\"https:\\\/\\\/trailer-center.shop\\\/shop\\\/\"},{\"@type\":\"ListItem\",\"position\":3,\"name\":\"Essieu BASIC 750kg non frein\u00e9 type d&#8217;essieu 700-5\"}]},{\"@type\":\"WebSite\",\"@id\":\"https:\\\/\\\/trailer-center.shop\\\/fr\\\/#website\",\"url\":\"https:\\\/\\\/trailer-center.shop\\\/fr\\\/\",\"name\":\"Trailer Center Discount\",\"description\":\"The world of Trailer parts\",\"potentialAction\":[{\"@type\":\"SearchAction\",\"target\":{\"@type\":\"EntryPoint\",\"urlTemplate\":\"https:\\\/\\\/trailer-center.shop\\\/fr\\\/?s={search_term_string}\"},\"query-input\":{\"@type\":\"PropertyValueSpecification\",\"valueRequired\":true,\"valueName\":\"search_term_string\"}}],\"inLanguage\":\"fr-FR\"}]}<\/script>\n<!-- \/ Yoast SEO plugin. -->","yoast_head_json":{"title":"Essieu BASIC 750kg non frein\u00e9 type d'essieu 700-5","description":"EAB : cote A 700mm, VOIE : cote C 1130mm, per\u00e7age 100x4, d\u00e9port (ET) 27-45mm, vis de roue coniques M12x1.5.","robots":{"index":"index","follow":"follow","max-snippet":"max-snippet:-1","max-image-preview":"max-image-preview:large","max-video-preview":"max-video-preview:-1"},"canonical":"https:\/\/trailer-center.shop\/fr\/produit\/essieu-basic-750kg-non-freine-type-dessieu-700-5\/","og_locale":"fr_FR","og_type":"article","og_title":"Essieu BASIC 750kg non frein\u00e9 type d'essieu 700-5","og_description":"EAB : cote A 700mm, VOIE : cote C 1130mm, per\u00e7age 100x4, d\u00e9port (ET) 27-45mm, vis de roue coniques M12x1.5.","og_url":"https:\/\/trailer-center.shop\/fr\/produit\/essieu-basic-750kg-non-freine-type-dessieu-700-5\/","og_site_name":"Trailer Center Discount","article_modified_time":"2021-10-08T13:12:20+00:00","og_image":[{"width":1024,"height":1024,"url":"https:\/\/trailer-center.shop\/wp-content\/uploads\/2021\/07\/alko-700-5.jpg","type":"image\/jpeg"}],"twitter_card":"summary_large_image","twitter_misc":{"Dur\u00e9e de lecture estim\u00e9e":"1 minute"},"schema":{"@context":"https:\/\/schema.org","@graph":[{"@type":"WebPage","@id":"https:\/\/trailer-center.shop\/fr\/produit\/essieu-basic-750kg-non-freine-type-dessieu-700-5\/","url":"https:\/\/trailer-center.shop\/fr\/produit\/essieu-basic-750kg-non-freine-type-dessieu-700-5\/","name":"Essieu BASIC 750kg non frein\u00e9 type d'essieu 700-5","isPartOf":{"@id":"https:\/\/trailer-center.shop\/fr\/#website"},"primaryImageOfPage":{"@id":"https:\/\/trailer-center.shop\/fr\/produit\/essieu-basic-750kg-non-freine-type-dessieu-700-5\/#primaryimage"},"image":{"@id":"https:\/\/trailer-center.shop\/fr\/produit\/essieu-basic-750kg-non-freine-type-dessieu-700-5\/#primaryimage"},"thumbnailUrl":"https:\/\/trailer-center.shop\/wp-content\/uploads\/2021\/07\/alko-700-5.jpg","datePublished":"2021-10-08T13:05:05+00:00","dateModified":"2021-10-08T13:12:20+00:00","description":"EAB : cote A 700mm, VOIE : cote C 1130mm, per\u00e7age 100x4, d\u00e9port (ET) 27-45mm, vis de roue coniques M12x1.5.","breadcrumb":{"@id":"https:\/\/trailer-center.shop\/fr\/produit\/essieu-basic-750kg-non-freine-type-dessieu-700-5\/#breadcrumb"},"inLanguage":"fr-FR","potentialAction":[{"@type":"ReadAction","target":["https:\/\/trailer-center.shop\/fr\/produit\/essieu-basic-750kg-non-freine-type-dessieu-700-5\/"]}]},{"@type":"ImageObject","inLanguage":"fr-FR","@id":"https:\/\/trailer-center.shop\/fr\/produit\/essieu-basic-750kg-non-freine-type-dessieu-700-5\/#primaryimage","url":"https:\/\/trailer-center.shop\/wp-content\/uploads\/2021\/07\/alko-700-5.jpg","contentUrl":"https:\/\/trailer-center.shop\/wp-content\/uploads\/2021\/07\/alko-700-5.jpg","width":1024,"height":1024},{"@type":"BreadcrumbList","@id":"https:\/\/trailer-center.shop\/fr\/produit\/essieu-basic-750kg-non-freine-type-dessieu-700-5\/#breadcrumb","itemListElement":[{"@type":"ListItem","position":1,"name":"Startseite","item":"https:\/\/trailer-center.shop\/fr\/"},{"@type":"ListItem","position":2,"name":"Shop","item":"https:\/\/trailer-center.shop\/shop\/"},{"@type":"ListItem","position":3,"name":"Essieu BASIC 750kg non frein\u00e9 type d&#8217;essieu 700-5"}]},{"@type":"WebSite","@id":"https:\/\/trailer-center.shop\/fr\/#website","url":"https:\/\/trailer-center.shop\/fr\/","name":"Trailer Center Discount","description":"The world of Trailer parts","potentialAction":[{"@type":"SearchAction","target":{"@type":"EntryPoint","urlTemplate":"https:\/\/trailer-center.shop\/fr\/?s={search_term_string}"},"query-input":{"@type":"PropertyValueSpecification","valueRequired":true,"valueName":"search_term_string"}}],"inLanguage":"fr-FR"}]}},"_links":{"self":[{"href":"https:\/\/trailer-center.shop\/fr\/wp-json\/wp\/v2\/product\/47035","targetHints":{"allow":["GET"]}}],"collection":[{"href":"https:\/\/trailer-center.shop\/fr\/wp-json\/wp\/v2\/product"}],"about":[{"href":"https:\/\/trailer-center.shop\/fr\/wp-json\/wp\/v2\/types\/product"}],"replies":[{"embeddable":true,"href":"https:\/\/trailer-center.shop\/fr\/wp-json\/wp\/v2\/comments?post=47035"}],"wp:featuredmedia":[{"embeddable":true,"href":"https:\/\/trailer-center.shop\/fr\/wp-json\/wp\/v2\/media\/29668"}],"wp:attachment":[{"href":"https:\/\/trailer-center.shop\/fr\/wp-json\/wp\/v2\/media?parent=47035"}],"wp:term":[{"taxonomy":"product_brand","embeddable":true,"href":"https:\/\/trailer-center.shop\/fr\/wp-json\/wp\/v2\/product_brand?post=47035"},{"taxonomy":"product_cat","embeddable":true,"href":"https:\/\/trailer-center.shop\/fr\/wp-json\/wp\/v2\/product_cat?post=47035"},{"taxonomy":"product_tag","embeddable":true,"href":"https:\/\/trailer-center.shop\/fr\/wp-json\/wp\/v2\/product_tag?post=47035"}],"curies":[{"name":"wp","href":"https:\/\/api.w.org\/{rel}","templated":true}]}}