{"id":42922,"date":"2021-10-07T12:52:43","date_gmt":"2021-10-07T12:52:43","guid":{"rendered":"https:\/\/trailer-center.shop\/produkt\/timon-reglable-en-hauteur-type-353-vb-version-g\/"},"modified":"2023-05-16T23:26:48","modified_gmt":"2023-05-16T23:26:48","slug":"timon-reglable-en-hauteur-type-353-vb-version-g","status":"publish","type":"product","link":"https:\/\/trailer-center.shop\/fr\/produit\/timon-reglable-en-hauteur-type-353-vb-version-g\/","title":{"rendered":"Timon r\u00e9glable en hauteur type 353 VB version G"},"content":{"rendered":"<h1>Timon r&eacute;glable en hauteur type 353 VB version G pour remorques &agrave; freinage &agrave; air 3500kg<\/p>\n<p><strong>Timon complet avec timon mont&eacute; <a title=\"Pi&egrave;ces d'accrochage coiffantes: Anneuax d'accrochage diam&egrave;tre D60 \/ 353 VB\" href=\"https:\/\/trailer-center.shop\/117\" target=\"_blank\" rel=\"noopener\">(sans pi&egrave;ces d&rsquo;accrochage)<\/a><\/strong><\/p>\n<p><strong><a title=\"Mode d'emploi AL-KO type 353VB \/ 501VB \/ 751VB\" href=\"https:\/\/trailer-center.shop\/33\" target=\"_blank\" rel=\"noopener\">MODE D&rsquo;EMPLOI<\/a><\/strong><br \/><strong><a title=\"Liste des pi&egrave;ces d&eacute;tach&eacute;es 353 VB 811551\" href=\"https:\/\/trailer-center.shop\/56\" target=\"_blank\" rel=\"noopener\">LISTE DES PI&Egrave;CES D&Eacute;TACH&Eacute;ES 811551<\/a><\/strong><\/p>\n<p><strong>TECHNIQUE<\/strong><br \/><strong>Type timon 353 VB version G<\/strong><br \/>Entretoise avec profil timon<br \/>Charge &agrave; la rotule autoris&eacute;e 150 kg<\/p>\n<p>Homologation de type ECE n&deg; :<br \/>E1 55R-01 0239<\/p>\n<p><strong>TRAITEMENT DE SURFACE<\/strong><br \/>Galvanis&eacute;<br \/>T&ecirc;tes d&rsquo;attelage, anneaux et diverses petites pi&egrave;ces zingu&eacute;s <strong>(non fournies)<\/strong><\/p>\n<p><a title=\"AL-KO Timons type 353 VB r&eacute;glables en hauteur jusqu'&agrave; 3500kg\" href=\"https:\/\/trailer-center.shop\/118\" target=\"_blank\" rel=\"noopener\"><strong>Ici, vous trouvez la page de catalogue sous forme de t&eacute;l&eacute;chargement pratique en format PDF.<\/strong><\/a><br \/><strong>Vous pouvez &eacute;galement saisir le code article issu du catalogue en tant que terme de recherche dans notre boutique.<\/strong><\/p>\n<\/h1>\n","protected":false},"excerpt":{"rendered":"<p>Timon r&eacute;glable en hauteur type 353 VB version G pour remorques &agrave; freinage &agrave; air 3500kg Timon complet avec timon mont&eacute; (sans pi&egrave;ces d&rsquo;accrochage) MODE D&rsquo;EMPLOILISTE DES PI&Egrave;CES D&Eacute;TACH&Eacute;ES 811551 TECHNIQUEType timon 353 VB version GEntretoise avec profil timonCharge &agrave; la rotule autoris&eacute;e 150 kg Homologation de type ECE n&deg; :E1 55R-01 0239 TRAITEMENT DE [&hellip;]<\/p>\n","protected":false},"featured_media":9172,"comment_status":"open","ping_status":"open","template":"","meta":[],"product_brand":[],"product_cat":[113,114,115,3609],"product_tag":[1260],"class_list":{"0":"post-42922","1":"product","2":"type-product","3":"status-publish","4":"has-post-thumbnail","6":"product_cat-element-du-chassis","7":"product_cat-element-du-chassis-al-ko","8":"product_cat-systemes-daccrochage","9":"product_cat-timons-reglables-en-hauteur-type-353-vb-pour-remorques-a-freinage-a-air-jusqua-3500kg","10":"product_tag-alko-353-vb","11":"pa_deichsellaenge-e-mm-2290-fr","12":"pa_deichsellaenge-e-mm-2450-fr","13":"pa_deichsellaenge-e-mm-2610-fr","14":"pa_deichsellange-e-mm-3569","15":"pa_deichsellange-e-mm-3571","16":"pa_deichsellange-e-mm-3573","17":"pa_deichsellange-e-mm-3575","18":"pa_deichsellange-e-mm-3577","19":"pa_gesamtlange-k-bei-0-mm-3190-fr","20":"pa_gesamtlange-k-bei-0-mm-3350-fr","21":"pa_gesamtlange-k-bei-0-mm-3510-fr","22":"pa_gesamtlange-k-bei-0-mm-3670-fr","23":"pa_gesamtlange-k-bei-0-mm-3830-fr","25":"first","26":"onbackorder","27":"taxable","28":"shipping-taxable","29":"purchasable","30":"product-type-variable"},"yoast_head":"<!-- This site is optimized with the Yoast SEO plugin v27.4 - https:\/\/yoast.com\/product\/yoast-seo-wordpress\/ -->\n<title>Timon r\u00e9glable en hauteur type 353 VB version G pour remorques \u00e0 freinage \u00e0 air 3500kg<\/title>\n<meta name=\"description\" content=\"longueur totale K (avec 0\u00b0) 3190mm, longueur du timon E 1970mm, profil timon 120x160mm, entretoise 750mm, charge \u00e0 la rotule autoris\u00e9e 150kg, sans pi\u00e8ces d&#039;a...\" \/>\n<meta name=\"robots\" content=\"index, follow, max-snippet:-1, max-image-preview:large, max-video-preview:-1\" \/>\n<link rel=\"canonical\" href=\"https:\/\/trailer-center.shop\/fr\/produit\/timon-reglable-en-hauteur-type-353-vb-version-g\/\" \/>\n<meta property=\"og:locale\" content=\"fr_FR\" \/>\n<meta property=\"og:type\" content=\"article\" \/>\n<meta property=\"og:title\" content=\"Timon r\u00e9glable en hauteur type 353 VB version G pour remorques \u00e0 freinage \u00e0 air 3500kg\" \/>\n<meta property=\"og:description\" content=\"longueur totale K (avec 0\u00b0) 3190mm, longueur du timon E 1970mm, profil timon 120x160mm, entretoise 750mm, charge \u00e0 la rotule autoris\u00e9e 150kg, sans pi\u00e8ces d&#039;a...\" \/>\n<meta property=\"og:url\" content=\"https:\/\/trailer-center.shop\/fr\/produit\/timon-reglable-en-hauteur-type-353-vb-version-g\/\" \/>\n<meta property=\"og:site_name\" content=\"Trailer Center Discount\" \/>\n<meta property=\"article:modified_time\" content=\"2023-05-16T23:26:48+00:00\" \/>\n<meta property=\"og:image\" content=\"https:\/\/trailer-center.shop\/wp-content\/uploads\/2021\/04\/alko-353vb.jpg\" \/>\n\t<meta property=\"og:image:width\" content=\"1024\" \/>\n\t<meta property=\"og:image:height\" content=\"1024\" \/>\n\t<meta property=\"og:image:type\" content=\"image\/jpeg\" \/>\n<meta name=\"twitter:card\" content=\"summary_large_image\" \/>\n<meta name=\"twitter:label1\" content=\"Dur\u00e9e de lecture estim\u00e9e\" \/>\n\t<meta name=\"twitter:data1\" content=\"1 minute\" \/>\n<script type=\"application\/ld+json\" class=\"yoast-schema-graph\">{\"@context\":\"https:\\\/\\\/schema.org\",\"@graph\":[{\"@type\":\"WebPage\",\"@id\":\"https:\\\/\\\/trailer-center.shop\\\/fr\\\/produit\\\/timon-reglable-en-hauteur-type-353-vb-version-g\\\/\",\"url\":\"https:\\\/\\\/trailer-center.shop\\\/fr\\\/produit\\\/timon-reglable-en-hauteur-type-353-vb-version-g\\\/\",\"name\":\"Timon r\u00e9glable en hauteur type 353 VB version G pour remorques \u00e0 freinage \u00e0 air 3500kg\",\"isPartOf\":{\"@id\":\"https:\\\/\\\/trailer-center.shop\\\/fr\\\/#website\"},\"primaryImageOfPage\":{\"@id\":\"https:\\\/\\\/trailer-center.shop\\\/fr\\\/produit\\\/timon-reglable-en-hauteur-type-353-vb-version-g\\\/#primaryimage\"},\"image\":{\"@id\":\"https:\\\/\\\/trailer-center.shop\\\/fr\\\/produit\\\/timon-reglable-en-hauteur-type-353-vb-version-g\\\/#primaryimage\"},\"thumbnailUrl\":\"https:\\\/\\\/trailer-center.shop\\\/wp-content\\\/uploads\\\/2021\\\/04\\\/alko-353vb.jpg\",\"datePublished\":\"2021-10-07T12:52:43+00:00\",\"dateModified\":\"2023-05-16T23:26:48+00:00\",\"description\":\"longueur totale K (avec 0\u00b0) 3190mm, longueur du timon E 1970mm, profil timon 120x160mm, entretoise 750mm, charge \u00e0 la rotule autoris\u00e9e 150kg, sans pi\u00e8ces d'a...\",\"breadcrumb\":{\"@id\":\"https:\\\/\\\/trailer-center.shop\\\/fr\\\/produit\\\/timon-reglable-en-hauteur-type-353-vb-version-g\\\/#breadcrumb\"},\"inLanguage\":\"fr-FR\",\"potentialAction\":[{\"@type\":\"ReadAction\",\"target\":[\"https:\\\/\\\/trailer-center.shop\\\/fr\\\/produit\\\/timon-reglable-en-hauteur-type-353-vb-version-g\\\/\"]}]},{\"@type\":\"ImageObject\",\"inLanguage\":\"fr-FR\",\"@id\":\"https:\\\/\\\/trailer-center.shop\\\/fr\\\/produit\\\/timon-reglable-en-hauteur-type-353-vb-version-g\\\/#primaryimage\",\"url\":\"https:\\\/\\\/trailer-center.shop\\\/wp-content\\\/uploads\\\/2021\\\/04\\\/alko-353vb.jpg\",\"contentUrl\":\"https:\\\/\\\/trailer-center.shop\\\/wp-content\\\/uploads\\\/2021\\\/04\\\/alko-353vb.jpg\",\"width\":1024,\"height\":1024},{\"@type\":\"BreadcrumbList\",\"@id\":\"https:\\\/\\\/trailer-center.shop\\\/fr\\\/produit\\\/timon-reglable-en-hauteur-type-353-vb-version-g\\\/#breadcrumb\",\"itemListElement\":[{\"@type\":\"ListItem\",\"position\":1,\"name\":\"Startseite\",\"item\":\"https:\\\/\\\/trailer-center.shop\\\/fr\\\/\"},{\"@type\":\"ListItem\",\"position\":2,\"name\":\"Shop\",\"item\":\"https:\\\/\\\/trailer-center.shop\\\/shop\\\/\"},{\"@type\":\"ListItem\",\"position\":3,\"name\":\"Timon r\u00e9glable en hauteur type 353 VB version G\"}]},{\"@type\":\"WebSite\",\"@id\":\"https:\\\/\\\/trailer-center.shop\\\/fr\\\/#website\",\"url\":\"https:\\\/\\\/trailer-center.shop\\\/fr\\\/\",\"name\":\"Trailer Center Discount\",\"description\":\"The world of Trailer parts\",\"potentialAction\":[{\"@type\":\"SearchAction\",\"target\":{\"@type\":\"EntryPoint\",\"urlTemplate\":\"https:\\\/\\\/trailer-center.shop\\\/fr\\\/?s={search_term_string}\"},\"query-input\":{\"@type\":\"PropertyValueSpecification\",\"valueRequired\":true,\"valueName\":\"search_term_string\"}}],\"inLanguage\":\"fr-FR\"}]}<\/script>\n<!-- \/ Yoast SEO plugin. -->","yoast_head_json":{"title":"Timon r\u00e9glable en hauteur type 353 VB version G pour remorques \u00e0 freinage \u00e0 air 3500kg","description":"longueur totale K (avec 0\u00b0) 3190mm, longueur du timon E 1970mm, profil timon 120x160mm, entretoise 750mm, charge \u00e0 la rotule autoris\u00e9e 150kg, sans pi\u00e8ces d'a...","robots":{"index":"index","follow":"follow","max-snippet":"max-snippet:-1","max-image-preview":"max-image-preview:large","max-video-preview":"max-video-preview:-1"},"canonical":"https:\/\/trailer-center.shop\/fr\/produit\/timon-reglable-en-hauteur-type-353-vb-version-g\/","og_locale":"fr_FR","og_type":"article","og_title":"Timon r\u00e9glable en hauteur type 353 VB version G pour remorques \u00e0 freinage \u00e0 air 3500kg","og_description":"longueur totale K (avec 0\u00b0) 3190mm, longueur du timon E 1970mm, profil timon 120x160mm, entretoise 750mm, charge \u00e0 la rotule autoris\u00e9e 150kg, sans pi\u00e8ces d'a...","og_url":"https:\/\/trailer-center.shop\/fr\/produit\/timon-reglable-en-hauteur-type-353-vb-version-g\/","og_site_name":"Trailer Center Discount","article_modified_time":"2023-05-16T23:26:48+00:00","og_image":[{"width":1024,"height":1024,"url":"https:\/\/trailer-center.shop\/wp-content\/uploads\/2021\/04\/alko-353vb.jpg","type":"image\/jpeg"}],"twitter_card":"summary_large_image","twitter_misc":{"Dur\u00e9e de lecture estim\u00e9e":"1 minute"},"schema":{"@context":"https:\/\/schema.org","@graph":[{"@type":"WebPage","@id":"https:\/\/trailer-center.shop\/fr\/produit\/timon-reglable-en-hauteur-type-353-vb-version-g\/","url":"https:\/\/trailer-center.shop\/fr\/produit\/timon-reglable-en-hauteur-type-353-vb-version-g\/","name":"Timon r\u00e9glable en hauteur type 353 VB version G pour remorques \u00e0 freinage \u00e0 air 3500kg","isPartOf":{"@id":"https:\/\/trailer-center.shop\/fr\/#website"},"primaryImageOfPage":{"@id":"https:\/\/trailer-center.shop\/fr\/produit\/timon-reglable-en-hauteur-type-353-vb-version-g\/#primaryimage"},"image":{"@id":"https:\/\/trailer-center.shop\/fr\/produit\/timon-reglable-en-hauteur-type-353-vb-version-g\/#primaryimage"},"thumbnailUrl":"https:\/\/trailer-center.shop\/wp-content\/uploads\/2021\/04\/alko-353vb.jpg","datePublished":"2021-10-07T12:52:43+00:00","dateModified":"2023-05-16T23:26:48+00:00","description":"longueur totale K (avec 0\u00b0) 3190mm, longueur du timon E 1970mm, profil timon 120x160mm, entretoise 750mm, charge \u00e0 la rotule autoris\u00e9e 150kg, sans pi\u00e8ces d'a...","breadcrumb":{"@id":"https:\/\/trailer-center.shop\/fr\/produit\/timon-reglable-en-hauteur-type-353-vb-version-g\/#breadcrumb"},"inLanguage":"fr-FR","potentialAction":[{"@type":"ReadAction","target":["https:\/\/trailer-center.shop\/fr\/produit\/timon-reglable-en-hauteur-type-353-vb-version-g\/"]}]},{"@type":"ImageObject","inLanguage":"fr-FR","@id":"https:\/\/trailer-center.shop\/fr\/produit\/timon-reglable-en-hauteur-type-353-vb-version-g\/#primaryimage","url":"https:\/\/trailer-center.shop\/wp-content\/uploads\/2021\/04\/alko-353vb.jpg","contentUrl":"https:\/\/trailer-center.shop\/wp-content\/uploads\/2021\/04\/alko-353vb.jpg","width":1024,"height":1024},{"@type":"BreadcrumbList","@id":"https:\/\/trailer-center.shop\/fr\/produit\/timon-reglable-en-hauteur-type-353-vb-version-g\/#breadcrumb","itemListElement":[{"@type":"ListItem","position":1,"name":"Startseite","item":"https:\/\/trailer-center.shop\/fr\/"},{"@type":"ListItem","position":2,"name":"Shop","item":"https:\/\/trailer-center.shop\/shop\/"},{"@type":"ListItem","position":3,"name":"Timon r\u00e9glable en hauteur type 353 VB version G"}]},{"@type":"WebSite","@id":"https:\/\/trailer-center.shop\/fr\/#website","url":"https:\/\/trailer-center.shop\/fr\/","name":"Trailer Center Discount","description":"The world of Trailer parts","potentialAction":[{"@type":"SearchAction","target":{"@type":"EntryPoint","urlTemplate":"https:\/\/trailer-center.shop\/fr\/?s={search_term_string}"},"query-input":{"@type":"PropertyValueSpecification","valueRequired":true,"valueName":"search_term_string"}}],"inLanguage":"fr-FR"}]}},"_links":{"self":[{"href":"https:\/\/trailer-center.shop\/fr\/wp-json\/wp\/v2\/product\/42922","targetHints":{"allow":["GET"]}}],"collection":[{"href":"https:\/\/trailer-center.shop\/fr\/wp-json\/wp\/v2\/product"}],"about":[{"href":"https:\/\/trailer-center.shop\/fr\/wp-json\/wp\/v2\/types\/product"}],"replies":[{"embeddable":true,"href":"https:\/\/trailer-center.shop\/fr\/wp-json\/wp\/v2\/comments?post=42922"}],"wp:featuredmedia":[{"embeddable":true,"href":"https:\/\/trailer-center.shop\/fr\/wp-json\/wp\/v2\/media\/9172"}],"wp:attachment":[{"href":"https:\/\/trailer-center.shop\/fr\/wp-json\/wp\/v2\/media?parent=42922"}],"wp:term":[{"taxonomy":"product_brand","embeddable":true,"href":"https:\/\/trailer-center.shop\/fr\/wp-json\/wp\/v2\/product_brand?post=42922"},{"taxonomy":"product_cat","embeddable":true,"href":"https:\/\/trailer-center.shop\/fr\/wp-json\/wp\/v2\/product_cat?post=42922"},{"taxonomy":"product_tag","embeddable":true,"href":"https:\/\/trailer-center.shop\/fr\/wp-json\/wp\/v2\/product_tag?post=42922"}],"curies":[{"name":"wp","href":"https:\/\/api.w.org\/{rel}","templated":true}]}}