{"id":42716,"date":"2021-10-07T12:39:57","date_gmt":"2021-10-07T12:39:57","guid":{"rendered":"https:\/\/trailer-center.shop\/produkt\/timon-type-k4-version-a1\/"},"modified":"2021-10-07T12:41:15","modified_gmt":"2021-10-07T12:41:15","slug":"timon-type-k4-version-a1","status":"publish","type":"product","link":"https:\/\/trailer-center.shop\/fr\/produit\/timon-type-k4-version-a1\/","title":{"rendered":"Timon type K4 version A1"},"content":{"rendered":"<h1>Timon type K4 version A1 carr&eacute; coud&eacute; jusqu&rsquo;&agrave; 750kg pour remorques non frein&eacute;es<\/p>\n<p><strong><a title=\"AL-KO Notice de montage\" href=\"https:\/\/trailer-center.shop\/1\" target=\"_blank\" rel=\"noopener\">NOTICE DE MONTAGE<\/a><\/strong><\/p>\n<p><strong>TECHNIQUE<\/strong><br \/><strong>Type K4 &#8211; version A1<\/strong><br \/>PTAC max. 750 kg<br \/>Charge &agrave; la rotule autoris&eacute;e 75 kg<br \/>T&ecirc;te d&rsquo;attelage type AK 7<\/p>\n<p>Homologation de type ECE n&deg; :<br \/>E1 55R-01 0914<\/p>\n<p><strong>LES PLUS<\/strong><br \/>T&eacute;moin de verrouillage de s&eacute;rie<br \/>Collier de roue jockey disponible en post-&eacute;quipement<\/p>\n<p><strong>CONTENU DE LA LIVRAISON<\/strong><br \/>Voir croquis, y compris<br \/>B&eacute;quille 203 037<br \/>Collier de serrage 589 087<br \/>Support de prise 218 260 00 04<\/p>\n<p><strong>TRAITEMENT DE SURFACE<\/strong><br \/>Galvanis&eacute;<\/p>\n<p><a title=\"AL-KO Timon type K4 version A1\" href=\"https:\/\/trailer-center.shop\/43\" target=\"_blank\" rel=\"noopener\"><strong>Ici, vous trouvez la page de catalogue sous forme de t&eacute;l&eacute;chargement pratique en format PDF.<\/strong><\/a><br \/><strong>Vous pouvez &eacute;galement saisir le code article issu du catalogue en tant que terme de recherche dans notre boutique.<\/strong><\/p>\n<\/h1>\n","protected":false},"excerpt":{"rendered":"<p>Timon type K4 version A1 carr&eacute; coud&eacute; jusqu&rsquo;&agrave; 750kg pour remorques non frein&eacute;es NOTICE DE MONTAGE TECHNIQUEType K4 &#8211; version A1PTAC max. 750 kgCharge &agrave; la rotule autoris&eacute;e 75 kgT&ecirc;te d&rsquo;attelage type AK 7 Homologation de type ECE n&deg; :E1 55R-01 0914 LES PLUST&eacute;moin de verrouillage de s&eacute;rieCollier de roue jockey disponible en post-&eacute;quipement CONTENU [&hellip;]<\/p>\n","protected":false},"featured_media":229,"comment_status":"open","ping_status":"open","template":"","meta":[],"product_brand":[],"product_cat":[113,114,115,1457],"product_tag":[1412],"class_list":{"0":"post-42716","1":"product","2":"type-product","3":"status-publish","4":"has-post-thumbnail","6":"product_cat-element-du-chassis","7":"product_cat-element-du-chassis-al-ko","8":"product_cat-systemes-daccrochage","9":"product_cat-timons-carres-coudes-jusqua-750kg","10":"product_tag-alko-k4-a1","12":"first","13":"onbackorder","14":"taxable","15":"shipping-taxable","16":"purchasable","17":"product-type-variable"},"yoast_head":"<!-- This site is optimized with the Yoast SEO plugin v27.3 - https:\/\/yoast.com\/product\/yoast-seo-wordpress\/ -->\n<title>Timon type K4 version A1 carr\u00e9 coud\u00e9 jusqu\u2019\u00e0 750kg<\/title>\n<meta name=\"description\" content=\"cote A 1370mm, profil timon 60x60x3mm, charge \u00e0 la rotule autoris\u00e9e 75kg, t\u00eate d\u2019attelage type AK 7, y compris b\u00e9quille, collier de serrage et sup...\" \/>\n<meta name=\"robots\" content=\"index, follow, max-snippet:-1, max-image-preview:large, max-video-preview:-1\" \/>\n<link rel=\"canonical\" href=\"https:\/\/trailer-center.shop\/fr\/produit\/timon-type-k4-version-a1\/\" \/>\n<meta property=\"og:locale\" content=\"fr_FR\" \/>\n<meta property=\"og:type\" content=\"article\" \/>\n<meta property=\"og:title\" content=\"Timon type K4 version A1 carr\u00e9 coud\u00e9 jusqu\u2019\u00e0 750kg\" \/>\n<meta property=\"og:description\" content=\"cote A 1370mm, profil timon 60x60x3mm, charge \u00e0 la rotule autoris\u00e9e 75kg, t\u00eate d\u2019attelage type AK 7, y compris b\u00e9quille, collier de serrage et sup...\" \/>\n<meta property=\"og:url\" content=\"https:\/\/trailer-center.shop\/fr\/produit\/timon-type-k4-version-a1\/\" \/>\n<meta property=\"og:site_name\" content=\"Trailer Center Discount\" \/>\n<meta property=\"article:modified_time\" content=\"2021-10-07T12:41:15+00:00\" \/>\n<meta property=\"og:image\" content=\"https:\/\/trailer-center.shop\/wp-content\/uploads\/2020\/08\/alko-k4-1a.jpg\" \/>\n\t<meta property=\"og:image:width\" content=\"1024\" \/>\n\t<meta property=\"og:image:height\" content=\"1024\" \/>\n\t<meta property=\"og:image:type\" content=\"image\/jpeg\" \/>\n<meta name=\"twitter:card\" content=\"summary_large_image\" \/>\n<meta name=\"twitter:label1\" content=\"Dur\u00e9e de lecture estim\u00e9e\" \/>\n\t<meta name=\"twitter:data1\" content=\"1 minute\" \/>\n<script type=\"application\/ld+json\" class=\"yoast-schema-graph\">{\"@context\":\"https:\\\/\\\/schema.org\",\"@graph\":[{\"@type\":\"WebPage\",\"@id\":\"https:\\\/\\\/trailer-center.shop\\\/fr\\\/produit\\\/timon-type-k4-version-a1\\\/\",\"url\":\"https:\\\/\\\/trailer-center.shop\\\/fr\\\/produit\\\/timon-type-k4-version-a1\\\/\",\"name\":\"Timon type K4 version A1 carr\u00e9 coud\u00e9 jusqu\u2019\u00e0 750kg\",\"isPartOf\":{\"@id\":\"https:\\\/\\\/trailer-center.shop\\\/fr\\\/#website\"},\"primaryImageOfPage\":{\"@id\":\"https:\\\/\\\/trailer-center.shop\\\/fr\\\/produit\\\/timon-type-k4-version-a1\\\/#primaryimage\"},\"image\":{\"@id\":\"https:\\\/\\\/trailer-center.shop\\\/fr\\\/produit\\\/timon-type-k4-version-a1\\\/#primaryimage\"},\"thumbnailUrl\":\"https:\\\/\\\/trailer-center.shop\\\/wp-content\\\/uploads\\\/2020\\\/08\\\/alko-k4-1a.jpg\",\"datePublished\":\"2021-10-07T12:39:57+00:00\",\"dateModified\":\"2021-10-07T12:41:15+00:00\",\"description\":\"cote A 1370mm, profil timon 60x60x3mm, charge \u00e0 la rotule autoris\u00e9e 75kg, t\u00eate d\u2019attelage type AK 7, y compris b\u00e9quille, collier de serrage et sup...\",\"breadcrumb\":{\"@id\":\"https:\\\/\\\/trailer-center.shop\\\/fr\\\/produit\\\/timon-type-k4-version-a1\\\/#breadcrumb\"},\"inLanguage\":\"fr-FR\",\"potentialAction\":[{\"@type\":\"ReadAction\",\"target\":[\"https:\\\/\\\/trailer-center.shop\\\/fr\\\/produit\\\/timon-type-k4-version-a1\\\/\"]}]},{\"@type\":\"ImageObject\",\"inLanguage\":\"fr-FR\",\"@id\":\"https:\\\/\\\/trailer-center.shop\\\/fr\\\/produit\\\/timon-type-k4-version-a1\\\/#primaryimage\",\"url\":\"https:\\\/\\\/trailer-center.shop\\\/wp-content\\\/uploads\\\/2020\\\/08\\\/alko-k4-1a.jpg\",\"contentUrl\":\"https:\\\/\\\/trailer-center.shop\\\/wp-content\\\/uploads\\\/2020\\\/08\\\/alko-k4-1a.jpg\",\"width\":1024,\"height\":1024},{\"@type\":\"BreadcrumbList\",\"@id\":\"https:\\\/\\\/trailer-center.shop\\\/fr\\\/produit\\\/timon-type-k4-version-a1\\\/#breadcrumb\",\"itemListElement\":[{\"@type\":\"ListItem\",\"position\":1,\"name\":\"Startseite\",\"item\":\"https:\\\/\\\/trailer-center.shop\\\/fr\\\/\"},{\"@type\":\"ListItem\",\"position\":2,\"name\":\"Shop\",\"item\":\"https:\\\/\\\/trailer-center.shop\\\/shop\\\/\"},{\"@type\":\"ListItem\",\"position\":3,\"name\":\"Timon type K4 version A1\"}]},{\"@type\":\"WebSite\",\"@id\":\"https:\\\/\\\/trailer-center.shop\\\/fr\\\/#website\",\"url\":\"https:\\\/\\\/trailer-center.shop\\\/fr\\\/\",\"name\":\"Trailer Center Discount\",\"description\":\"The world of Trailer parts\",\"potentialAction\":[{\"@type\":\"SearchAction\",\"target\":{\"@type\":\"EntryPoint\",\"urlTemplate\":\"https:\\\/\\\/trailer-center.shop\\\/fr\\\/?s={search_term_string}\"},\"query-input\":{\"@type\":\"PropertyValueSpecification\",\"valueRequired\":true,\"valueName\":\"search_term_string\"}}],\"inLanguage\":\"fr-FR\"}]}<\/script>\n<!-- \/ Yoast SEO plugin. -->","yoast_head_json":{"title":"Timon type K4 version A1 carr\u00e9 coud\u00e9 jusqu\u2019\u00e0 750kg","description":"cote A 1370mm, profil timon 60x60x3mm, charge \u00e0 la rotule autoris\u00e9e 75kg, t\u00eate d\u2019attelage type AK 7, y compris b\u00e9quille, collier de serrage et sup...","robots":{"index":"index","follow":"follow","max-snippet":"max-snippet:-1","max-image-preview":"max-image-preview:large","max-video-preview":"max-video-preview:-1"},"canonical":"https:\/\/trailer-center.shop\/fr\/produit\/timon-type-k4-version-a1\/","og_locale":"fr_FR","og_type":"article","og_title":"Timon type K4 version A1 carr\u00e9 coud\u00e9 jusqu\u2019\u00e0 750kg","og_description":"cote A 1370mm, profil timon 60x60x3mm, charge \u00e0 la rotule autoris\u00e9e 75kg, t\u00eate d\u2019attelage type AK 7, y compris b\u00e9quille, collier de serrage et sup...","og_url":"https:\/\/trailer-center.shop\/fr\/produit\/timon-type-k4-version-a1\/","og_site_name":"Trailer Center Discount","article_modified_time":"2021-10-07T12:41:15+00:00","og_image":[{"width":1024,"height":1024,"url":"https:\/\/trailer-center.shop\/wp-content\/uploads\/2020\/08\/alko-k4-1a.jpg","type":"image\/jpeg"}],"twitter_card":"summary_large_image","twitter_misc":{"Dur\u00e9e de lecture estim\u00e9e":"1 minute"},"schema":{"@context":"https:\/\/schema.org","@graph":[{"@type":"WebPage","@id":"https:\/\/trailer-center.shop\/fr\/produit\/timon-type-k4-version-a1\/","url":"https:\/\/trailer-center.shop\/fr\/produit\/timon-type-k4-version-a1\/","name":"Timon type K4 version A1 carr\u00e9 coud\u00e9 jusqu\u2019\u00e0 750kg","isPartOf":{"@id":"https:\/\/trailer-center.shop\/fr\/#website"},"primaryImageOfPage":{"@id":"https:\/\/trailer-center.shop\/fr\/produit\/timon-type-k4-version-a1\/#primaryimage"},"image":{"@id":"https:\/\/trailer-center.shop\/fr\/produit\/timon-type-k4-version-a1\/#primaryimage"},"thumbnailUrl":"https:\/\/trailer-center.shop\/wp-content\/uploads\/2020\/08\/alko-k4-1a.jpg","datePublished":"2021-10-07T12:39:57+00:00","dateModified":"2021-10-07T12:41:15+00:00","description":"cote A 1370mm, profil timon 60x60x3mm, charge \u00e0 la rotule autoris\u00e9e 75kg, t\u00eate d\u2019attelage type AK 7, y compris b\u00e9quille, collier de serrage et sup...","breadcrumb":{"@id":"https:\/\/trailer-center.shop\/fr\/produit\/timon-type-k4-version-a1\/#breadcrumb"},"inLanguage":"fr-FR","potentialAction":[{"@type":"ReadAction","target":["https:\/\/trailer-center.shop\/fr\/produit\/timon-type-k4-version-a1\/"]}]},{"@type":"ImageObject","inLanguage":"fr-FR","@id":"https:\/\/trailer-center.shop\/fr\/produit\/timon-type-k4-version-a1\/#primaryimage","url":"https:\/\/trailer-center.shop\/wp-content\/uploads\/2020\/08\/alko-k4-1a.jpg","contentUrl":"https:\/\/trailer-center.shop\/wp-content\/uploads\/2020\/08\/alko-k4-1a.jpg","width":1024,"height":1024},{"@type":"BreadcrumbList","@id":"https:\/\/trailer-center.shop\/fr\/produit\/timon-type-k4-version-a1\/#breadcrumb","itemListElement":[{"@type":"ListItem","position":1,"name":"Startseite","item":"https:\/\/trailer-center.shop\/fr\/"},{"@type":"ListItem","position":2,"name":"Shop","item":"https:\/\/trailer-center.shop\/shop\/"},{"@type":"ListItem","position":3,"name":"Timon type K4 version A1"}]},{"@type":"WebSite","@id":"https:\/\/trailer-center.shop\/fr\/#website","url":"https:\/\/trailer-center.shop\/fr\/","name":"Trailer Center Discount","description":"The world of Trailer parts","potentialAction":[{"@type":"SearchAction","target":{"@type":"EntryPoint","urlTemplate":"https:\/\/trailer-center.shop\/fr\/?s={search_term_string}"},"query-input":{"@type":"PropertyValueSpecification","valueRequired":true,"valueName":"search_term_string"}}],"inLanguage":"fr-FR"}]}},"_links":{"self":[{"href":"https:\/\/trailer-center.shop\/fr\/wp-json\/wp\/v2\/product\/42716","targetHints":{"allow":["GET"]}}],"collection":[{"href":"https:\/\/trailer-center.shop\/fr\/wp-json\/wp\/v2\/product"}],"about":[{"href":"https:\/\/trailer-center.shop\/fr\/wp-json\/wp\/v2\/types\/product"}],"replies":[{"embeddable":true,"href":"https:\/\/trailer-center.shop\/fr\/wp-json\/wp\/v2\/comments?post=42716"}],"wp:featuredmedia":[{"embeddable":true,"href":"https:\/\/trailer-center.shop\/fr\/wp-json\/wp\/v2\/media\/229"}],"wp:attachment":[{"href":"https:\/\/trailer-center.shop\/fr\/wp-json\/wp\/v2\/media?parent=42716"}],"wp:term":[{"taxonomy":"product_brand","embeddable":true,"href":"https:\/\/trailer-center.shop\/fr\/wp-json\/wp\/v2\/product_brand?post=42716"},{"taxonomy":"product_cat","embeddable":true,"href":"https:\/\/trailer-center.shop\/fr\/wp-json\/wp\/v2\/product_cat?post=42716"},{"taxonomy":"product_tag","embeddable":true,"href":"https:\/\/trailer-center.shop\/fr\/wp-json\/wp\/v2\/product_tag?post=42716"}],"curies":[{"name":"wp","href":"https:\/\/api.w.org\/{rel}","templated":true}]}}