{"id":15308,"date":"2021-05-06T07:25:37","date_gmt":"2021-05-06T07:25:37","guid":{"rendered":"https:\/\/trailer-center.shop\/produkt\/timon-type-75-vu-version-a1-reglable-en-hauteur-jusqua-750kg-sans-support-de-roue-jockey-1730216\/"},"modified":"2021-05-06T07:25:59","modified_gmt":"2021-05-06T07:25:59","slug":"timon-type-75-vu-version-a1-reglable-en-hauteur-jusqua-750kg-sans-support-de-roue-jockey-1730216","status":"publish","type":"product","link":"https:\/\/trailer-center.shop\/fr\/produit\/timon-type-75-vu-version-a1-reglable-en-hauteur-jusqua-750kg-sans-support-de-roue-jockey-1730216\/","title":{"rendered":"Timon type 75 VU version A1 r\u00e9glable en hauteur jusqu&rsquo;a 750kg sans support de roue jockey &#8211; 1730216"},"content":{"rendered":"<h1>Timon type 75 VU version A1 r&eacute;glable en hauteur jusqu&rsquo;a 750kg sans support de roue jockey<\/h1>\n","protected":false},"excerpt":{"rendered":"<p>longueur totale K (avec 0\u00b0) 2409mm, longueur du timon E 1400mm, profil timon 70x70x4mm, entretoise 750mm, charge \u00e0 la rotule autoris\u00e9e 100kg, sans pi\u00e8ces d&rsquo;accrochage.<\/p>\n","protected":false},"featured_media":0,"comment_status":"open","ping_status":"open","template":"","meta":[],"product_brand":[],"product_cat":[15],"product_tag":[1101],"class_list":{"0":"post-15308","1":"product","2":"type-product","3":"status-publish","5":"product_cat-unkategorisiert","6":"product_tag-alko-75-vu","8":"first","9":"onbackorder","10":"taxable","11":"shipping-taxable","12":"purchasable","13":"product-type-simple"},"yoast_head":"<!-- This site is optimized with the Yoast SEO plugin v27.5 - https:\/\/yoast.com\/product\/yoast-seo-wordpress\/ -->\n<title>Timon type 75 VU version A1 r\u00e9glable en hauteur jusqu&#039;a 750kg sans support de roue jockey<\/title>\n<meta name=\"description\" content=\"longueur totale K (avec 0\u00b0) 2409mm, longueur du timon E 1400mm, profil timon 70x70x4mm, entretoise 750mm, charge \u00e0 la rotule autoris\u00e9e 100kg, sans pi\u00e8ces d&#039;a...\" \/>\n<meta name=\"robots\" content=\"index, follow, max-snippet:-1, max-image-preview:large, max-video-preview:-1\" \/>\n<link rel=\"canonical\" href=\"https:\/\/trailer-center.shop\/fr\/produit\/timon-type-75-vu-version-a1-reglable-en-hauteur-jusqua-750kg-sans-support-de-roue-jockey-1730216\/\" \/>\n<meta property=\"og:locale\" content=\"fr_FR\" \/>\n<meta property=\"og:type\" content=\"article\" \/>\n<meta property=\"og:title\" content=\"Timon type 75 VU version A1 r\u00e9glable en hauteur jusqu&#039;a 750kg sans support de roue jockey\" \/>\n<meta property=\"og:description\" content=\"longueur totale K (avec 0\u00b0) 2409mm, longueur du timon E 1400mm, profil timon 70x70x4mm, entretoise 750mm, charge \u00e0 la rotule autoris\u00e9e 100kg, sans pi\u00e8ces d&#039;a...\" \/>\n<meta property=\"og:url\" content=\"https:\/\/trailer-center.shop\/fr\/produit\/timon-type-75-vu-version-a1-reglable-en-hauteur-jusqua-750kg-sans-support-de-roue-jockey-1730216\/\" \/>\n<meta property=\"og:site_name\" content=\"Trailer Center Discount\" \/>\n<meta property=\"article:modified_time\" content=\"2021-05-06T07:25:59+00:00\" \/>\n<meta name=\"twitter:card\" content=\"summary_large_image\" \/>\n<script type=\"application\/ld+json\" class=\"yoast-schema-graph\">{\"@context\":\"https:\\\/\\\/schema.org\",\"@graph\":[{\"@type\":\"WebPage\",\"@id\":\"https:\\\/\\\/trailer-center.shop\\\/fr\\\/produit\\\/timon-type-75-vu-version-a1-reglable-en-hauteur-jusqua-750kg-sans-support-de-roue-jockey-1730216\\\/\",\"url\":\"https:\\\/\\\/trailer-center.shop\\\/fr\\\/produit\\\/timon-type-75-vu-version-a1-reglable-en-hauteur-jusqua-750kg-sans-support-de-roue-jockey-1730216\\\/\",\"name\":\"Timon type 75 VU version A1 r\u00e9glable en hauteur jusqu'a 750kg sans support de roue jockey\",\"isPartOf\":{\"@id\":\"https:\\\/\\\/trailer-center.shop\\\/fr\\\/#website\"},\"datePublished\":\"2021-05-06T07:25:37+00:00\",\"dateModified\":\"2021-05-06T07:25:59+00:00\",\"description\":\"longueur totale K (avec 0\u00b0) 2409mm, longueur du timon E 1400mm, profil timon 70x70x4mm, entretoise 750mm, charge \u00e0 la rotule autoris\u00e9e 100kg, sans pi\u00e8ces d'a...\",\"breadcrumb\":{\"@id\":\"https:\\\/\\\/trailer-center.shop\\\/fr\\\/produit\\\/timon-type-75-vu-version-a1-reglable-en-hauteur-jusqua-750kg-sans-support-de-roue-jockey-1730216\\\/#breadcrumb\"},\"inLanguage\":\"fr-FR\",\"potentialAction\":[{\"@type\":\"ReadAction\",\"target\":[\"https:\\\/\\\/trailer-center.shop\\\/fr\\\/produit\\\/timon-type-75-vu-version-a1-reglable-en-hauteur-jusqua-750kg-sans-support-de-roue-jockey-1730216\\\/\"]}]},{\"@type\":\"BreadcrumbList\",\"@id\":\"https:\\\/\\\/trailer-center.shop\\\/fr\\\/produit\\\/timon-type-75-vu-version-a1-reglable-en-hauteur-jusqua-750kg-sans-support-de-roue-jockey-1730216\\\/#breadcrumb\",\"itemListElement\":[{\"@type\":\"ListItem\",\"position\":1,\"name\":\"Startseite\",\"item\":\"https:\\\/\\\/trailer-center.shop\\\/fr\\\/\"},{\"@type\":\"ListItem\",\"position\":2,\"name\":\"Shop\",\"item\":\"https:\\\/\\\/trailer-center.shop\\\/shop\\\/\"},{\"@type\":\"ListItem\",\"position\":3,\"name\":\"Timon type 75 VU version A1 r\u00e9glable en hauteur jusqu&#8217;a 750kg sans support de roue jockey &#8211; 1730216\"}]},{\"@type\":\"WebSite\",\"@id\":\"https:\\\/\\\/trailer-center.shop\\\/fr\\\/#website\",\"url\":\"https:\\\/\\\/trailer-center.shop\\\/fr\\\/\",\"name\":\"Trailer Center Discount\",\"description\":\"The world of Trailer parts\",\"potentialAction\":[{\"@type\":\"SearchAction\",\"target\":{\"@type\":\"EntryPoint\",\"urlTemplate\":\"https:\\\/\\\/trailer-center.shop\\\/fr\\\/?s={search_term_string}\"},\"query-input\":{\"@type\":\"PropertyValueSpecification\",\"valueRequired\":true,\"valueName\":\"search_term_string\"}}],\"inLanguage\":\"fr-FR\"}]}<\/script>\n<!-- \/ Yoast SEO plugin. -->","yoast_head_json":{"title":"Timon type 75 VU version A1 r\u00e9glable en hauteur jusqu'a 750kg sans support de roue jockey","description":"longueur totale K (avec 0\u00b0) 2409mm, longueur du timon E 1400mm, profil timon 70x70x4mm, entretoise 750mm, charge \u00e0 la rotule autoris\u00e9e 100kg, sans pi\u00e8ces d'a...","robots":{"index":"index","follow":"follow","max-snippet":"max-snippet:-1","max-image-preview":"max-image-preview:large","max-video-preview":"max-video-preview:-1"},"canonical":"https:\/\/trailer-center.shop\/fr\/produit\/timon-type-75-vu-version-a1-reglable-en-hauteur-jusqua-750kg-sans-support-de-roue-jockey-1730216\/","og_locale":"fr_FR","og_type":"article","og_title":"Timon type 75 VU version A1 r\u00e9glable en hauteur jusqu'a 750kg sans support de roue jockey","og_description":"longueur totale K (avec 0\u00b0) 2409mm, longueur du timon E 1400mm, profil timon 70x70x4mm, entretoise 750mm, charge \u00e0 la rotule autoris\u00e9e 100kg, sans pi\u00e8ces d'a...","og_url":"https:\/\/trailer-center.shop\/fr\/produit\/timon-type-75-vu-version-a1-reglable-en-hauteur-jusqua-750kg-sans-support-de-roue-jockey-1730216\/","og_site_name":"Trailer Center Discount","article_modified_time":"2021-05-06T07:25:59+00:00","twitter_card":"summary_large_image","schema":{"@context":"https:\/\/schema.org","@graph":[{"@type":"WebPage","@id":"https:\/\/trailer-center.shop\/fr\/produit\/timon-type-75-vu-version-a1-reglable-en-hauteur-jusqua-750kg-sans-support-de-roue-jockey-1730216\/","url":"https:\/\/trailer-center.shop\/fr\/produit\/timon-type-75-vu-version-a1-reglable-en-hauteur-jusqua-750kg-sans-support-de-roue-jockey-1730216\/","name":"Timon type 75 VU version A1 r\u00e9glable en hauteur jusqu'a 750kg sans support de roue jockey","isPartOf":{"@id":"https:\/\/trailer-center.shop\/fr\/#website"},"datePublished":"2021-05-06T07:25:37+00:00","dateModified":"2021-05-06T07:25:59+00:00","description":"longueur totale K (avec 0\u00b0) 2409mm, longueur du timon E 1400mm, profil timon 70x70x4mm, entretoise 750mm, charge \u00e0 la rotule autoris\u00e9e 100kg, sans pi\u00e8ces d'a...","breadcrumb":{"@id":"https:\/\/trailer-center.shop\/fr\/produit\/timon-type-75-vu-version-a1-reglable-en-hauteur-jusqua-750kg-sans-support-de-roue-jockey-1730216\/#breadcrumb"},"inLanguage":"fr-FR","potentialAction":[{"@type":"ReadAction","target":["https:\/\/trailer-center.shop\/fr\/produit\/timon-type-75-vu-version-a1-reglable-en-hauteur-jusqua-750kg-sans-support-de-roue-jockey-1730216\/"]}]},{"@type":"BreadcrumbList","@id":"https:\/\/trailer-center.shop\/fr\/produit\/timon-type-75-vu-version-a1-reglable-en-hauteur-jusqua-750kg-sans-support-de-roue-jockey-1730216\/#breadcrumb","itemListElement":[{"@type":"ListItem","position":1,"name":"Startseite","item":"https:\/\/trailer-center.shop\/fr\/"},{"@type":"ListItem","position":2,"name":"Shop","item":"https:\/\/trailer-center.shop\/shop\/"},{"@type":"ListItem","position":3,"name":"Timon type 75 VU version A1 r\u00e9glable en hauteur jusqu&#8217;a 750kg sans support de roue jockey &#8211; 1730216"}]},{"@type":"WebSite","@id":"https:\/\/trailer-center.shop\/fr\/#website","url":"https:\/\/trailer-center.shop\/fr\/","name":"Trailer Center Discount","description":"The world of Trailer parts","potentialAction":[{"@type":"SearchAction","target":{"@type":"EntryPoint","urlTemplate":"https:\/\/trailer-center.shop\/fr\/?s={search_term_string}"},"query-input":{"@type":"PropertyValueSpecification","valueRequired":true,"valueName":"search_term_string"}}],"inLanguage":"fr-FR"}]}},"_links":{"self":[{"href":"https:\/\/trailer-center.shop\/fr\/wp-json\/wp\/v2\/product\/15308","targetHints":{"allow":["GET"]}}],"collection":[{"href":"https:\/\/trailer-center.shop\/fr\/wp-json\/wp\/v2\/product"}],"about":[{"href":"https:\/\/trailer-center.shop\/fr\/wp-json\/wp\/v2\/types\/product"}],"replies":[{"embeddable":true,"href":"https:\/\/trailer-center.shop\/fr\/wp-json\/wp\/v2\/comments?post=15308"}],"wp:attachment":[{"href":"https:\/\/trailer-center.shop\/fr\/wp-json\/wp\/v2\/media?parent=15308"}],"wp:term":[{"taxonomy":"product_brand","embeddable":true,"href":"https:\/\/trailer-center.shop\/fr\/wp-json\/wp\/v2\/product_brand?post=15308"},{"taxonomy":"product_cat","embeddable":true,"href":"https:\/\/trailer-center.shop\/fr\/wp-json\/wp\/v2\/product_cat?post=15308"},{"taxonomy":"product_tag","embeddable":true,"href":"https:\/\/trailer-center.shop\/fr\/wp-json\/wp\/v2\/product_tag?post=15308"}],"curies":[{"name":"wp","href":"https:\/\/api.w.org\/{rel}","templated":true}]}}