{"id":15303,"date":"2021-05-06T07:25:37","date_gmt":"2021-05-06T07:25:37","guid":{"rendered":"https:\/\/trailer-center.shop\/produkt\/timon-type-70-1-vo-version-c1-reglable-en-hauteur-jusqua-750kg-1222666\/"},"modified":"2021-05-06T07:25:52","modified_gmt":"2021-05-06T07:25:52","slug":"timon-type-70-1-vo-version-c1-reglable-en-hauteur-jusqua-750kg-1222666","status":"publish","type":"product","link":"https:\/\/trailer-center.shop\/fr\/produit\/timon-type-70-1-vo-version-c1-reglable-en-hauteur-jusqua-750kg-1222666\/","title":{"rendered":"Timon type 70.1 VO version C1 r\u00e9glable en hauteur jusqu&rsquo;\u00e0 750kg &#8211; 1222666"},"content":{"rendered":"<h1>Timon type 70.1 VO version C1 r&eacute;glable en hauteur jusqu&rsquo;&agrave; 750kg<\/h1>\n","protected":false},"excerpt":{"rendered":"<p>longueur totale K (avec 0\u00b0) 1709mm, longueur du timon E 700mm, profil timon 70x110x4mm, entretoise 750mm, charge \u00e0 la rotule autoris\u00e9e 100kg, sans pi\u00e8ces d&rsquo;accrochage.<\/p>\n","protected":false},"featured_media":8827,"comment_status":"open","ping_status":"open","template":"","meta":[],"product_brand":[],"product_cat":[15],"product_tag":[1292,1293,1294,1295,1296],"class_list":{"0":"post-15303","1":"product","2":"type-product","3":"status-publish","4":"has-post-thumbnail","6":"product_cat-unkategorisiert","7":"product_tag-height-adjustable-drawbar-up-to-750kg","8":"product_tag-hoehenverstellbare-zugeinrichtung-bis-750kg","9":"product_tag-lanza-de-remolque-articulada-hasta-750kg","10":"product_tag-repulsore-regolabile-in-altezza-fino-a-750kg","11":"product_tag-timon-reglable-en-hauteur-jusqua-750kg","13":"first","14":"onbackorder","15":"taxable","16":"shipping-taxable","17":"purchasable","18":"product-type-simple"},"yoast_head":"<!-- This site is optimized with the Yoast SEO plugin v27.4 - https:\/\/yoast.com\/product\/yoast-seo-wordpress\/ -->\n<title>Timon type 70.1 VO version C1 r\u00e9glable en hauteur jusqu&#039;a 750kg<\/title>\n<meta name=\"description\" content=\"longueur totale K (avec 0\u00b0) 1709mm, longueur du timon E 700mm, profil timon 70x110x4mm, entretoise 750mm, charge \u00e0 la rotule autoris\u00e9e 100kg, sans pi\u00e8ces d&#039;a...\" \/>\n<meta name=\"robots\" content=\"index, follow, max-snippet:-1, max-image-preview:large, max-video-preview:-1\" \/>\n<link rel=\"canonical\" href=\"https:\/\/trailer-center.shop\/fr\/produit\/timon-type-70-1-vo-version-c1-reglable-en-hauteur-jusqua-750kg-1222666\/\" \/>\n<meta property=\"og:locale\" content=\"fr_FR\" \/>\n<meta property=\"og:type\" content=\"article\" \/>\n<meta property=\"og:title\" content=\"Timon type 70.1 VO version C1 r\u00e9glable en hauteur jusqu&#039;a 750kg\" \/>\n<meta property=\"og:description\" content=\"longueur totale K (avec 0\u00b0) 1709mm, longueur du timon E 700mm, profil timon 70x110x4mm, entretoise 750mm, charge \u00e0 la rotule autoris\u00e9e 100kg, sans pi\u00e8ces d&#039;a...\" \/>\n<meta property=\"og:url\" content=\"https:\/\/trailer-center.shop\/fr\/produit\/timon-type-70-1-vo-version-c1-reglable-en-hauteur-jusqua-750kg-1222666\/\" \/>\n<meta property=\"og:site_name\" content=\"Trailer Center Discount\" \/>\n<meta property=\"article:modified_time\" content=\"2021-05-06T07:25:52+00:00\" \/>\n<meta property=\"og:image\" content=\"https:\/\/trailer-center.shop\/wp-content\/uploads\/2021\/04\/alko-701-vo.jpg\" \/>\n\t<meta property=\"og:image:width\" content=\"1024\" \/>\n\t<meta property=\"og:image:height\" content=\"1024\" \/>\n\t<meta property=\"og:image:type\" content=\"image\/jpeg\" \/>\n<meta name=\"twitter:card\" content=\"summary_large_image\" \/>\n<script type=\"application\/ld+json\" class=\"yoast-schema-graph\">{\"@context\":\"https:\\\/\\\/schema.org\",\"@graph\":[{\"@type\":\"WebPage\",\"@id\":\"https:\\\/\\\/trailer-center.shop\\\/fr\\\/produit\\\/timon-type-70-1-vo-version-c1-reglable-en-hauteur-jusqua-750kg-1222666\\\/\",\"url\":\"https:\\\/\\\/trailer-center.shop\\\/fr\\\/produit\\\/timon-type-70-1-vo-version-c1-reglable-en-hauteur-jusqua-750kg-1222666\\\/\",\"name\":\"Timon type 70.1 VO version C1 r\u00e9glable en hauteur jusqu'a 750kg\",\"isPartOf\":{\"@id\":\"https:\\\/\\\/trailer-center.shop\\\/fr\\\/#website\"},\"primaryImageOfPage\":{\"@id\":\"https:\\\/\\\/trailer-center.shop\\\/fr\\\/produit\\\/timon-type-70-1-vo-version-c1-reglable-en-hauteur-jusqua-750kg-1222666\\\/#primaryimage\"},\"image\":{\"@id\":\"https:\\\/\\\/trailer-center.shop\\\/fr\\\/produit\\\/timon-type-70-1-vo-version-c1-reglable-en-hauteur-jusqua-750kg-1222666\\\/#primaryimage\"},\"thumbnailUrl\":\"https:\\\/\\\/trailer-center.shop\\\/wp-content\\\/uploads\\\/2021\\\/04\\\/alko-701-vo.jpg\",\"datePublished\":\"2021-05-06T07:25:37+00:00\",\"dateModified\":\"2021-05-06T07:25:52+00:00\",\"description\":\"longueur totale K (avec 0\u00b0) 1709mm, longueur du timon E 700mm, profil timon 70x110x4mm, entretoise 750mm, charge \u00e0 la rotule autoris\u00e9e 100kg, sans pi\u00e8ces d'a...\",\"breadcrumb\":{\"@id\":\"https:\\\/\\\/trailer-center.shop\\\/fr\\\/produit\\\/timon-type-70-1-vo-version-c1-reglable-en-hauteur-jusqua-750kg-1222666\\\/#breadcrumb\"},\"inLanguage\":\"fr-FR\",\"potentialAction\":[{\"@type\":\"ReadAction\",\"target\":[\"https:\\\/\\\/trailer-center.shop\\\/fr\\\/produit\\\/timon-type-70-1-vo-version-c1-reglable-en-hauteur-jusqua-750kg-1222666\\\/\"]}]},{\"@type\":\"ImageObject\",\"inLanguage\":\"fr-FR\",\"@id\":\"https:\\\/\\\/trailer-center.shop\\\/fr\\\/produit\\\/timon-type-70-1-vo-version-c1-reglable-en-hauteur-jusqua-750kg-1222666\\\/#primaryimage\",\"url\":\"https:\\\/\\\/trailer-center.shop\\\/wp-content\\\/uploads\\\/2021\\\/04\\\/alko-701-vo.jpg\",\"contentUrl\":\"https:\\\/\\\/trailer-center.shop\\\/wp-content\\\/uploads\\\/2021\\\/04\\\/alko-701-vo.jpg\",\"width\":1024,\"height\":1024},{\"@type\":\"BreadcrumbList\",\"@id\":\"https:\\\/\\\/trailer-center.shop\\\/fr\\\/produit\\\/timon-type-70-1-vo-version-c1-reglable-en-hauteur-jusqua-750kg-1222666\\\/#breadcrumb\",\"itemListElement\":[{\"@type\":\"ListItem\",\"position\":1,\"name\":\"Startseite\",\"item\":\"https:\\\/\\\/trailer-center.shop\\\/fr\\\/\"},{\"@type\":\"ListItem\",\"position\":2,\"name\":\"Shop\",\"item\":\"https:\\\/\\\/trailer-center.shop\\\/shop\\\/\"},{\"@type\":\"ListItem\",\"position\":3,\"name\":\"Timon type 70.1 VO version C1 r\u00e9glable en hauteur jusqu&#8217;\u00e0 750kg &#8211; 1222666\"}]},{\"@type\":\"WebSite\",\"@id\":\"https:\\\/\\\/trailer-center.shop\\\/fr\\\/#website\",\"url\":\"https:\\\/\\\/trailer-center.shop\\\/fr\\\/\",\"name\":\"Trailer Center Discount\",\"description\":\"The world of Trailer parts\",\"potentialAction\":[{\"@type\":\"SearchAction\",\"target\":{\"@type\":\"EntryPoint\",\"urlTemplate\":\"https:\\\/\\\/trailer-center.shop\\\/fr\\\/?s={search_term_string}\"},\"query-input\":{\"@type\":\"PropertyValueSpecification\",\"valueRequired\":true,\"valueName\":\"search_term_string\"}}],\"inLanguage\":\"fr-FR\"}]}<\/script>\n<!-- \/ Yoast SEO plugin. -->","yoast_head_json":{"title":"Timon type 70.1 VO version C1 r\u00e9glable en hauteur jusqu'a 750kg","description":"longueur totale K (avec 0\u00b0) 1709mm, longueur du timon E 700mm, profil timon 70x110x4mm, entretoise 750mm, charge \u00e0 la rotule autoris\u00e9e 100kg, sans pi\u00e8ces d'a...","robots":{"index":"index","follow":"follow","max-snippet":"max-snippet:-1","max-image-preview":"max-image-preview:large","max-video-preview":"max-video-preview:-1"},"canonical":"https:\/\/trailer-center.shop\/fr\/produit\/timon-type-70-1-vo-version-c1-reglable-en-hauteur-jusqua-750kg-1222666\/","og_locale":"fr_FR","og_type":"article","og_title":"Timon type 70.1 VO version C1 r\u00e9glable en hauteur jusqu'a 750kg","og_description":"longueur totale K (avec 0\u00b0) 1709mm, longueur du timon E 700mm, profil timon 70x110x4mm, entretoise 750mm, charge \u00e0 la rotule autoris\u00e9e 100kg, sans pi\u00e8ces d'a...","og_url":"https:\/\/trailer-center.shop\/fr\/produit\/timon-type-70-1-vo-version-c1-reglable-en-hauteur-jusqua-750kg-1222666\/","og_site_name":"Trailer Center Discount","article_modified_time":"2021-05-06T07:25:52+00:00","og_image":[{"width":1024,"height":1024,"url":"https:\/\/trailer-center.shop\/wp-content\/uploads\/2021\/04\/alko-701-vo.jpg","type":"image\/jpeg"}],"twitter_card":"summary_large_image","schema":{"@context":"https:\/\/schema.org","@graph":[{"@type":"WebPage","@id":"https:\/\/trailer-center.shop\/fr\/produit\/timon-type-70-1-vo-version-c1-reglable-en-hauteur-jusqua-750kg-1222666\/","url":"https:\/\/trailer-center.shop\/fr\/produit\/timon-type-70-1-vo-version-c1-reglable-en-hauteur-jusqua-750kg-1222666\/","name":"Timon type 70.1 VO version C1 r\u00e9glable en hauteur jusqu'a 750kg","isPartOf":{"@id":"https:\/\/trailer-center.shop\/fr\/#website"},"primaryImageOfPage":{"@id":"https:\/\/trailer-center.shop\/fr\/produit\/timon-type-70-1-vo-version-c1-reglable-en-hauteur-jusqua-750kg-1222666\/#primaryimage"},"image":{"@id":"https:\/\/trailer-center.shop\/fr\/produit\/timon-type-70-1-vo-version-c1-reglable-en-hauteur-jusqua-750kg-1222666\/#primaryimage"},"thumbnailUrl":"https:\/\/trailer-center.shop\/wp-content\/uploads\/2021\/04\/alko-701-vo.jpg","datePublished":"2021-05-06T07:25:37+00:00","dateModified":"2021-05-06T07:25:52+00:00","description":"longueur totale K (avec 0\u00b0) 1709mm, longueur du timon E 700mm, profil timon 70x110x4mm, entretoise 750mm, charge \u00e0 la rotule autoris\u00e9e 100kg, sans pi\u00e8ces d'a...","breadcrumb":{"@id":"https:\/\/trailer-center.shop\/fr\/produit\/timon-type-70-1-vo-version-c1-reglable-en-hauteur-jusqua-750kg-1222666\/#breadcrumb"},"inLanguage":"fr-FR","potentialAction":[{"@type":"ReadAction","target":["https:\/\/trailer-center.shop\/fr\/produit\/timon-type-70-1-vo-version-c1-reglable-en-hauteur-jusqua-750kg-1222666\/"]}]},{"@type":"ImageObject","inLanguage":"fr-FR","@id":"https:\/\/trailer-center.shop\/fr\/produit\/timon-type-70-1-vo-version-c1-reglable-en-hauteur-jusqua-750kg-1222666\/#primaryimage","url":"https:\/\/trailer-center.shop\/wp-content\/uploads\/2021\/04\/alko-701-vo.jpg","contentUrl":"https:\/\/trailer-center.shop\/wp-content\/uploads\/2021\/04\/alko-701-vo.jpg","width":1024,"height":1024},{"@type":"BreadcrumbList","@id":"https:\/\/trailer-center.shop\/fr\/produit\/timon-type-70-1-vo-version-c1-reglable-en-hauteur-jusqua-750kg-1222666\/#breadcrumb","itemListElement":[{"@type":"ListItem","position":1,"name":"Startseite","item":"https:\/\/trailer-center.shop\/fr\/"},{"@type":"ListItem","position":2,"name":"Shop","item":"https:\/\/trailer-center.shop\/shop\/"},{"@type":"ListItem","position":3,"name":"Timon type 70.1 VO version C1 r\u00e9glable en hauteur jusqu&#8217;\u00e0 750kg &#8211; 1222666"}]},{"@type":"WebSite","@id":"https:\/\/trailer-center.shop\/fr\/#website","url":"https:\/\/trailer-center.shop\/fr\/","name":"Trailer Center Discount","description":"The world of Trailer parts","potentialAction":[{"@type":"SearchAction","target":{"@type":"EntryPoint","urlTemplate":"https:\/\/trailer-center.shop\/fr\/?s={search_term_string}"},"query-input":{"@type":"PropertyValueSpecification","valueRequired":true,"valueName":"search_term_string"}}],"inLanguage":"fr-FR"}]}},"_links":{"self":[{"href":"https:\/\/trailer-center.shop\/fr\/wp-json\/wp\/v2\/product\/15303","targetHints":{"allow":["GET"]}}],"collection":[{"href":"https:\/\/trailer-center.shop\/fr\/wp-json\/wp\/v2\/product"}],"about":[{"href":"https:\/\/trailer-center.shop\/fr\/wp-json\/wp\/v2\/types\/product"}],"replies":[{"embeddable":true,"href":"https:\/\/trailer-center.shop\/fr\/wp-json\/wp\/v2\/comments?post=15303"}],"wp:featuredmedia":[{"embeddable":true,"href":"https:\/\/trailer-center.shop\/fr\/wp-json\/wp\/v2\/media\/8827"}],"wp:attachment":[{"href":"https:\/\/trailer-center.shop\/fr\/wp-json\/wp\/v2\/media?parent=15303"}],"wp:term":[{"taxonomy":"product_brand","embeddable":true,"href":"https:\/\/trailer-center.shop\/fr\/wp-json\/wp\/v2\/product_brand?post=15303"},{"taxonomy":"product_cat","embeddable":true,"href":"https:\/\/trailer-center.shop\/fr\/wp-json\/wp\/v2\/product_cat?post=15303"},{"taxonomy":"product_tag","embeddable":true,"href":"https:\/\/trailer-center.shop\/fr\/wp-json\/wp\/v2\/product_tag?post=15303"}],"curies":[{"name":"wp","href":"https:\/\/api.w.org\/{rel}","templated":true}]}}