{"id":15257,"date":"2021-05-06T07:24:30","date_gmt":"2021-05-06T07:24:30","guid":{"rendered":"https:\/\/trailer-center.shop\/produkt\/timon-type-r4-version-a1-carre-droit-jusqua-750kg-1213557\/"},"modified":"2021-05-06T07:24:38","modified_gmt":"2021-05-06T07:24:38","slug":"timon-type-r4-version-a1-carre-droit-jusqua-750kg-1213557","status":"publish","type":"product","link":"https:\/\/trailer-center.shop\/fr\/produit\/timon-type-r4-version-a1-carre-droit-jusqua-750kg-1213557\/","title":{"rendered":"Timon type R4 version A1 carr\u00e9 droit jusqu\u2019\u00e0 750kg &#8211; 1213557"},"content":{"rendered":"<h1>Timon type R4 version A1 carr&eacute; droit jusqu&rsquo;&agrave; 750kg<\/h1>\n","protected":false},"excerpt":{"rendered":"<p>cote A 3995mm, profil timon 60x60x3mm, charge \u00e0 la rotule autoris\u00e9e 75kg, t\u00eate d\u2019attelage type AK 7, y compris b\u00e9quille, collier de serrage et support de prise.<\/p>\n","protected":false},"featured_media":7028,"comment_status":"open","ping_status":"open","template":"","meta":[],"product_brand":[],"product_cat":[15],"product_tag":[117,17,18,19,20],"class_list":{"0":"post-15257","1":"product","2":"type-product","3":"status-publish","4":"has-post-thumbnail","6":"product_cat-unkategorisiert","7":"product_tag-barre-de-traction","8":"product_tag-drawbar","9":"product_tag-lanza","10":"product_tag-timon","11":"product_tag-timone","13":"first","14":"onbackorder","15":"taxable","16":"shipping-taxable","17":"purchasable","18":"product-type-simple"},"yoast_head":"<!-- This site is optimized with the Yoast SEO plugin v27.4 - https:\/\/yoast.com\/product\/yoast-seo-wordpress\/ -->\n<title>Timon type R4 version A1 carr\u00e9 droit jusqu\u2019\u00e0 750kg<\/title>\n<meta name=\"description\" content=\"cote A 3995mm, profil timon 60x60x3mm, charge \u00e0 la rotule autoris\u00e9e 75kg, t\u00eate d\u2019attelage type AK 7, y compris b\u00e9quille, collier de serrage et sup...\" \/>\n<meta name=\"robots\" content=\"index, follow, max-snippet:-1, max-image-preview:large, max-video-preview:-1\" \/>\n<link rel=\"canonical\" href=\"https:\/\/trailer-center.shop\/fr\/produit\/timon-type-r4-version-a1-carre-droit-jusqua-750kg-1213557\/\" \/>\n<meta property=\"og:locale\" content=\"fr_FR\" \/>\n<meta property=\"og:type\" content=\"article\" \/>\n<meta property=\"og:title\" content=\"Timon type R4 version A1 carr\u00e9 droit jusqu\u2019\u00e0 750kg\" \/>\n<meta property=\"og:description\" content=\"cote A 3995mm, profil timon 60x60x3mm, charge \u00e0 la rotule autoris\u00e9e 75kg, t\u00eate d\u2019attelage type AK 7, y compris b\u00e9quille, collier de serrage et sup...\" \/>\n<meta property=\"og:url\" content=\"https:\/\/trailer-center.shop\/fr\/produit\/timon-type-r4-version-a1-carre-droit-jusqua-750kg-1213557\/\" \/>\n<meta property=\"og:site_name\" content=\"Trailer Center Discount\" \/>\n<meta property=\"article:modified_time\" content=\"2021-05-06T07:24:38+00:00\" \/>\n<meta property=\"og:image\" content=\"https:\/\/trailer-center.shop\/wp-content\/uploads\/2021\/02\/alko-r4-ausf-a1.jpg\" \/>\n\t<meta property=\"og:image:width\" content=\"1024\" \/>\n\t<meta property=\"og:image:height\" content=\"1024\" \/>\n\t<meta property=\"og:image:type\" content=\"image\/jpeg\" \/>\n<meta name=\"twitter:card\" content=\"summary_large_image\" \/>\n<script type=\"application\/ld+json\" class=\"yoast-schema-graph\">{\"@context\":\"https:\\\/\\\/schema.org\",\"@graph\":[{\"@type\":\"WebPage\",\"@id\":\"https:\\\/\\\/trailer-center.shop\\\/fr\\\/produit\\\/timon-type-r4-version-a1-carre-droit-jusqua-750kg-1213557\\\/\",\"url\":\"https:\\\/\\\/trailer-center.shop\\\/fr\\\/produit\\\/timon-type-r4-version-a1-carre-droit-jusqua-750kg-1213557\\\/\",\"name\":\"Timon type R4 version A1 carr\u00e9 droit jusqu\u2019\u00e0 750kg\",\"isPartOf\":{\"@id\":\"https:\\\/\\\/trailer-center.shop\\\/fr\\\/#website\"},\"primaryImageOfPage\":{\"@id\":\"https:\\\/\\\/trailer-center.shop\\\/fr\\\/produit\\\/timon-type-r4-version-a1-carre-droit-jusqua-750kg-1213557\\\/#primaryimage\"},\"image\":{\"@id\":\"https:\\\/\\\/trailer-center.shop\\\/fr\\\/produit\\\/timon-type-r4-version-a1-carre-droit-jusqua-750kg-1213557\\\/#primaryimage\"},\"thumbnailUrl\":\"https:\\\/\\\/trailer-center.shop\\\/wp-content\\\/uploads\\\/2021\\\/02\\\/alko-r4-ausf-a1.jpg\",\"datePublished\":\"2021-05-06T07:24:30+00:00\",\"dateModified\":\"2021-05-06T07:24:38+00:00\",\"description\":\"cote A 3995mm, profil timon 60x60x3mm, charge \u00e0 la rotule autoris\u00e9e 75kg, t\u00eate d\u2019attelage type AK 7, y compris b\u00e9quille, collier de serrage et sup...\",\"breadcrumb\":{\"@id\":\"https:\\\/\\\/trailer-center.shop\\\/fr\\\/produit\\\/timon-type-r4-version-a1-carre-droit-jusqua-750kg-1213557\\\/#breadcrumb\"},\"inLanguage\":\"fr-FR\",\"potentialAction\":[{\"@type\":\"ReadAction\",\"target\":[\"https:\\\/\\\/trailer-center.shop\\\/fr\\\/produit\\\/timon-type-r4-version-a1-carre-droit-jusqua-750kg-1213557\\\/\"]}]},{\"@type\":\"ImageObject\",\"inLanguage\":\"fr-FR\",\"@id\":\"https:\\\/\\\/trailer-center.shop\\\/fr\\\/produit\\\/timon-type-r4-version-a1-carre-droit-jusqua-750kg-1213557\\\/#primaryimage\",\"url\":\"https:\\\/\\\/trailer-center.shop\\\/wp-content\\\/uploads\\\/2021\\\/02\\\/alko-r4-ausf-a1.jpg\",\"contentUrl\":\"https:\\\/\\\/trailer-center.shop\\\/wp-content\\\/uploads\\\/2021\\\/02\\\/alko-r4-ausf-a1.jpg\",\"width\":1024,\"height\":1024},{\"@type\":\"BreadcrumbList\",\"@id\":\"https:\\\/\\\/trailer-center.shop\\\/fr\\\/produit\\\/timon-type-r4-version-a1-carre-droit-jusqua-750kg-1213557\\\/#breadcrumb\",\"itemListElement\":[{\"@type\":\"ListItem\",\"position\":1,\"name\":\"Startseite\",\"item\":\"https:\\\/\\\/trailer-center.shop\\\/fr\\\/\"},{\"@type\":\"ListItem\",\"position\":2,\"name\":\"Shop\",\"item\":\"https:\\\/\\\/trailer-center.shop\\\/shop\\\/\"},{\"@type\":\"ListItem\",\"position\":3,\"name\":\"Timon type R4 version A1 carr\u00e9 droit jusqu\u2019\u00e0 750kg &#8211; 1213557\"}]},{\"@type\":\"WebSite\",\"@id\":\"https:\\\/\\\/trailer-center.shop\\\/fr\\\/#website\",\"url\":\"https:\\\/\\\/trailer-center.shop\\\/fr\\\/\",\"name\":\"Trailer Center Discount\",\"description\":\"The world of Trailer parts\",\"potentialAction\":[{\"@type\":\"SearchAction\",\"target\":{\"@type\":\"EntryPoint\",\"urlTemplate\":\"https:\\\/\\\/trailer-center.shop\\\/fr\\\/?s={search_term_string}\"},\"query-input\":{\"@type\":\"PropertyValueSpecification\",\"valueRequired\":true,\"valueName\":\"search_term_string\"}}],\"inLanguage\":\"fr-FR\"}]}<\/script>\n<!-- \/ Yoast SEO plugin. -->","yoast_head_json":{"title":"Timon type R4 version A1 carr\u00e9 droit jusqu\u2019\u00e0 750kg","description":"cote A 3995mm, profil timon 60x60x3mm, charge \u00e0 la rotule autoris\u00e9e 75kg, t\u00eate d\u2019attelage type AK 7, y compris b\u00e9quille, collier de serrage et sup...","robots":{"index":"index","follow":"follow","max-snippet":"max-snippet:-1","max-image-preview":"max-image-preview:large","max-video-preview":"max-video-preview:-1"},"canonical":"https:\/\/trailer-center.shop\/fr\/produit\/timon-type-r4-version-a1-carre-droit-jusqua-750kg-1213557\/","og_locale":"fr_FR","og_type":"article","og_title":"Timon type R4 version A1 carr\u00e9 droit jusqu\u2019\u00e0 750kg","og_description":"cote A 3995mm, profil timon 60x60x3mm, charge \u00e0 la rotule autoris\u00e9e 75kg, t\u00eate d\u2019attelage type AK 7, y compris b\u00e9quille, collier de serrage et sup...","og_url":"https:\/\/trailer-center.shop\/fr\/produit\/timon-type-r4-version-a1-carre-droit-jusqua-750kg-1213557\/","og_site_name":"Trailer Center Discount","article_modified_time":"2021-05-06T07:24:38+00:00","og_image":[{"width":1024,"height":1024,"url":"https:\/\/trailer-center.shop\/wp-content\/uploads\/2021\/02\/alko-r4-ausf-a1.jpg","type":"image\/jpeg"}],"twitter_card":"summary_large_image","schema":{"@context":"https:\/\/schema.org","@graph":[{"@type":"WebPage","@id":"https:\/\/trailer-center.shop\/fr\/produit\/timon-type-r4-version-a1-carre-droit-jusqua-750kg-1213557\/","url":"https:\/\/trailer-center.shop\/fr\/produit\/timon-type-r4-version-a1-carre-droit-jusqua-750kg-1213557\/","name":"Timon type R4 version A1 carr\u00e9 droit jusqu\u2019\u00e0 750kg","isPartOf":{"@id":"https:\/\/trailer-center.shop\/fr\/#website"},"primaryImageOfPage":{"@id":"https:\/\/trailer-center.shop\/fr\/produit\/timon-type-r4-version-a1-carre-droit-jusqua-750kg-1213557\/#primaryimage"},"image":{"@id":"https:\/\/trailer-center.shop\/fr\/produit\/timon-type-r4-version-a1-carre-droit-jusqua-750kg-1213557\/#primaryimage"},"thumbnailUrl":"https:\/\/trailer-center.shop\/wp-content\/uploads\/2021\/02\/alko-r4-ausf-a1.jpg","datePublished":"2021-05-06T07:24:30+00:00","dateModified":"2021-05-06T07:24:38+00:00","description":"cote A 3995mm, profil timon 60x60x3mm, charge \u00e0 la rotule autoris\u00e9e 75kg, t\u00eate d\u2019attelage type AK 7, y compris b\u00e9quille, collier de serrage et sup...","breadcrumb":{"@id":"https:\/\/trailer-center.shop\/fr\/produit\/timon-type-r4-version-a1-carre-droit-jusqua-750kg-1213557\/#breadcrumb"},"inLanguage":"fr-FR","potentialAction":[{"@type":"ReadAction","target":["https:\/\/trailer-center.shop\/fr\/produit\/timon-type-r4-version-a1-carre-droit-jusqua-750kg-1213557\/"]}]},{"@type":"ImageObject","inLanguage":"fr-FR","@id":"https:\/\/trailer-center.shop\/fr\/produit\/timon-type-r4-version-a1-carre-droit-jusqua-750kg-1213557\/#primaryimage","url":"https:\/\/trailer-center.shop\/wp-content\/uploads\/2021\/02\/alko-r4-ausf-a1.jpg","contentUrl":"https:\/\/trailer-center.shop\/wp-content\/uploads\/2021\/02\/alko-r4-ausf-a1.jpg","width":1024,"height":1024},{"@type":"BreadcrumbList","@id":"https:\/\/trailer-center.shop\/fr\/produit\/timon-type-r4-version-a1-carre-droit-jusqua-750kg-1213557\/#breadcrumb","itemListElement":[{"@type":"ListItem","position":1,"name":"Startseite","item":"https:\/\/trailer-center.shop\/fr\/"},{"@type":"ListItem","position":2,"name":"Shop","item":"https:\/\/trailer-center.shop\/shop\/"},{"@type":"ListItem","position":3,"name":"Timon type R4 version A1 carr\u00e9 droit jusqu\u2019\u00e0 750kg &#8211; 1213557"}]},{"@type":"WebSite","@id":"https:\/\/trailer-center.shop\/fr\/#website","url":"https:\/\/trailer-center.shop\/fr\/","name":"Trailer Center Discount","description":"The world of Trailer parts","potentialAction":[{"@type":"SearchAction","target":{"@type":"EntryPoint","urlTemplate":"https:\/\/trailer-center.shop\/fr\/?s={search_term_string}"},"query-input":{"@type":"PropertyValueSpecification","valueRequired":true,"valueName":"search_term_string"}}],"inLanguage":"fr-FR"}]}},"_links":{"self":[{"href":"https:\/\/trailer-center.shop\/fr\/wp-json\/wp\/v2\/product\/15257","targetHints":{"allow":["GET"]}}],"collection":[{"href":"https:\/\/trailer-center.shop\/fr\/wp-json\/wp\/v2\/product"}],"about":[{"href":"https:\/\/trailer-center.shop\/fr\/wp-json\/wp\/v2\/types\/product"}],"replies":[{"embeddable":true,"href":"https:\/\/trailer-center.shop\/fr\/wp-json\/wp\/v2\/comments?post=15257"}],"wp:featuredmedia":[{"embeddable":true,"href":"https:\/\/trailer-center.shop\/fr\/wp-json\/wp\/v2\/media\/7028"}],"wp:attachment":[{"href":"https:\/\/trailer-center.shop\/fr\/wp-json\/wp\/v2\/media?parent=15257"}],"wp:term":[{"taxonomy":"product_brand","embeddable":true,"href":"https:\/\/trailer-center.shop\/fr\/wp-json\/wp\/v2\/product_brand?post=15257"},{"taxonomy":"product_cat","embeddable":true,"href":"https:\/\/trailer-center.shop\/fr\/wp-json\/wp\/v2\/product_cat?post=15257"},{"taxonomy":"product_tag","embeddable":true,"href":"https:\/\/trailer-center.shop\/fr\/wp-json\/wp\/v2\/product_tag?post=15257"}],"curies":[{"name":"wp","href":"https:\/\/api.w.org\/{rel}","templated":true}]}}