{"id":15717,"date":"2021-04-29T08:59:56","date_gmt":"2021-05-06T08:26:04","guid":{"rendered":"https:\/\/trailer-center.shop\/produkt\/estribo-de-apoyo-para-lanzas-de-remolque-de-tubo-sin-freno-203037-203037\/"},"modified":"2024-06-05T16:21:02","modified_gmt":"2024-06-05T16:21:02","slug":"estribo-de-apoyo-para-lanzas-de-remolque-de-tubo-sin-freno-203037-203037","status":"publish","type":"product","link":"https:\/\/trailer-center.shop\/es\/producto\/estribo-de-apoyo-para-lanzas-de-remolque-de-tubo-sin-freno-203037-203037\/","title":{"rendered":"Estribo de apoyo para lanzas de remolque de tubo sin freno &#8211; 203037"},"content":{"rendered":"<h1>Estribo de apoyo para lanzas de remolque de tubo sin freno, 203037<\/h1>\n<p><strong>N.\u00ba de ref. 203037<\/strong><br \/>\n<strong>Altura 85mm.<\/strong><\/p>\n<p>Un estribo jockey protege el cabezal de la suciedad por contacto con el suelo.<\/p>\n<p><a title=\"AL-KO Estribo de apoyo para lanzas de remolque de tubo sin freno\" href=\"https:\/\/trailer-center.shop\/17\" target=\"_blank\" rel=\"noopener\"><strong>Aqu\u00ed puede encontrar la p\u00e1gina del cat\u00e1logo en un c\u00f3modo formato PDF para descargar.<\/strong><\/a><br \/>\n<strong>Tambi\u00e9n puede introducir el n\u00famero de pedido del cat\u00e1logo como t\u00e9rmino de b\u00fasqueda en nuestra tienda.<\/strong><\/p>\n","protected":false},"excerpt":{"rendered":"<p>altura 85mm. Un estribo jockey protege el cabezal de la suciedad por contacto con el suelo.<\/p>\n","protected":false},"featured_media":930,"comment_status":"open","ping_status":"closed","template":"","meta":[],"product_brand":[],"product_cat":[118,119,120],"product_tag":[],"class_list":{"0":"post-15717","1":"product","2":"type-product","3":"status-publish","4":"has-post-thumbnail","6":"product_cat-chasis-de-remolque-piezas","7":"product_cat-chasis-de-remolque-piezas-al-ko","8":"product_cat-lanzas","10":"first","11":"onbackorder","12":"taxable","13":"shipping-taxable","14":"purchasable","15":"product-type-simple"},"yoast_head":"<!-- This site is optimized with the Yoast SEO plugin v27.4 - https:\/\/yoast.com\/product\/yoast-seo-wordpress\/ -->\n<title>Estribo de apoyo para lanzas de remolque de tubo sin freno<\/title>\n<meta name=\"description\" content=\"Altura 85mm. Un estribo jockey protege el cabezal de la suciedad por contacto con el suelo.\" \/>\n<meta name=\"robots\" content=\"index, follow, max-snippet:-1, max-image-preview:large, max-video-preview:-1\" \/>\n<link rel=\"canonical\" href=\"https:\/\/trailer-center.shop\/es\/producto\/estribo-de-apoyo-para-lanzas-de-remolque-de-tubo-sin-freno-203037-203037\/\" \/>\n<meta property=\"og:locale\" content=\"es_ES\" \/>\n<meta property=\"og:type\" content=\"article\" \/>\n<meta property=\"og:title\" content=\"Estribo de apoyo para lanzas de remolque de tubo sin freno\" \/>\n<meta property=\"og:description\" content=\"Altura 85mm. Un estribo jockey protege el cabezal de la suciedad por contacto con el suelo.\" \/>\n<meta property=\"og:url\" content=\"https:\/\/trailer-center.shop\/es\/producto\/estribo-de-apoyo-para-lanzas-de-remolque-de-tubo-sin-freno-203037-203037\/\" \/>\n<meta property=\"og:site_name\" content=\"Trailer Center Discount\" \/>\n<meta property=\"article:modified_time\" content=\"2024-06-05T16:21:02+00:00\" \/>\n<meta property=\"og:image\" content=\"https:\/\/trailer-center.shop\/wp-content\/uploads\/2020\/08\/alko-203037.jpg\" \/>\n\t<meta property=\"og:image:width\" content=\"1024\" \/>\n\t<meta property=\"og:image:height\" content=\"1024\" \/>\n\t<meta property=\"og:image:type\" content=\"image\/jpeg\" \/>\n<meta name=\"twitter:card\" content=\"summary_large_image\" \/>\n<script type=\"application\/ld+json\" class=\"yoast-schema-graph\">{\"@context\":\"https:\\\/\\\/schema.org\",\"@graph\":[{\"@type\":\"WebPage\",\"@id\":\"https:\\\/\\\/trailer-center.shop\\\/es\\\/producto\\\/estribo-de-apoyo-para-lanzas-de-remolque-de-tubo-sin-freno-203037-203037\\\/\",\"url\":\"https:\\\/\\\/trailer-center.shop\\\/es\\\/producto\\\/estribo-de-apoyo-para-lanzas-de-remolque-de-tubo-sin-freno-203037-203037\\\/\",\"name\":\"Estribo de apoyo para lanzas de remolque de tubo sin freno\",\"isPartOf\":{\"@id\":\"https:\\\/\\\/trailer-center.shop\\\/es\\\/#website\"},\"primaryImageOfPage\":{\"@id\":\"https:\\\/\\\/trailer-center.shop\\\/es\\\/producto\\\/estribo-de-apoyo-para-lanzas-de-remolque-de-tubo-sin-freno-203037-203037\\\/#primaryimage\"},\"image\":{\"@id\":\"https:\\\/\\\/trailer-center.shop\\\/es\\\/producto\\\/estribo-de-apoyo-para-lanzas-de-remolque-de-tubo-sin-freno-203037-203037\\\/#primaryimage\"},\"thumbnailUrl\":\"https:\\\/\\\/trailer-center.shop\\\/wp-content\\\/uploads\\\/2020\\\/08\\\/alko-203037.jpg\",\"datePublished\":\"2021-05-06T08:26:04+00:00\",\"dateModified\":\"2024-06-05T16:21:02+00:00\",\"description\":\"Altura 85mm. Un estribo jockey protege el cabezal de la suciedad por contacto con el suelo.\",\"breadcrumb\":{\"@id\":\"https:\\\/\\\/trailer-center.shop\\\/es\\\/producto\\\/estribo-de-apoyo-para-lanzas-de-remolque-de-tubo-sin-freno-203037-203037\\\/#breadcrumb\"},\"inLanguage\":\"es\",\"potentialAction\":[{\"@type\":\"ReadAction\",\"target\":[\"https:\\\/\\\/trailer-center.shop\\\/es\\\/producto\\\/estribo-de-apoyo-para-lanzas-de-remolque-de-tubo-sin-freno-203037-203037\\\/\"]}]},{\"@type\":\"ImageObject\",\"inLanguage\":\"es\",\"@id\":\"https:\\\/\\\/trailer-center.shop\\\/es\\\/producto\\\/estribo-de-apoyo-para-lanzas-de-remolque-de-tubo-sin-freno-203037-203037\\\/#primaryimage\",\"url\":\"https:\\\/\\\/trailer-center.shop\\\/wp-content\\\/uploads\\\/2020\\\/08\\\/alko-203037.jpg\",\"contentUrl\":\"https:\\\/\\\/trailer-center.shop\\\/wp-content\\\/uploads\\\/2020\\\/08\\\/alko-203037.jpg\",\"width\":1024,\"height\":1024},{\"@type\":\"BreadcrumbList\",\"@id\":\"https:\\\/\\\/trailer-center.shop\\\/es\\\/producto\\\/estribo-de-apoyo-para-lanzas-de-remolque-de-tubo-sin-freno-203037-203037\\\/#breadcrumb\",\"itemListElement\":[{\"@type\":\"ListItem\",\"position\":1,\"name\":\"Startseite\",\"item\":\"https:\\\/\\\/trailer-center.shop\\\/es\\\/\"},{\"@type\":\"ListItem\",\"position\":2,\"name\":\"Shop\",\"item\":\"https:\\\/\\\/trailer-center.shop\\\/shop\\\/\"},{\"@type\":\"ListItem\",\"position\":3,\"name\":\"Estribo de apoyo para lanzas de remolque de tubo sin freno &#8211; 203037\"}]},{\"@type\":\"WebSite\",\"@id\":\"https:\\\/\\\/trailer-center.shop\\\/es\\\/#website\",\"url\":\"https:\\\/\\\/trailer-center.shop\\\/es\\\/\",\"name\":\"Trailer Center Discount\",\"description\":\"The world of Trailer parts\",\"potentialAction\":[{\"@type\":\"SearchAction\",\"target\":{\"@type\":\"EntryPoint\",\"urlTemplate\":\"https:\\\/\\\/trailer-center.shop\\\/es\\\/?s={search_term_string}\"},\"query-input\":{\"@type\":\"PropertyValueSpecification\",\"valueRequired\":true,\"valueName\":\"search_term_string\"}}],\"inLanguage\":\"es\"}]}<\/script>\n<!-- \/ Yoast SEO plugin. -->","yoast_head_json":{"title":"Estribo de apoyo para lanzas de remolque de tubo sin freno","description":"Altura 85mm. Un estribo jockey protege el cabezal de la suciedad por contacto con el suelo.","robots":{"index":"index","follow":"follow","max-snippet":"max-snippet:-1","max-image-preview":"max-image-preview:large","max-video-preview":"max-video-preview:-1"},"canonical":"https:\/\/trailer-center.shop\/es\/producto\/estribo-de-apoyo-para-lanzas-de-remolque-de-tubo-sin-freno-203037-203037\/","og_locale":"es_ES","og_type":"article","og_title":"Estribo de apoyo para lanzas de remolque de tubo sin freno","og_description":"Altura 85mm. Un estribo jockey protege el cabezal de la suciedad por contacto con el suelo.","og_url":"https:\/\/trailer-center.shop\/es\/producto\/estribo-de-apoyo-para-lanzas-de-remolque-de-tubo-sin-freno-203037-203037\/","og_site_name":"Trailer Center Discount","article_modified_time":"2024-06-05T16:21:02+00:00","og_image":[{"width":1024,"height":1024,"url":"https:\/\/trailer-center.shop\/wp-content\/uploads\/2020\/08\/alko-203037.jpg","type":"image\/jpeg"}],"twitter_card":"summary_large_image","schema":{"@context":"https:\/\/schema.org","@graph":[{"@type":"WebPage","@id":"https:\/\/trailer-center.shop\/es\/producto\/estribo-de-apoyo-para-lanzas-de-remolque-de-tubo-sin-freno-203037-203037\/","url":"https:\/\/trailer-center.shop\/es\/producto\/estribo-de-apoyo-para-lanzas-de-remolque-de-tubo-sin-freno-203037-203037\/","name":"Estribo de apoyo para lanzas de remolque de tubo sin freno","isPartOf":{"@id":"https:\/\/trailer-center.shop\/es\/#website"},"primaryImageOfPage":{"@id":"https:\/\/trailer-center.shop\/es\/producto\/estribo-de-apoyo-para-lanzas-de-remolque-de-tubo-sin-freno-203037-203037\/#primaryimage"},"image":{"@id":"https:\/\/trailer-center.shop\/es\/producto\/estribo-de-apoyo-para-lanzas-de-remolque-de-tubo-sin-freno-203037-203037\/#primaryimage"},"thumbnailUrl":"https:\/\/trailer-center.shop\/wp-content\/uploads\/2020\/08\/alko-203037.jpg","datePublished":"2021-05-06T08:26:04+00:00","dateModified":"2024-06-05T16:21:02+00:00","description":"Altura 85mm. Un estribo jockey protege el cabezal de la suciedad por contacto con el suelo.","breadcrumb":{"@id":"https:\/\/trailer-center.shop\/es\/producto\/estribo-de-apoyo-para-lanzas-de-remolque-de-tubo-sin-freno-203037-203037\/#breadcrumb"},"inLanguage":"es","potentialAction":[{"@type":"ReadAction","target":["https:\/\/trailer-center.shop\/es\/producto\/estribo-de-apoyo-para-lanzas-de-remolque-de-tubo-sin-freno-203037-203037\/"]}]},{"@type":"ImageObject","inLanguage":"es","@id":"https:\/\/trailer-center.shop\/es\/producto\/estribo-de-apoyo-para-lanzas-de-remolque-de-tubo-sin-freno-203037-203037\/#primaryimage","url":"https:\/\/trailer-center.shop\/wp-content\/uploads\/2020\/08\/alko-203037.jpg","contentUrl":"https:\/\/trailer-center.shop\/wp-content\/uploads\/2020\/08\/alko-203037.jpg","width":1024,"height":1024},{"@type":"BreadcrumbList","@id":"https:\/\/trailer-center.shop\/es\/producto\/estribo-de-apoyo-para-lanzas-de-remolque-de-tubo-sin-freno-203037-203037\/#breadcrumb","itemListElement":[{"@type":"ListItem","position":1,"name":"Startseite","item":"https:\/\/trailer-center.shop\/es\/"},{"@type":"ListItem","position":2,"name":"Shop","item":"https:\/\/trailer-center.shop\/shop\/"},{"@type":"ListItem","position":3,"name":"Estribo de apoyo para lanzas de remolque de tubo sin freno &#8211; 203037"}]},{"@type":"WebSite","@id":"https:\/\/trailer-center.shop\/es\/#website","url":"https:\/\/trailer-center.shop\/es\/","name":"Trailer Center Discount","description":"The world of Trailer parts","potentialAction":[{"@type":"SearchAction","target":{"@type":"EntryPoint","urlTemplate":"https:\/\/trailer-center.shop\/es\/?s={search_term_string}"},"query-input":{"@type":"PropertyValueSpecification","valueRequired":true,"valueName":"search_term_string"}}],"inLanguage":"es"}]}},"_links":{"self":[{"href":"https:\/\/trailer-center.shop\/es\/wp-json\/wp\/v2\/product\/15717","targetHints":{"allow":["GET"]}}],"collection":[{"href":"https:\/\/trailer-center.shop\/es\/wp-json\/wp\/v2\/product"}],"about":[{"href":"https:\/\/trailer-center.shop\/es\/wp-json\/wp\/v2\/types\/product"}],"replies":[{"embeddable":true,"href":"https:\/\/trailer-center.shop\/es\/wp-json\/wp\/v2\/comments?post=15717"}],"wp:featuredmedia":[{"embeddable":true,"href":"https:\/\/trailer-center.shop\/es\/wp-json\/wp\/v2\/media\/930"}],"wp:attachment":[{"href":"https:\/\/trailer-center.shop\/es\/wp-json\/wp\/v2\/media?parent=15717"}],"wp:term":[{"taxonomy":"product_brand","embeddable":true,"href":"https:\/\/trailer-center.shop\/es\/wp-json\/wp\/v2\/product_brand?post=15717"},{"taxonomy":"product_cat","embeddable":true,"href":"https:\/\/trailer-center.shop\/es\/wp-json\/wp\/v2\/product_cat?post=15717"},{"taxonomy":"product_tag","embeddable":true,"href":"https:\/\/trailer-center.shop\/es\/wp-json\/wp\/v2\/product_tag?post=15717"}],"curies":[{"name":"wp","href":"https:\/\/api.w.org\/{rel}","templated":true}]}}