{"id":15705,"date":"2021-05-06T08:49:21","date_gmt":"2021-05-06T08:49:21","guid":{"rendered":"https:\/\/trailer-center.shop\/produkt\/instalacion-de-lanza-de-remolque-v-tipo-profi-ze3500-0-a-3500kg-1730936-1730936-2\/"},"modified":"2021-05-06T08:49:23","modified_gmt":"2021-05-06T08:49:23","slug":"instalacion-de-lanza-de-remolque-v-tipo-profi-ze3500-0-a-3500kg-1730936-1730936","status":"publish","type":"product","link":"https:\/\/trailer-center.shop\/es\/producto\/instalacion-de-lanza-de-remolque-v-tipo-profi-ze3500-0-a-3500kg-1730936-1730936\/","title":{"rendered":"Instalaci\u00f3n de lanza de remolque V tipo PROFI ZE3500, 0 a 3500kg, 1730936 &#8211; 1730936"},"content":{"rendered":"<h1>Instalaci\u00f3n de lanza de remolque V tipo PROFI ZE3500, 0 a 3500kg, 1730936, para remolques con freno neum\u00e1tico<\/h1>\n<p><strong>N.\u00ba de ref. 1730936<br \/><\/strong><\/p>\n<table style=\"height: 25px; width: 50%; border-collapse: collapse; background-color: #f8f8f8;\" border=\"0\">\n<tbody>\n<tr style=\"height: 25px;\">\n<td style=\"width: 50%; height: 25px;\"><strong>Tipo<\/strong><\/td>\n<td style=\"width: 50%; height: 25px; text-align: right;\">ZE3500<\/td>\n<\/tr>\n<\/tbody>\n<\/table>\n<table style=\"height: 25px; width: 50%; border-collapse: collapse; background-color: #eceded;\" border=\"0\">\n<tbody>\n<tr>\n<td style=\"width: 50%;\"><strong>Peso total en kg<br \/><\/strong><\/td>\n<td style=\"width: 50%; text-align: right;\">0 &#8211; 3500<\/td>\n<\/tr>\n<\/tbody>\n<\/table>\n<table style=\"height: 25px; width: 50%; border-collapse: collapse; background-color: #f8f8f8;\" border=\"0\">\n<tbody>\n<tr style=\"height: 25px;\">\n<td style=\"width: 50%; height: 25px;\"><strong>Carga en bola en kg<br \/><\/strong><\/td>\n<td style=\"width: 50%; text-align: right; height: 25px;\">350<\/td>\n<\/tr>\n<\/tbody>\n<\/table>\n<table style=\"height: 25px; width: 50%; border-collapse: collapse; background-color: #eceded;\" border=\"0\">\n<tbody>\n<tr style=\"height: 25px;\">\n<td style=\"width: 50%; height: 25px;\"><strong>Versi\u00f3n instalaci\u00f3n de lanza de remolque<br \/><\/strong><\/td>\n<td style=\"width: 50%; text-align: right; height: 25px;\"><strong>superior + inferior<br \/><\/strong><\/td>\n<\/tr>\n<\/tbody>\n<\/table>\n<table style=\"height: 25px; width: 50%; border-collapse: collapse; background-color: #f8f8f8;\" border=\"0\">\n<tbody>\n<tr style=\"height: 25px;\">\n<td style=\"width: 50%; height: 25px;\"><strong>tubo de tracci\u00f3n giratorio<br \/><\/strong><\/td>\n<td style=\"width: 50%; height: 25px; text-align: right;\">s\u00ed (360\u00b0)<\/td>\n<\/tr>\n<\/tbody>\n<\/table>\n<table style=\"height: 25px; width: 50%; border-collapse: collapse; background-color: #eceded;\" border=\"0\">\n<tbody>\n<tr style=\"height: 25px;\">\n<td style=\"width: 50%; height: 25px;\"><strong>Enganche montado<\/strong><\/td>\n<td style=\"width: 50%; height: 25px; text-align: right;\">sin<\/td>\n<\/tr>\n<\/tbody>\n<\/table>\n<table style=\"height: 25px; width: 50%; border-collapse: collapse; background-color: #f8f8f8;\" border=\"0\">\n<tbody>\n<tr style=\"height: 25px;\">\n<td style=\"width: 50%; height: 25px;\"><strong>N.\u00b0 de homologaci\u00f3n de modelo ECE<\/strong><\/td>\n<td style=\"width: 50%; height: 25px; text-align: right;\">Instalaci\u00f3n de lanza de remolque: E1 55R-01 1649<\/td>\n<\/tr>\n<\/tbody>\n<\/table>\n<table style=\"height: 25px; width: 50%; border-collapse: collapse; background-color: #eceded;\" border=\"0\">\n<tbody>\n<tr>\n<td style=\"width: 50%;\"><strong>N\u00famero de identificaci\u00f3n de la pieza de repuesto (ETI)<\/strong><\/td>\n<td style=\"width: 50%; text-align: right;\"><a title=\"AL-KO Instalaci\u00f3n de lanza de remolque V Profi ZE3500 para remolques con freno neum\u00e1tico\" href=\"https:\/\/trailer-center.shop\/8\" target=\"_blank\" rel=\"noopener\"><strong>811828<\/strong><\/a><\/td>\n<\/tr>\n<\/tbody>\n<\/table>\n<p>\u00a0<\/p>\n<p><strong>COMPOSICI\u00d3N DE ENTREGA<\/strong><br \/>Instalaci\u00f3n de lanza de remolque (v\u00e9ase fig.)<br \/>Soporte de enchufe (suelto)<br \/>Directriz de fabricaci\u00f3n de carrocer\u00edas, n.\u00ba de art. (no se incluye<br \/>en el composici\u00f3n de entrega)<\/p>\n<p><strong>ACCESORIOS<\/strong><br \/>(Debe pedirse por separado)<br \/>Elementos de acoplamiento, v\u00e9ase el \u00edndice.<br \/>Abrazadera \u00d848\/60mm n.\u00ba de art. 1224196.<br \/>La brida central no se puede montar.<\/p>\n<p><a title=\"AL-KO Instalaci\u00f3n de lanza de remolque V Profi 3500 para remolques con freno neum\u00e1tico\" href=\"https:\/\/trailer-center.shop\/16\" target=\"_blank\" rel=\"noopener\"><strong>Aqu\u00ed puede encontrar la p\u00e1gina del cat\u00e1logo en un c\u00f3modo formato PDF para descargar.<\/strong><\/a><\/p>\n","protected":false},"excerpt":{"rendered":"<p>conexi\u00f3n 165\/207mm, carga en bola 350kg, versi\u00f3n instalaci\u00f3n de lanza de remolque abajo + arriba, tubo de tracci\u00f3n giratorio: s\u00ed (360\u00b0), sin elementos de acoplamientos.<\/p>\n","protected":false},"featured_media":0,"comment_status":"open","ping_status":"open","template":"","meta":[],"product_brand":[],"product_cat":[15],"product_tag":[],"class_list":{"0":"post-15705","1":"product","2":"type-product","3":"status-publish","5":"product_cat-unkategorisiert","7":"first","8":"onbackorder","9":"taxable","10":"shipping-taxable","11":"purchasable","12":"product-type-simple"},"yoast_head":"<!-- This site is optimized with the Yoast SEO plugin v27.4 - https:\/\/yoast.com\/product\/yoast-seo-wordpress\/ -->\n<title>Enganche de inercia en V tipo ZE3500, 0 a 3500kg<\/title>\n<meta name=\"description\" content=\"conexi\u00f3n 165\/207mm, carga en bola 350kg, versi\u00f3n instalaci\u00f3n de lanza de remolque abajo + arriba, tubo de tracci\u00f3n giratorio: s\u00ed (360\u00b0), sin elementos de aco...\" \/>\n<meta name=\"robots\" content=\"index, follow, max-snippet:-1, max-image-preview:large, max-video-preview:-1\" \/>\n<link rel=\"canonical\" href=\"https:\/\/trailer-center.shop\/es\/producto\/instalacion-de-lanza-de-remolque-v-tipo-profi-ze3500-0-a-3500kg-1730936-1730936\/\" \/>\n<meta property=\"og:locale\" content=\"es_ES\" \/>\n<meta property=\"og:type\" content=\"article\" \/>\n<meta property=\"og:title\" content=\"Enganche de inercia en V tipo ZE3500, 0 a 3500kg\" \/>\n<meta property=\"og:description\" content=\"conexi\u00f3n 165\/207mm, carga en bola 350kg, versi\u00f3n instalaci\u00f3n de lanza de remolque abajo + arriba, tubo de tracci\u00f3n giratorio: s\u00ed (360\u00b0), sin elementos de aco...\" \/>\n<meta property=\"og:url\" content=\"https:\/\/trailer-center.shop\/es\/producto\/instalacion-de-lanza-de-remolque-v-tipo-profi-ze3500-0-a-3500kg-1730936-1730936\/\" \/>\n<meta property=\"og:site_name\" content=\"Trailer Center Discount\" \/>\n<meta property=\"article:modified_time\" content=\"2021-05-06T08:49:23+00:00\" \/>\n<meta property=\"og:image\" content=\"https:\/\/trailer-center.shop\/wp-content\/uploads\/2021\/04\/alko-ze3500-e1-55r-01-1649.jpg\" \/>\n\t<meta property=\"og:image:width\" content=\"1024\" \/>\n\t<meta property=\"og:image:height\" content=\"1024\" \/>\n\t<meta property=\"og:image:type\" content=\"image\/jpeg\" \/>\n<meta name=\"twitter:card\" content=\"summary_large_image\" \/>\n<meta name=\"twitter:label1\" content=\"Tiempo de lectura\" \/>\n\t<meta name=\"twitter:data1\" content=\"1 minuto\" \/>\n<script type=\"application\/ld+json\" class=\"yoast-schema-graph\">{\"@context\":\"https:\\\/\\\/schema.org\",\"@graph\":[{\"@type\":\"WebPage\",\"@id\":\"https:\\\/\\\/trailer-center.shop\\\/es\\\/producto\\\/instalacion-de-lanza-de-remolque-v-tipo-profi-ze3500-0-a-3500kg-1730936-1730936\\\/\",\"url\":\"https:\\\/\\\/trailer-center.shop\\\/es\\\/producto\\\/instalacion-de-lanza-de-remolque-v-tipo-profi-ze3500-0-a-3500kg-1730936-1730936\\\/\",\"name\":\"Enganche de inercia en V tipo ZE3500, 0 a 3500kg\",\"isPartOf\":{\"@id\":\"https:\\\/\\\/trailer-center.shop\\\/es\\\/#website\"},\"datePublished\":\"2021-05-06T08:49:21+00:00\",\"dateModified\":\"2021-05-06T08:49:23+00:00\",\"description\":\"conexi\u00f3n 165\\\/207mm, carga en bola 350kg, versi\u00f3n instalaci\u00f3n de lanza de remolque abajo + arriba, tubo de tracci\u00f3n giratorio: s\u00ed (360\u00b0), sin elementos de aco...\",\"breadcrumb\":{\"@id\":\"https:\\\/\\\/trailer-center.shop\\\/es\\\/producto\\\/instalacion-de-lanza-de-remolque-v-tipo-profi-ze3500-0-a-3500kg-1730936-1730936\\\/#breadcrumb\"},\"inLanguage\":\"es\",\"potentialAction\":[{\"@type\":\"ReadAction\",\"target\":[\"https:\\\/\\\/trailer-center.shop\\\/es\\\/producto\\\/instalacion-de-lanza-de-remolque-v-tipo-profi-ze3500-0-a-3500kg-1730936-1730936\\\/\"]}]},{\"@type\":\"BreadcrumbList\",\"@id\":\"https:\\\/\\\/trailer-center.shop\\\/es\\\/producto\\\/instalacion-de-lanza-de-remolque-v-tipo-profi-ze3500-0-a-3500kg-1730936-1730936\\\/#breadcrumb\",\"itemListElement\":[{\"@type\":\"ListItem\",\"position\":1,\"name\":\"Startseite\",\"item\":\"https:\\\/\\\/trailer-center.shop\\\/es\\\/\"},{\"@type\":\"ListItem\",\"position\":2,\"name\":\"Shop\",\"item\":\"https:\\\/\\\/trailer-center.shop\\\/shop\\\/\"},{\"@type\":\"ListItem\",\"position\":3,\"name\":\"Instalaci\u00f3n de lanza de remolque V tipo PROFI ZE3500, 0 a 3500kg, 1730936 &#8211; 1730936\"}]},{\"@type\":\"WebSite\",\"@id\":\"https:\\\/\\\/trailer-center.shop\\\/es\\\/#website\",\"url\":\"https:\\\/\\\/trailer-center.shop\\\/es\\\/\",\"name\":\"Trailer Center Discount\",\"description\":\"The world of Trailer parts\",\"potentialAction\":[{\"@type\":\"SearchAction\",\"target\":{\"@type\":\"EntryPoint\",\"urlTemplate\":\"https:\\\/\\\/trailer-center.shop\\\/es\\\/?s={search_term_string}\"},\"query-input\":{\"@type\":\"PropertyValueSpecification\",\"valueRequired\":true,\"valueName\":\"search_term_string\"}}],\"inLanguage\":\"es\"}]}<\/script>\n<!-- \/ Yoast SEO plugin. -->","yoast_head_json":{"title":"Enganche de inercia en V tipo ZE3500, 0 a 3500kg","description":"conexi\u00f3n 165\/207mm, carga en bola 350kg, versi\u00f3n instalaci\u00f3n de lanza de remolque abajo + arriba, tubo de tracci\u00f3n giratorio: s\u00ed (360\u00b0), sin elementos de aco...","robots":{"index":"index","follow":"follow","max-snippet":"max-snippet:-1","max-image-preview":"max-image-preview:large","max-video-preview":"max-video-preview:-1"},"canonical":"https:\/\/trailer-center.shop\/es\/producto\/instalacion-de-lanza-de-remolque-v-tipo-profi-ze3500-0-a-3500kg-1730936-1730936\/","og_locale":"es_ES","og_type":"article","og_title":"Enganche de inercia en V tipo ZE3500, 0 a 3500kg","og_description":"conexi\u00f3n 165\/207mm, carga en bola 350kg, versi\u00f3n instalaci\u00f3n de lanza de remolque abajo + arriba, tubo de tracci\u00f3n giratorio: s\u00ed (360\u00b0), sin elementos de aco...","og_url":"https:\/\/trailer-center.shop\/es\/producto\/instalacion-de-lanza-de-remolque-v-tipo-profi-ze3500-0-a-3500kg-1730936-1730936\/","og_site_name":"Trailer Center Discount","article_modified_time":"2021-05-06T08:49:23+00:00","og_image":[{"width":1024,"height":1024,"url":"https:\/\/trailer-center.shop\/wp-content\/uploads\/2021\/04\/alko-ze3500-e1-55r-01-1649.jpg","type":"image\/jpeg"}],"twitter_card":"summary_large_image","twitter_misc":{"Tiempo de lectura":"1 minuto"},"schema":{"@context":"https:\/\/schema.org","@graph":[{"@type":"WebPage","@id":"https:\/\/trailer-center.shop\/es\/producto\/instalacion-de-lanza-de-remolque-v-tipo-profi-ze3500-0-a-3500kg-1730936-1730936\/","url":"https:\/\/trailer-center.shop\/es\/producto\/instalacion-de-lanza-de-remolque-v-tipo-profi-ze3500-0-a-3500kg-1730936-1730936\/","name":"Enganche de inercia en V tipo ZE3500, 0 a 3500kg","isPartOf":{"@id":"https:\/\/trailer-center.shop\/es\/#website"},"datePublished":"2021-05-06T08:49:21+00:00","dateModified":"2021-05-06T08:49:23+00:00","description":"conexi\u00f3n 165\/207mm, carga en bola 350kg, versi\u00f3n instalaci\u00f3n de lanza de remolque abajo + arriba, tubo de tracci\u00f3n giratorio: s\u00ed (360\u00b0), sin elementos de aco...","breadcrumb":{"@id":"https:\/\/trailer-center.shop\/es\/producto\/instalacion-de-lanza-de-remolque-v-tipo-profi-ze3500-0-a-3500kg-1730936-1730936\/#breadcrumb"},"inLanguage":"es","potentialAction":[{"@type":"ReadAction","target":["https:\/\/trailer-center.shop\/es\/producto\/instalacion-de-lanza-de-remolque-v-tipo-profi-ze3500-0-a-3500kg-1730936-1730936\/"]}]},{"@type":"BreadcrumbList","@id":"https:\/\/trailer-center.shop\/es\/producto\/instalacion-de-lanza-de-remolque-v-tipo-profi-ze3500-0-a-3500kg-1730936-1730936\/#breadcrumb","itemListElement":[{"@type":"ListItem","position":1,"name":"Startseite","item":"https:\/\/trailer-center.shop\/es\/"},{"@type":"ListItem","position":2,"name":"Shop","item":"https:\/\/trailer-center.shop\/shop\/"},{"@type":"ListItem","position":3,"name":"Instalaci\u00f3n de lanza de remolque V tipo PROFI ZE3500, 0 a 3500kg, 1730936 &#8211; 1730936"}]},{"@type":"WebSite","@id":"https:\/\/trailer-center.shop\/es\/#website","url":"https:\/\/trailer-center.shop\/es\/","name":"Trailer Center Discount","description":"The world of Trailer parts","potentialAction":[{"@type":"SearchAction","target":{"@type":"EntryPoint","urlTemplate":"https:\/\/trailer-center.shop\/es\/?s={search_term_string}"},"query-input":{"@type":"PropertyValueSpecification","valueRequired":true,"valueName":"search_term_string"}}],"inLanguage":"es"}]}},"_links":{"self":[{"href":"https:\/\/trailer-center.shop\/es\/wp-json\/wp\/v2\/product\/15705","targetHints":{"allow":["GET"]}}],"collection":[{"href":"https:\/\/trailer-center.shop\/es\/wp-json\/wp\/v2\/product"}],"about":[{"href":"https:\/\/trailer-center.shop\/es\/wp-json\/wp\/v2\/types\/product"}],"replies":[{"embeddable":true,"href":"https:\/\/trailer-center.shop\/es\/wp-json\/wp\/v2\/comments?post=15705"}],"wp:attachment":[{"href":"https:\/\/trailer-center.shop\/es\/wp-json\/wp\/v2\/media?parent=15705"}],"wp:term":[{"taxonomy":"product_brand","embeddable":true,"href":"https:\/\/trailer-center.shop\/es\/wp-json\/wp\/v2\/product_brand?post=15705"},{"taxonomy":"product_cat","embeddable":true,"href":"https:\/\/trailer-center.shop\/es\/wp-json\/wp\/v2\/product_cat?post=15705"},{"taxonomy":"product_tag","embeddable":true,"href":"https:\/\/trailer-center.shop\/es\/wp-json\/wp\/v2\/product_tag?post=15705"}],"curies":[{"name":"wp","href":"https:\/\/api.w.org\/{rel}","templated":true}]}}